{"id":131,"date":"2019-10-03T15:41:00","date_gmt":"2019-10-03T13:41:00","guid":{"rendered":"https:\/\/www.melita.io\/?page_id=131"},"modified":"2019-11-04T12:59:40","modified_gmt":"2019-11-04T11:59:40","slug":"non-eu-processors","status":"publish","type":"page","link":"https:\/\/www.melita.io\/de\/non-eu-processors\/","title":{"rendered":"Non EU Processors"},"content":{"rendered":"\n<h1 class=\"text-secondary\">Non EU Processors<\/h1>\n\n\n\n<p>Melita may be required to transfer your Personal Data to recipients located outside of the EU. In doing so Melita ensures that the 3rd party recipients are either subject to an adequacy decision or to appropriate safeguards in accordance with the General Data Protection Regulation (Regulation (EU) 2016\/679) and any other applicable legislation and that Melita has a justifiable ground for such a transfer, such as Our legitimate interest.<\/p>\n\n\n\n<p>Melita\u2019s has third party processors situated in:<\/p>\n\n\n\n<p>USA<\/p>\n","protected":false},"excerpt":{"rendered":"<p>Non EU Processors Melita may be required to transfer your Personal Data to recipients located outside of the EU. In doing so Melita ensures that the 3rd party recipients are either subject to an adequacy decision or to appropriate safeguards in accordance with the General Data Protection Regulation (Regulation (EU) 2016\/679) and any other applicable [&hellip;]<\/p>\n","protected":false},"author":1,"featured_media":0,"parent":0,"menu_order":0,"comment_status":"closed","ping_status":"closed","template":"","meta":{"_acf_changed":false,"footnotes":""},"class_list":["post-131","page","type-page","status-publish","hentry"],"acf":[],"yoast_head":"\n<title>Non EU Processors - melita.io<\/title>\n<meta name=\"description\" content=\"Informationen \u00fcber meltia.io Datenverarbeitung, Privatsph\u00e4re und \u00dcbereinstimmung mit Regularien wie DSGVO.\" \/>\n<meta name=\"robots\" content=\"index, follow, max-snippet:-1, max-image-preview:large, max-video-preview:-1\" \/>\n<link rel=\"canonical\" href=\"https:\/\/www.melita.io\/de\/non-eu-processors\/\" \/>\n<meta property=\"og:locale\" content=\"de_DE\" \/>\n<meta property=\"og:type\" content=\"article\" \/>\n<meta property=\"og:title\" content=\"Non EU Processors - melita.io\" \/>\n<meta property=\"og:description\" content=\"Informationen \u00fcber meltia.io Datenverarbeitung, Privatsph\u00e4re und \u00dcbereinstimmung mit Regularien wie DSGVO.\" \/>\n<meta property=\"og:url\" content=\"https:\/\/www.melita.io\/de\/non-eu-processors\/\" \/>\n<meta property=\"og:site_name\" content=\"melita.io\" \/>\n<meta property=\"article:modified_time\" content=\"2019-11-04T11:59:40+00:00\" \/>\n<meta property=\"og:image\" content=\"https:\/\/www.melita.io\/wp-content\/uploads\/2025\/07\/melitaio-og-image.png\" \/>\n\t<meta property=\"og:image:width\" content=\"1200\" \/>\n\t<meta property=\"og:image:height\" content=\"630\" \/>\n\t<meta property=\"og:image:type\" content=\"image\/png\" \/>\n<meta name=\"twitter:card\" content=\"summary_large_image\" \/>\n<script type=\"application\/ld+json\" class=\"yoast-schema-graph\">{\"@context\":\"https:\/\/schema.org\",\"@graph\":[{\"@type\":\"WebPage\",\"@id\":\"https:\/\/www.melita.io\/de\/non-eu-processors\/\",\"url\":\"https:\/\/www.melita.io\/de\/non-eu-processors\/\",\"name\":\"Non EU Processors - melita.io\",\"isPartOf\":{\"@id\":\"https:\/\/www.melita.io\/de\/#website\"},\"datePublished\":\"2019-10-03T13:41:00+00:00\",\"dateModified\":\"2019-11-04T11:59:40+00:00\",\"description\":\"Informationen \u00fcber meltia.io Datenverarbeitung, Privatsph\u00e4re und \u00dcbereinstimmung mit Regularien wie DSGVO.\",\"breadcrumb\":{\"@id\":\"https:\/\/www.melita.io\/de\/non-eu-processors\/#breadcrumb\"},\"inLanguage\":\"de\",\"potentialAction\":[{\"@type\":\"ReadAction\",\"target\":[\"https:\/\/www.melita.io\/de\/non-eu-processors\/\"]}]},{\"@type\":\"BreadcrumbList\",\"@id\":\"https:\/\/www.melita.io\/de\/non-eu-processors\/#breadcrumb\",\"itemListElement\":[{\"@type\":\"ListItem\",\"position\":1,\"name\":\"home\",\"item\":\"https:\/\/www.melita.io\/de\/\"},{\"@type\":\"ListItem\",\"position\":2,\"name\":\"Non EU Processors\"}]},{\"@type\":\"WebSite\",\"@id\":\"https:\/\/www.melita.io\/de\/#website\",\"url\":\"https:\/\/www.melita.io\/de\/\",\"name\":\"melita.io\",\"description\":\"Europ\u00e4isches M2M connectivity Netzwerk\",\"publisher\":{\"@id\":\"https:\/\/www.melita.io\/de\/#organization\"},\"potentialAction\":[{\"@type\":\"SearchAction\",\"target\":{\"@type\":\"EntryPoint\",\"urlTemplate\":\"https:\/\/www.melita.io\/de\/?s={search_term_string}\"},\"query-input\":{\"@type\":\"PropertyValueSpecification\",\"valueRequired\":true,\"valueName\":\"search_term_string\"}}],\"inLanguage\":\"de\"},{\"@type\":\"Organization\",\"@id\":\"https:\/\/www.melita.io\/de\/#organization\",\"name\":\"Melita.io\",\"url\":\"https:\/\/www.melita.io\/de\/\",\"logo\":{\"@type\":\"ImageObject\",\"inLanguage\":\"de\",\"@id\":\"https:\/\/www.melita.io\/de\/#\/schema\/logo\/image\/\",\"url\":\"https:\/\/www.melita.io\/wp-content\/uploads\/2020\/11\/melita-io-logo.png\",\"contentUrl\":\"https:\/\/www.melita.io\/wp-content\/uploads\/2020\/11\/melita-io-logo.png\",\"width\":130,\"height\":50,\"caption\":\"Melita.io\"},\"image\":{\"@id\":\"https:\/\/www.melita.io\/de\/#\/schema\/logo\/image\/\"}}]}<\/script>\n","yoast_head_json":{"title":"Non EU Processors - melita.io","description":"Informationen \u00fcber meltia.io Datenverarbeitung, Privatsph\u00e4re und \u00dcbereinstimmung mit Regularien wie DSGVO.","robots":{"index":"index","follow":"follow","max-snippet":"max-snippet:-1","max-image-preview":"max-image-preview:large","max-video-preview":"max-video-preview:-1"},"canonical":"https:\/\/www.melita.io\/de\/non-eu-processors\/","og_locale":"de_DE","og_type":"article","og_title":"Non EU Processors - melita.io","og_description":"Informationen \u00fcber meltia.io Datenverarbeitung, Privatsph\u00e4re und \u00dcbereinstimmung mit Regularien wie DSGVO.","og_url":"https:\/\/www.melita.io\/de\/non-eu-processors\/","og_site_name":"melita.io","article_modified_time":"2019-11-04T11:59:40+00:00","og_image":[{"width":1200,"height":630,"url":"https:\/\/www.melita.io\/wp-content\/uploads\/2025\/07\/melitaio-og-image.png","type":"image\/png"}],"twitter_card":"summary_large_image","schema":{"@context":"https:\/\/schema.org","@graph":[{"@type":"WebPage","@id":"https:\/\/www.melita.io\/de\/non-eu-processors\/","url":"https:\/\/www.melita.io\/de\/non-eu-processors\/","name":"Non EU Processors - melita.io","isPartOf":{"@id":"https:\/\/www.melita.io\/de\/#website"},"datePublished":"2019-10-03T13:41:00+00:00","dateModified":"2019-11-04T11:59:40+00:00","description":"Informationen \u00fcber meltia.io Datenverarbeitung, Privatsph\u00e4re und \u00dcbereinstimmung mit Regularien wie DSGVO.","breadcrumb":{"@id":"https:\/\/www.melita.io\/de\/non-eu-processors\/#breadcrumb"},"inLanguage":"de","potentialAction":[{"@type":"ReadAction","target":["https:\/\/www.melita.io\/de\/non-eu-processors\/"]}]},{"@type":"BreadcrumbList","@id":"https:\/\/www.melita.io\/de\/non-eu-processors\/#breadcrumb","itemListElement":[{"@type":"ListItem","position":1,"name":"home","item":"https:\/\/www.melita.io\/de\/"},{"@type":"ListItem","position":2,"name":"Non EU Processors"}]},{"@type":"WebSite","@id":"https:\/\/www.melita.io\/de\/#website","url":"https:\/\/www.melita.io\/de\/","name":"melita.io","description":"Europ\u00e4isches M2M connectivity Netzwerk","publisher":{"@id":"https:\/\/www.melita.io\/de\/#organization"},"potentialAction":[{"@type":"SearchAction","target":{"@type":"EntryPoint","urlTemplate":"https:\/\/www.melita.io\/de\/?s={search_term_string}"},"query-input":{"@type":"PropertyValueSpecification","valueRequired":true,"valueName":"search_term_string"}}],"inLanguage":"de"},{"@type":"Organization","@id":"https:\/\/www.melita.io\/de\/#organization","name":"Melita.io","url":"https:\/\/www.melita.io\/de\/","logo":{"@type":"ImageObject","inLanguage":"de","@id":"https:\/\/www.melita.io\/de\/#\/schema\/logo\/image\/","url":"https:\/\/www.melita.io\/wp-content\/uploads\/2020\/11\/melita-io-logo.png","contentUrl":"https:\/\/www.melita.io\/wp-content\/uploads\/2020\/11\/melita-io-logo.png","width":130,"height":50,"caption":"Melita.io"},"image":{"@id":"https:\/\/www.melita.io\/de\/#\/schema\/logo\/image\/"}}]}},"_links":{"self":[{"href":"https:\/\/www.melita.io\/de\/wp-json\/wp\/v2\/pages\/131","targetHints":{"allow":["GET"]}}],"collection":[{"href":"https:\/\/www.melita.io\/de\/wp-json\/wp\/v2\/pages"}],"about":[{"href":"https:\/\/www.melita.io\/de\/wp-json\/wp\/v2\/types\/page"}],"author":[{"embeddable":true,"href":"https:\/\/www.melita.io\/de\/wp-json\/wp\/v2\/users\/1"}],"replies":[{"embeddable":true,"href":"https:\/\/www.melita.io\/de\/wp-json\/wp\/v2\/comments?post=131"}],"version-history":[{"count":0,"href":"https:\/\/www.melita.io\/de\/wp-json\/wp\/v2\/pages\/131\/revisions"}],"wp:attachment":[{"href":"https:\/\/www.melita.io\/de\/wp-json\/wp\/v2\/media?parent=131"}],"curies":[{"name":"wp","href":"https:\/\/api.w.org\/{rel}","templated":true}]}}