{"id":147,"date":"2019-10-04T09:53:28","date_gmt":"2019-10-04T07:53:28","guid":{"rendered":"https:\/\/www.melita.io\/?page_id=147"},"modified":"2026-04-22T10:18:05","modified_gmt":"2026-04-22T08:18:05","slug":"impressum","status":"publish","type":"page","link":"https:\/\/www.melita.io\/de\/impressum\/","title":{"rendered":"Impressum"},"content":{"rendered":"\n<h1 class=\"text-secondary\">Impressum<\/h1>\n\n\n\n<div style=\"height:50px\" aria-hidden=\"true\" class=\"wp-block-spacer\"><\/div>\n\n\n\n<figure class=\"wp-block-image size-full is-resized\"><img decoding=\"async\" width=\"649\" height=\"199\" src=\"https:\/\/www.melita.io\/wp-content\/uploads\/2024\/09\/melita-logo.png\" alt=\"melita-logo\" class=\"wp-image-8277\" style=\"width:200px\" srcset=\"https:\/\/www.melita.io\/wp-content\/uploads\/2024\/09\/melita-logo.png 649w, https:\/\/www.melita.io\/wp-content\/uploads\/2024\/09\/melita-logo-300x92.png 300w\" sizes=\"(max-width: 649px) 100vw, 649px\" \/><\/figure>\n\n\n\n<p><strong>Melita Limited<\/strong><\/p>\n\n\n\n<div style=\"height:20px\" aria-hidden=\"true\" class=\"wp-block-spacer\"><\/div>\n\n\n\n<p><strong>Melita Limited<\/strong> ist ein nach maltesischem Recht gegr\u00fcndetes Unternehmen, das im Malta Business Registry registriert ist und von der Malta Communications Authority als Telekommunikations- und Mobilfunknetzbetreiber lizenziert wurde.<\/p>\n\n\n\n<div style=\"height:20px\" aria-hidden=\"true\" class=\"wp-block-spacer\"><\/div>\n\n\n\n<p><strong><strong>Eingetragene Adresse<\/strong>:<\/strong> Gasan Centre, Triq il-Merghat, Zone 1, Central Business District, Birkirkara, CBD1020 Malta<br><strong><strong>Telefon<\/strong>:<\/strong> +356 2727 9000<br><strong><strong>E-Mail<\/strong>:<\/strong> <a href=\"mailto:support@melita.io\">support@melita.io<\/a><br><strong><strong>Webseite<\/strong>:<\/strong> <a href=\"https:\/\/www.melita.io\/de\/\">www.melita.io<\/a><br><strong><strong>Umsatzsteuer-Identifikationsnummer<\/strong>:<\/strong> MT1021-0507<br><strong><strong>Handelsregisternummer<\/strong>:<\/strong> C 12715<br><strong><strong>Vertretungsberechtigte<\/strong>r:<\/strong> Harald R\u00f6sch<\/p>\n\n\n\n<div style=\"height:41px\" aria-hidden=\"true\" class=\"wp-block-spacer\"><\/div>\n\n\n\n<p>Rechtliche Informationen zu melita.io, einer Marke von Melita Limited.<\/p>\n\n\n\n<div style=\"height:40px\" aria-hidden=\"true\" class=\"wp-block-spacer\"><\/div>\n\n\n\n<figure class=\"wp-block-image size-full is-resized\"><img decoding=\"async\" width=\"317\" height=\"66\" src=\"https:\/\/www.melita.io\/wp-content\/uploads\/2025\/07\/melita-io-logo.png\" alt=\"\" class=\"wp-image-9246\" style=\"width:240px;height:auto\" srcset=\"https:\/\/www.melita.io\/wp-content\/uploads\/2025\/07\/melita-io-logo.png 317w, https:\/\/www.melita.io\/wp-content\/uploads\/2025\/07\/melita-io-logo-300x62.png 300w\" sizes=\"(max-width: 317px) 100vw, 317px\" \/><\/figure>\n\n\n\n<p><strong>MIOT melita.io Technology GmbH<\/strong><\/p>\n\n\n\n<div style=\"height:20px\" aria-hidden=\"true\" class=\"wp-block-spacer\"><\/div>\n\n\n\n<p><strong>MIOT melita.io Technology GmbH<\/strong> ist eine Tochtergesellschaft der <strong>Melita Limited<\/strong>, eingetragen in Deutschland unter der Handelsregisternummer 23\/183. Das Unternehmen wurde in Deutschland gegr\u00fcndet und ist unter der Registrierung des Amtsgerichts Charlottenburg t\u00e4tig. Melita Limited ist unter der Registernummer 19\/157 eingetragen und gem\u00e4\u00df dem Telekommunikationsgesetz von der Bundesnetzagentur, Deutschland, zertifiziert.<\/p>\n\n\n\n<p>Die Unternehmensangaben erfolgen gem\u00e4\u00df \u00a7 5 des deutschen Digitale-Dienste-Gesetzes (5 DDG).<\/p>\n\n\n\n<div style=\"height:20px\" aria-hidden=\"true\" class=\"wp-block-spacer\"><\/div>\n\n\n\n<p><strong><strong>Verantwortlich f\u00fcr \u201eLoRaWAN\u201c-Produkte und -Dienstleistungen:<\/strong><br>MIOT melita.io Technology GmbH<\/strong><\/p>\n\n\n\n<div style=\"height:20px\" aria-hidden=\"true\" class=\"wp-block-spacer\"><\/div>\n\n\n\n<p><strong><strong>Eingetragene Adresse<\/strong>: <\/strong>Novalisstra\u00dfe 10 10115 Berlin, Deutschland<br><strong><strong>Telefon<\/strong>:<\/strong> +49 (0)30 209 949 56<br><strong><strong>E-Mail<\/strong>:<\/strong> <a href=\"mailto:support.de@melita.io\">support.de@melita.io<\/a><br><strong><strong>Webseite<\/strong>:<\/strong> <a href=\"https:\/\/www.melita.com\/\">www.melita.io<\/a><br><strong><strong>Umsatzsteuer-Identifikationsnummer<\/strong>: <\/strong>DE333726581<br><strong><strong>Handelsregisternummer<\/strong>:<\/strong> HRB 219416<br><strong><strong>Vertretungsberechtigte<\/strong>r:<\/strong> Tobias Stiepak<br>Inhaltlich verantwortlich gem\u00e4\u00df \u00a7 18 Abs. 2 MStV<\/p>\n\n\n\n<div style=\"height:20px\" aria-hidden=\"true\" class=\"wp-block-spacer\"><\/div>\n\n\n\n<p><strong><strong>Verantwortlich f\u00fcr die \u201eMobile IoT\u201c-Produkte, einschlie\u00dflich Lifetime IoT SIM und zugeh\u00f6riger Dienste:<\/strong><\/strong><\/p>\n\n\n\n<div style=\"height:20px\" aria-hidden=\"true\" class=\"wp-block-spacer\"><\/div>\n\n\n\n<p><strong>Melita Limited<\/strong> ein nach maltesischem Recht gegr\u00fcndetes Unternehmen, das im Malta Business Registry registriert ist und von der Malta Communications Authority als Telekommunikations- und Mobilfunknetzbetreiber lizenziert wurde.<\/p>\n\n\n\n<div style=\"height:20px\" aria-hidden=\"true\" class=\"wp-block-spacer\"><\/div>\n\n\n\n<p><strong><strong>Eingetragene Adresse<\/strong>:<\/strong> Gasan Centre, Triq il-Merghat, Zone 1, Central Business<br>District, Birkirkara, CBD1020 Malta<br><strong><strong>Telefon<\/strong>:<\/strong> +356 27 27 9000<br><strong><strong>E-Mail<\/strong>:<\/strong> support@melita.io<br><strong><strong>Webseite<\/strong>:<\/strong> www.melita.io<br><strong><strong>Umsatzsteuer-Identifikationsnummer<\/strong>:<\/strong> MT1021-0507<br><strong><strong>Handelsregisternummer<\/strong>:<\/strong> C 12715<br><strong>Vertretungsberechtigter:<\/strong> Harald R\u00f6sch<\/p>\n\n\n\n<div style=\"height:20px\" aria-hidden=\"true\" class=\"wp-block-spacer\"><\/div>\n\n\n\n<p><strong>DHF Holdings GmbH<\/strong><\/p>\n\n\n\n<div style=\"height:20px\" aria-hidden=\"true\" class=\"wp-block-spacer\"><\/div>\n\n\n\n<p><strong>DHF Holdings GmbH<\/strong>&nbsp;ist ein ordnungsgem\u00e4\u00df in Deutschland gegr\u00fcndetes und t\u00e4tiges Unternehmen und befindet sich vollst\u00e4ndig im Eigentum von Melita Limited. Die Bereitstellung von Produkten und Dienstleistungen erfolgt ausschlie\u00dflich \u00fcber die Tochtergesellschaften Crout GmbH und conekkt GmbH gem\u00e4\u00df den jeweiligen Gesch\u00e4ftsbedingungen und Vereinbarungen.<\/p>\n\n\n\n<div style=\"height:20px\" aria-hidden=\"true\" class=\"wp-block-spacer\"><\/div>\n\n\n\n<p><strong><strong>Eingetragene Adresse<\/strong>:<\/strong> Echterdingerstr. 57, 70794 Filderstadt, Amtsgericht Stuttgart, Deutschland.<br><strong><strong>Telefon<\/strong>:<\/strong> +49 711 49 03 555<br><strong><strong>Umsatzsteuer-Identifikationsnummer<\/strong>:<\/strong> DE327503120<br><strong><strong>Registergericht<\/strong>:<\/strong> Amtsgericht Stuttgart<br><strong><strong>Handelsregisternummer<\/strong>:<\/strong> HRB 770456<br><strong><strong>Vertretungsberechtigte<\/strong>r:<\/strong> Frank Markus Kiesewetter und Michel Zwijnenberg<\/p>\n\n\n\n<div style=\"height:40px\" aria-hidden=\"true\" class=\"wp-block-spacer\"><\/div>\n\n\n\n<p><a id=\"_msocom_1\"><\/a><\/p>\n\n\n\n<figure class=\"wp-block-image size-full is-resized\"><img decoding=\"async\" width=\"2216\" height=\"811\" src=\"https:\/\/www.melita.io\/wp-content\/uploads\/2025\/07\/crout_by_melitaio_crout_colors_full_color_RGB.png\" alt=\"\" class=\"wp-image-9321\" style=\"width:180px;height:auto\" srcset=\"https:\/\/www.melita.io\/wp-content\/uploads\/2025\/07\/crout_by_melitaio_crout_colors_full_color_RGB.png 2216w, https:\/\/www.melita.io\/wp-content\/uploads\/2025\/07\/crout_by_melitaio_crout_colors_full_color_RGB-300x110.png 300w, https:\/\/www.melita.io\/wp-content\/uploads\/2025\/07\/crout_by_melitaio_crout_colors_full_color_RGB-1024x375.png 1024w, https:\/\/www.melita.io\/wp-content\/uploads\/2025\/07\/crout_by_melitaio_crout_colors_full_color_RGB-768x281.png 768w, https:\/\/www.melita.io\/wp-content\/uploads\/2025\/07\/crout_by_melitaio_crout_colors_full_color_RGB-1536x562.png 1536w, https:\/\/www.melita.io\/wp-content\/uploads\/2025\/07\/crout_by_melitaio_crout_colors_full_color_RGB-2048x750.png 2048w\" sizes=\"(max-width: 2216px) 100vw, 2216px\" \/><\/figure>\n\n\n\n<div style=\"height:20px\" aria-hidden=\"true\" class=\"wp-block-spacer\"><\/div>\n\n\n\n<p><strong>Crout GmbH<\/strong><\/p>\n\n\n\n<div style=\"height:20px\" aria-hidden=\"true\" class=\"wp-block-spacer\"><\/div>\n\n\n\n<p>Die <strong>Crout GmbH<\/strong> ist eine Tochtergesellschaft der DHF Holdings GmbH, einem in Deutschland gegr\u00fcndeten und t\u00e4tigen Unternehmen, das sich vollst\u00e4ndig im Eigentum von Melita Limited befindet. Die Crout GmbH ist f\u00fcr die Bereitstellung von IoT-Produkten und -Dienstleistungen gem\u00e4\u00df den Bedingungen des Crout-Vertrags verantwortlich.<\/p>\n\n\n\n<div style=\"height:20px\" aria-hidden=\"true\" class=\"wp-block-spacer\"><\/div>\n\n\n\n<p><strong><strong>Eingetragene Adresse<\/strong>:<\/strong> Echterdingerstr. 57, 70794 Filderstadt, Amtsgericht Stuttgart, Deutschland.<br><strong><strong>Telefon<\/strong>:<\/strong> +49 711 49 03 555<br><strong><strong>E-Mail<\/strong>:<\/strong> <a href=\"mailto:info@crout.eu\">info@crout.eu<\/a><br><strong><strong>Webseite<\/strong>:<\/strong> <a href=\"https:\/\/www.crout.de\">www.crout.de<\/a><br><strong><strong>Umsatzsteuer-Identifikationsnummer<\/strong>:<\/strong> DE288962486<br><strong><strong>Registergericht<\/strong>:<\/strong> Amtsgericht Stuttgart<br><strong><strong>Handelsregisternummer<\/strong>: HRB 744744<\/strong><br><strong><strong>Vertretungsberechtigte<\/strong>r:<\/strong> Frank Markus Kiesewetter<\/p>\n\n\n\n<div style=\"height:42px\" aria-hidden=\"true\" class=\"wp-block-spacer\"><\/div>\n\n\n\n<p><a id=\"_msocom_1\"><\/a><\/p>\n\n\n\n<figure class=\"wp-block-image size-full is-resized\"><img decoding=\"async\" width=\"500\" height=\"199\" src=\"https:\/\/www.melita.io\/wp-content\/uploads\/2025\/07\/conekkt-logo-horiz-500x200-1.png\" alt=\"\" class=\"wp-image-9377\" style=\"width:260px;height:auto\" srcset=\"https:\/\/www.melita.io\/wp-content\/uploads\/2025\/07\/conekkt-logo-horiz-500x200-1.png 500w, https:\/\/www.melita.io\/wp-content\/uploads\/2025\/07\/conekkt-logo-horiz-500x200-1-300x119.png 300w\" sizes=\"(max-width: 500px) 100vw, 500px\" \/><\/figure>\n\n\n\n<div style=\"height:20px\" aria-hidden=\"true\" class=\"wp-block-spacer\"><\/div>\n\n\n\n<p><strong>conekkt<\/strong> <strong>GmbH<\/strong><\/p>\n\n\n\n<div style=\"height:20px\" aria-hidden=\"true\" class=\"wp-block-spacer\"><\/div>\n\n\n\n<p>Die <strong>conekkt<\/strong> <strong>GmbH<\/strong> ist eine Tochtergesellschaft der DHF Holdings GmbH, einem in Deutschland gegr\u00fcndeten und t\u00e4tigen Unternehmen, das sich vollst\u00e4ndig im Eigentum von Melita Limited befindet. Die conekkt GmbH ist f\u00fcr die Bereitstellung von IoT-Produkten und -Dienstleistungen gem\u00e4\u00df den Bedingungen des conekkt-Vertrags verantwortlich.<\/p>\n\n\n\n<div style=\"height:20px\" aria-hidden=\"true\" class=\"wp-block-spacer\"><\/div>\n\n\n\n<p><strong><strong>Eingetragene Adresse<\/strong>:<\/strong> Echterdingerstr. 57, 70794 Filderstadt, Amtsgericht Stuttgart, Deutschland.<br><strong><strong>Telefon<\/strong>:<\/strong> +49 711 49 03 555<br><strong><strong>E-Mail<\/strong>:<\/strong> <a href=\"mailto:info@conekkt.com\">info@conekkt.com<\/a><br><strong><strong>Webseite<\/strong>:<\/strong> <a href=\"https:\/\/www.conekkt.de\">www.conekkt.de<\/a><br><strong><strong>Umsatzsteuer-Identifikationsnummer<\/strong>:<\/strong> DE334994945<br><strong><strong>Registergericht<\/strong>:<\/strong> Amtsgericht Stuttgart<br><strong><strong>Handelsregisternummer<\/strong>:<\/strong> HRB 775050<br><strong><strong>Vertretungsberechtigte<\/strong>r:<\/strong> Frank Markus Kiesewetter<\/p>\n\n\n\n<div style=\"height:20px\" aria-hidden=\"true\" class=\"wp-block-spacer\"><\/div>\n\n\n\n<p><strong>netmore M2M AB<\/strong><\/p>\n\n\n\n<div style=\"height:20px\" aria-hidden=\"true\" class=\"wp-block-spacer\"><\/div>\n\n\n\n<p><strong>netmore M2M AB<\/strong> ist ein in Schweden gegr\u00fcndetes und t\u00e4tiges Unternehmen und wird von Melita Limited rechtlich vertreten und gehalten. netmore M2M AB ist f\u00fcr die Bereitstellung von IoT-SIM-Produkten und -Dienstleistungen gem\u00e4\u00df den geltenden Gesch\u00e4ftsbedingungen und Vereinbarungen verantwortlich.<\/p>\n\n\n\n<div style=\"height:20px\" aria-hidden=\"true\" class=\"wp-block-spacer\"><\/div>\n\n\n\n<p><strong><strong>Eingetragene Adresse<\/strong>:<\/strong> H\u00e4lsingegatan 49, 113 31 Stockholm, Schweden.<br><strong><strong>E-Mail<\/strong>:<\/strong> <a href=\"mailto:support@melita.io\">support@melita.io<\/a><br><strong><strong>Webseite<\/strong>:<\/strong> <a href=\"https:\/\/www.melita.io\/de\/\">www.melita.io<\/a><br><strong><strong>Umsatzsteuer-Identifikationsnummer<\/strong>:<\/strong> MT1021-0507<br><strong><strong>Handelsregisternummer<\/strong>:<\/strong> C 12715<br><strong><strong><strong>Vertretungsberechtigter<\/strong><\/strong>:<\/strong> Harald R\u00f6sch<\/p>\n\n\n\n<div style=\"height:20px\" aria-hidden=\"true\" class=\"wp-block-spacer\"><\/div>\n\n\n\n<p><strong><strong>Verbraucherschlichtung \/ Universalschlichtungsstelle<\/strong><\/strong><br>Wir sind weder bereit noch verpflichtet, an Streitbeilegungsverfahren vor einer Verbraucherschlichtungsstelle teilzunehmen.<\/p>\n\n\n\n<p>melita.io ist eine eingetragene Marke von Melita Limited.<\/p>\n","protected":false},"excerpt":{"rendered":"<p>Impressum Melita Limited Melita Limited ist ein nach maltesischem Recht gegr\u00fcndetes Unternehmen, das im Malta Business Registry registriert ist und von der Malta Communications Authority als Telekommunikations- und Mobilfunknetzbetreiber lizenziert wurde. Eingetragene Adresse: Gasan Centre, Triq il-Merghat, Zone 1, Central Business District, Birkirkara, CBD1020 MaltaTelefon: +356 2727 9000E-Mail: support@melita.ioWebseite: www.melita.ioUmsatzsteuer-Identifikationsnummer: MT1021-0507Handelsregisternummer: C 12715Vertretungsberechtigter: Harald R\u00f6sch [&hellip;]<\/p>\n","protected":false},"author":1,"featured_media":0,"parent":0,"menu_order":0,"comment_status":"closed","ping_status":"closed","template":"","meta":{"_acf_changed":false,"footnotes":""},"class_list":["post-147","page","type-page","status-publish","hentry"],"acf":[],"yoast_head":"\n<title>Impressum - melita.io<\/title>\n<meta name=\"description\" content=\"Rechtliche Hinweise \u00fcber melita.io als eine Marke von Melita Ltd - regulierter und lizensierter Mobilfunkanbieter.\" \/>\n<meta name=\"robots\" content=\"index, follow, max-snippet:-1, max-image-preview:large, max-video-preview:-1\" \/>\n<link rel=\"canonical\" href=\"https:\/\/www.melita.io\/de\/impressum\/\" \/>\n<meta property=\"og:locale\" content=\"de_DE\" \/>\n<meta property=\"og:type\" content=\"article\" \/>\n<meta property=\"og:title\" content=\"Impressum - melita.io\" \/>\n<meta property=\"og:description\" content=\"Rechtliche Hinweise \u00fcber melita.io als eine Marke von Melita Ltd - regulierter und lizensierter Mobilfunkanbieter.\" \/>\n<meta property=\"og:url\" content=\"https:\/\/www.melita.io\/de\/impressum\/\" \/>\n<meta property=\"og:site_name\" content=\"melita.io\" \/>\n<meta property=\"article:modified_time\" content=\"2026-04-22T08:18:05+00:00\" \/>\n<meta property=\"og:image\" content=\"https:\/\/www.melita.io\/wp-content\/uploads\/2024\/09\/melita-logo.png\" \/>\n\t<meta property=\"og:image:width\" content=\"649\" \/>\n\t<meta property=\"og:image:height\" content=\"199\" \/>\n\t<meta property=\"og:image:type\" content=\"image\/png\" \/>\n<meta name=\"twitter:card\" content=\"summary_large_image\" \/>\n<meta name=\"twitter:label1\" content=\"Gesch\u00e4tzte Lesezeit\" \/>\n\t<meta name=\"twitter:data1\" content=\"4\u00a0Minuten\" \/>\n<script type=\"application\/ld+json\" class=\"yoast-schema-graph\">{\"@context\":\"https:\/\/schema.org\",\"@graph\":[{\"@type\":\"WebPage\",\"@id\":\"https:\/\/www.melita.io\/de\/impressum\/\",\"url\":\"https:\/\/www.melita.io\/de\/impressum\/\",\"name\":\"Impressum - melita.io\",\"isPartOf\":{\"@id\":\"https:\/\/www.melita.io\/de\/#website\"},\"primaryImageOfPage\":{\"@id\":\"https:\/\/www.melita.io\/de\/impressum\/#primaryimage\"},\"image\":{\"@id\":\"https:\/\/www.melita.io\/de\/impressum\/#primaryimage\"},\"thumbnailUrl\":\"https:\/\/www.melita.io\/wp-content\/uploads\/2024\/09\/melita-logo.png\",\"datePublished\":\"2019-10-04T07:53:28+00:00\",\"dateModified\":\"2026-04-22T08:18:05+00:00\",\"description\":\"Rechtliche Hinweise \u00fcber melita.io als eine Marke von Melita Ltd - regulierter und lizensierter Mobilfunkanbieter.\",\"breadcrumb\":{\"@id\":\"https:\/\/www.melita.io\/de\/impressum\/#breadcrumb\"},\"inLanguage\":\"de\",\"potentialAction\":[{\"@type\":\"ReadAction\",\"target\":[\"https:\/\/www.melita.io\/de\/impressum\/\"]}]},{\"@type\":\"ImageObject\",\"inLanguage\":\"de\",\"@id\":\"https:\/\/www.melita.io\/de\/impressum\/#primaryimage\",\"url\":\"https:\/\/www.melita.io\/wp-content\/uploads\/2024\/09\/melita-logo.png\",\"contentUrl\":\"https:\/\/www.melita.io\/wp-content\/uploads\/2024\/09\/melita-logo.png\"},{\"@type\":\"BreadcrumbList\",\"@id\":\"https:\/\/www.melita.io\/de\/impressum\/#breadcrumb\",\"itemListElement\":[{\"@type\":\"ListItem\",\"position\":1,\"name\":\"home\",\"item\":\"https:\/\/www.melita.io\/de\/\"},{\"@type\":\"ListItem\",\"position\":2,\"name\":\"Impressum\"}]},{\"@type\":\"WebSite\",\"@id\":\"https:\/\/www.melita.io\/de\/#website\",\"url\":\"https:\/\/www.melita.io\/de\/\",\"name\":\"melita.io\",\"description\":\"Europ\u00e4isches M2M connectivity Netzwerk\",\"publisher\":{\"@id\":\"https:\/\/www.melita.io\/de\/#organization\"},\"potentialAction\":[{\"@type\":\"SearchAction\",\"target\":{\"@type\":\"EntryPoint\",\"urlTemplate\":\"https:\/\/www.melita.io\/de\/?s={search_term_string}\"},\"query-input\":{\"@type\":\"PropertyValueSpecification\",\"valueRequired\":true,\"valueName\":\"search_term_string\"}}],\"inLanguage\":\"de\"},{\"@type\":\"Organization\",\"@id\":\"https:\/\/www.melita.io\/de\/#organization\",\"name\":\"Melita.io\",\"url\":\"https:\/\/www.melita.io\/de\/\",\"logo\":{\"@type\":\"ImageObject\",\"inLanguage\":\"de\",\"@id\":\"https:\/\/www.melita.io\/de\/#\/schema\/logo\/image\/\",\"url\":\"https:\/\/www.melita.io\/wp-content\/uploads\/2020\/11\/melita-io-logo.png\",\"contentUrl\":\"https:\/\/www.melita.io\/wp-content\/uploads\/2020\/11\/melita-io-logo.png\",\"width\":130,\"height\":50,\"caption\":\"Melita.io\"},\"image\":{\"@id\":\"https:\/\/www.melita.io\/de\/#\/schema\/logo\/image\/\"}}]}<\/script>\n","yoast_head_json":{"title":"Impressum - melita.io","description":"Rechtliche Hinweise \u00fcber melita.io als eine Marke von Melita Ltd - regulierter und lizensierter Mobilfunkanbieter.","robots":{"index":"index","follow":"follow","max-snippet":"max-snippet:-1","max-image-preview":"max-image-preview:large","max-video-preview":"max-video-preview:-1"},"canonical":"https:\/\/www.melita.io\/de\/impressum\/","og_locale":"de_DE","og_type":"article","og_title":"Impressum - melita.io","og_description":"Rechtliche Hinweise \u00fcber melita.io als eine Marke von Melita Ltd - regulierter und lizensierter Mobilfunkanbieter.","og_url":"https:\/\/www.melita.io\/de\/impressum\/","og_site_name":"melita.io","article_modified_time":"2026-04-22T08:18:05+00:00","og_image":[{"width":649,"height":199,"url":"https:\/\/www.melita.io\/wp-content\/uploads\/2024\/09\/melita-logo.png","type":"image\/png"}],"twitter_card":"summary_large_image","twitter_misc":{"Gesch\u00e4tzte Lesezeit":"4\u00a0Minuten"},"schema":{"@context":"https:\/\/schema.org","@graph":[{"@type":"WebPage","@id":"https:\/\/www.melita.io\/de\/impressum\/","url":"https:\/\/www.melita.io\/de\/impressum\/","name":"Impressum - melita.io","isPartOf":{"@id":"https:\/\/www.melita.io\/de\/#website"},"primaryImageOfPage":{"@id":"https:\/\/www.melita.io\/de\/impressum\/#primaryimage"},"image":{"@id":"https:\/\/www.melita.io\/de\/impressum\/#primaryimage"},"thumbnailUrl":"https:\/\/www.melita.io\/wp-content\/uploads\/2024\/09\/melita-logo.png","datePublished":"2019-10-04T07:53:28+00:00","dateModified":"2026-04-22T08:18:05+00:00","description":"Rechtliche Hinweise \u00fcber melita.io als eine Marke von Melita Ltd - regulierter und lizensierter Mobilfunkanbieter.","breadcrumb":{"@id":"https:\/\/www.melita.io\/de\/impressum\/#breadcrumb"},"inLanguage":"de","potentialAction":[{"@type":"ReadAction","target":["https:\/\/www.melita.io\/de\/impressum\/"]}]},{"@type":"ImageObject","inLanguage":"de","@id":"https:\/\/www.melita.io\/de\/impressum\/#primaryimage","url":"https:\/\/www.melita.io\/wp-content\/uploads\/2024\/09\/melita-logo.png","contentUrl":"https:\/\/www.melita.io\/wp-content\/uploads\/2024\/09\/melita-logo.png"},{"@type":"BreadcrumbList","@id":"https:\/\/www.melita.io\/de\/impressum\/#breadcrumb","itemListElement":[{"@type":"ListItem","position":1,"name":"home","item":"https:\/\/www.melita.io\/de\/"},{"@type":"ListItem","position":2,"name":"Impressum"}]},{"@type":"WebSite","@id":"https:\/\/www.melita.io\/de\/#website","url":"https:\/\/www.melita.io\/de\/","name":"melita.io","description":"Europ\u00e4isches M2M connectivity Netzwerk","publisher":{"@id":"https:\/\/www.melita.io\/de\/#organization"},"potentialAction":[{"@type":"SearchAction","target":{"@type":"EntryPoint","urlTemplate":"https:\/\/www.melita.io\/de\/?s={search_term_string}"},"query-input":{"@type":"PropertyValueSpecification","valueRequired":true,"valueName":"search_term_string"}}],"inLanguage":"de"},{"@type":"Organization","@id":"https:\/\/www.melita.io\/de\/#organization","name":"Melita.io","url":"https:\/\/www.melita.io\/de\/","logo":{"@type":"ImageObject","inLanguage":"de","@id":"https:\/\/www.melita.io\/de\/#\/schema\/logo\/image\/","url":"https:\/\/www.melita.io\/wp-content\/uploads\/2020\/11\/melita-io-logo.png","contentUrl":"https:\/\/www.melita.io\/wp-content\/uploads\/2020\/11\/melita-io-logo.png","width":130,"height":50,"caption":"Melita.io"},"image":{"@id":"https:\/\/www.melita.io\/de\/#\/schema\/logo\/image\/"}}]}},"_links":{"self":[{"href":"https:\/\/www.melita.io\/de\/wp-json\/wp\/v2\/pages\/147","targetHints":{"allow":["GET"]}}],"collection":[{"href":"https:\/\/www.melita.io\/de\/wp-json\/wp\/v2\/pages"}],"about":[{"href":"https:\/\/www.melita.io\/de\/wp-json\/wp\/v2\/types\/page"}],"author":[{"embeddable":true,"href":"https:\/\/www.melita.io\/de\/wp-json\/wp\/v2\/users\/1"}],"replies":[{"embeddable":true,"href":"https:\/\/www.melita.io\/de\/wp-json\/wp\/v2\/comments?post=147"}],"version-history":[{"count":16,"href":"https:\/\/www.melita.io\/de\/wp-json\/wp\/v2\/pages\/147\/revisions"}],"predecessor-version":[{"id":10630,"href":"https:\/\/www.melita.io\/de\/wp-json\/wp\/v2\/pages\/147\/revisions\/10630"}],"wp:attachment":[{"href":"https:\/\/www.melita.io\/de\/wp-json\/wp\/v2\/media?parent=147"}],"curies":[{"name":"wp","href":"https:\/\/api.w.org\/{rel}","templated":true}]}}