{"id":2687,"date":"2022-06-01T13:54:53","date_gmt":"2022-06-01T11:54:53","guid":{"rendered":"https:\/\/www.melita.io\/iot-connectivity\/"},"modified":"2023-04-20T16:51:05","modified_gmt":"2023-04-20T14:51:05","slug":"konnektivitat-iot","status":"publish","type":"page","link":"https:\/\/www.melita.io\/de\/konnektivitat-iot\/","title":{"rendered":"Konnektivitat IoT"},"content":{"rendered":"\r\n<div class=\"mobile-iot-awareness-template\">\r\n\r\n \r\n <section class=\"fold-hero fold-default bg-grey\">\r\n <div class=\"wrapper\">\r\n\r\n <div class=\"logo-wrap\">\r\n <img decoding=\"async\" class=\"logo\" src=\"https:\/\/www.melita.io\/wp-content\/plugins\/melita-iot-custom-pages\/\/img\/campaigns\/mobile-iot\/logo.svg\" alt=\"\">\r\n <\/div>\r\n\r\n \r\n <div class=\"fold-details col-xs-12 col-md-7\">\r\n\r\n <h1 class=\"fold-title\">IoT SIM-Karten mit Datenpool und best network quality<\/h1>\r\n\r\n \r\n <ul class=\"fold-list\">\r\n <li class=\"list-item\">\r\n <i class=\"list-item-icon material-symbols-outlined\">sim_card<\/i>\r\n <span>Eine IoT-SIM-Karte - mehrere Netze, Weltweite Abdeckung<\/span>\r\n <\/li>\r\n <li class=\"list-item\">\r\n <i class=\"list-item-icon material-symbols-outlined\">loyalty<\/i>\r\n <span>Abrechnung nur aktivierter SIM Karten<\/span>\r\n <\/li>\r\n <li class=\"list-item\">\r\n <i class=\"list-item-icon material-symbols-outlined\">public<\/i>\r\n <span>5\u20ac pro GB Datenpool, Abrechnung nach aktuellem Verbrauch<\/span>\r\n <\/li>\r\n <li class=\"list-item\">\r\n <i class=\"list-item-icon material-symbols-outlined\">dashboard<\/i>\r\n <span>IoT-SIM-Kundenportal inklusive<\/span>\r\n <\/li>\r\n <\/ul>\r\n\r\n \r\n <div class=\"button-wrap\">\r\n <button class=\"button-default button-open-modal\" data-custom-open=\"request-quote-modal\"\r\n data-product=\"M2M Standard\">Jetzt Bestellen <\/button>\r\n <button class=\"button-default secondary\" scroll-from=\"fold-product\">Mehr Erfahren<\/button>\r\n <\/div>\r\n\r\n <\/div>\r\n\r\n\r\n \r\n <div class=\"fold-img-wrap col-xs-12 col-sm\">\r\n <img decoding=\"async\" class=\"logo\" src=\"https:\/\/www.melita.io\/wp-content\/plugins\/melita-iot-custom-pages\/\/img\/campaigns\/melita-io\/iot-sims.png\" alt=\"\">\r\n <\/div>\r\n\r\n\r\n <\/div>\r\n <\/section>\r\n\r\n \r\n <section class=\"fold-default bg-gradient fold-plan\" scroll-to=\"fold-product\">\r\n <div class=\"wrapper\">\r\n\r\n \r\n <div class=\"fold-details col-lg-7\">\r\n\r\n \r\n <h2 class=\"fold-title\">Der richtige IoT-SIM Tarif f\u00fcr Ihre Bed\u00fcrfnisse<\/h2>\r\n\r\n \r\n <div class=\"fold-desc\">\r\n <p>Die Auswahl der Konnektivit\u00e4t f\u00fcr IoT Anwendungen hat einen gro\u00dfen Stellenwert. Eine m\u00f6glichst\r\n kosteng\u00fcnstige, aber auch sichere und verl\u00e4ssliche Konnektivit\u00e4t f\u00fcr die Ger\u00e4te mu\u00df es sein. <\/p>\r\n\r\n <p>Zur Unterstreichung des kundenzentrierten Ansatzes bietet der Datenpool eine effiziente M\u00f6glichkeit, dieses\r\n Datenkontingent auf Ihre SIM-Karten zu verteilen. Dies bedeutet geringere Kosten f\u00fcr das ben\u00f6tigte\r\n Datenvolumen pro SIM-Karte. <\/p>\r\n\r\n <p>Da das M2M-Gesch\u00e4ft so vielseitig wie das Leben selbst ist, bieten wir bei unseren Vertr\u00e4gen maximale\r\n Flexibilit\u00e4t. Laufzeitvertr\u00e4ge, oder monatliche Verl\u00e4ngerungen, Sie haben die Wahl. <\/p>\r\n\r\n <p>Gern unterst\u00fctzen wir Ihre IoT-Anwendung weltweit mit unsren IoT SIM-Karten. Wir haben pro Land fast immer\r\n mindestens 2 Anbieter als Vordienstleister. Mit unseren g\u00fcnstigen Datentarifen, flexiblen Vertragsmodellen\r\n und Sicherheitsfeatures haben wir schon Startups, mittelst\u00e4ndische Unternehmen, als auch internationale\r\n Gro\u00dfkonzerne \u00fcberzeugt.<\/p>\r\n <\/div>\r\n <\/div>\r\n <\/div>\r\n <\/section>\r\n\r\n \r\n <section class=\"fold-plan-features fold-default\">\r\n <div class=\"wrapper\">\r\n\r\n \r\n <div class=\"features col-lg-7\">\r\n\r\n <div class=\"feature col-xs-12 col-sm-6\">\r\n <i class=\"feature-icon material-icons\">public<\/i>\r\n <div class=\"feature-details\">\r\n <h3 class=\"feature-title\">Globale Abdeckung<\/h3>\r\n <div class=\"feature-desc\">\r\n <p>Best network quality f\u00fcr Ihre M2M- und IoT-Konnektivit\u00e4t \u00fcber mehrere Netzwerke mit GPRS, 4G, 5G, LTE-M\r\n and NB-IoT<\/p>\r\n <\/div>\r\n <\/div>\r\n <\/div>\r\n <div class=\"feature col-xs-12 col-sm-6\">\r\n <i class=\"feature-icon material-icons\">swap_calls<\/i>\r\n <div class=\"feature-details\">\r\n <h3 class=\"feature-title\">Flexible Vertragsdauer<\/h3>\r\n <div class=\"feature-desc\">\r\n <p>W\u00e4hlen Sie zwischen vertraglichen und monatlichen Optionen, die Ihren Projekt- und Budgetanforderungen\r\n entsprechen<\/p>\r\n <\/div>\r\n <\/div>\r\n <\/div>\r\n <div class=\"feature col-xs-12 col-sm-6\">\r\n <i class=\"feature-icon material-symbols-outlined\">captive_portal<\/i>\r\n <div class=\"feature-details\">\r\n <h3 class=\"feature-title\">SIM-Verwaltungsplattform<\/h3>\r\n <div class=\"feature-desc\">\r\n <p>Verwalten Sie Ihre IoT SIMs \u00fcber eine benutzerfreundliche und sichere GUI. Verwalten Sie auch Benutzer\r\n und vergeben Zugriffsrechte<\/p>\r\n <\/div>\r\n <\/div>\r\n <\/div>\r\n <div class=\"feature col-xs-12 col-sm-6\">\r\n <i class=\"feature-icon material-symbols-outlined\">verified_user<\/i>\r\n <div class=\"feature-details\">\r\n <h3 class=\"feature-title\">Erweiterte IoT-Sicherheit<\/h3>\r\n <div class=\"feature-desc\">\r\n <p>Erweiterte Funktionen wie private APN, IPSec, L2TP, private statische IP f\u00fcr Ihre IoT SIMs<\/p>\r\n <\/div>\r\n <\/div>\r\n <\/div>\r\n <div class=\"feature col-xs-12 col-sm-6\">\r\n <i class=\"feature-icon material-icons\">webhook<\/i>\r\n <div class=\"feature-details\">\r\n <h3 class=\"feature-title\">API-Set f\u00fcr die Integration<\/h3>\r\n <div class=\"feature-desc\">\r\n <p>Nahtlose Integration mit Ihrem CRM oder einer anderen Anwendung zur \u00dcberwachung und Kontrolle Ihres IoT\r\n SIM-Bestands<\/p>\r\n <\/div>\r\n <\/div>\r\n <\/div>\r\n <div class=\"feature col-xs-12 col-sm-6\">\r\n <i class=\"feature-icon material-symbols-outlined\">group<\/i>\r\n <div class=\"feature-details\">\r\n <h3 class=\"feature-title\">Partner f\u00fcr L\u00f6sungen<\/h3>\r\n <div class=\"feature-desc\">\r\n <p>Treten Sie unserem Partner-\u00d6kosystem bei und nutzen Sie dessen Vorteile, indem Sie Ihren Kunden eine\r\n Komplettl\u00f6sung f\u00fcr viele andere IoT-Branchen anbieten k\u00f6nnen<\/p>\r\n <\/div>\r\n <\/div>\r\n <\/div>\r\n\r\n <\/div>\r\n\r\n \r\n <div class=\"plan-card-wrap col-sm\">\r\n <div class=\"plan-card\">\r\n\r\n <img decoding=\"async\" class=\"sim-card\" src=\"https:\/\/www.melita.io\/wp-content\/plugins\/melita-iot-custom-pages\/\/img\/campaigns\/mobile-iot\/iot-sim-card.png\" alt=\"\">\r\n\r\n <h2 class=\"plan-card-title\">Pay per use<\/h2>\r\n\r\n <div class=\"price-container\">\r\n <p class=\"price\">1\r\n <span class=\"currency\">\u20ac<\/span>\r\n <\/p>\r\n <p class=\"unit\">pro SIM pro Monat<\/p>\r\n <p class=\"unit\">Nur f\u00fcr aktivierte IoT SIM Karten<\/p>\r\n <\/div>\r\n\r\n <div class=\"card-features\">\r\n <div class=\"card-feature\">\r\n <div class=\"feature-title-wrap\">\r\n <h3 class=\"feature-title\">Daten:<\/h3>\r\n <\/div>\r\n <div class=\"feature-desc\">\r\n <p>5\u20ac pro GB Datenpool in \u00fcber 60 L\u00e4ndern, darunter Europa, Nordamerika und mehr; Abrechnung nach\r\n aktuellem Verbrauch<\/p>\r\n <\/div>\r\n <\/div>\r\n <div class=\"card-feature\">\r\n <div class=\"feature-title-wrap\">\r\n <h3 class=\"feature-title\">Abdeckung:<\/h3>\r\n <\/div>\r\n <div class=\"feature-desc\">\r\n <p>Weltweit in \u00fcber <span class=\"country-count\"><\/span> L\u00e4ndern<\/p>\r\n <\/div>\r\n <\/div>\r\n <div class=\"card-feature\">\r\n <div class=\"feature-title-wrap\">\r\n <h3 class=\"feature-title\">Konnektivit\u00e4tsoptionen:<\/h3>\r\n <\/div>\r\n <div class=\"feature-desc\">\r\n <p>GPRS, 4G, 5G, LTE-M und NB-IoT<\/p>\r\n <\/div>\r\n <\/div>\r\n <\/div>\r\n\r\n <div class=\"button-wrap\">\r\n <button class=\"button-default button-open-modal\" data-custom-open=\"request-quote-modal\"\r\n data-product=\"M2M Standard\">Jetzt Bestellen<\/button>\r\n <\/div>\r\n <\/div>\r\n <\/div>\r\n\r\n <\/div>\r\n <\/section>\r\n\r\n \r\n <section class=\"fold-default fold-portal-features bg-grey\">\r\n <div class=\"wrapper\">\r\n <div class=\"fold-details\">\r\n\r\n \r\n <h2 class=\"fold-features-title\">Verwalten Sie Ihre IoT-Konnektivit\u00e4t<\/h2>\r\n\r\n \r\n <div class=\"fold-desc\">\r\n <p>Verbessern Sie Ihre Gesch\u00e4ftsabl\u00e4ufe und steigern Sie die Effizienz mit unserer kostenlosen\r\n IoT-SIM-Management-Plattform, die in Ihrem Angebot schon inklusiv enthalten ist. Unsere Plattform wurde von\r\n Grund auf speziell f\u00fcr die Bed\u00fcrfnisse von IoT-Kunden entwickelt und erm\u00f6glicht Ihnen die Verwaltung gro\u00dfer\r\n Mengen von IoT-SIM-Karten und Paketen.<\/p>\r\n <\/div>\r\n\r\n \r\n <div class=\"fold-features-list \">\r\n <div class=\"fold-features-wrap col-lg-9\">\r\n <span class=\"feature-item col-xs-12 col-md-6\">IoT-SIM-Karten und Paketdetails anzeigen<\/span>\r\n <span class=\"feature-item col-xs-12 col-md-6\">Online-Rechnungen und Zahlungen<\/span>\r\n <span class=\"feature-item col-xs-12 col-md-6\">Verwalten mehrerer Benutzer und Profile<\/span>\r\n <span class=\"feature-item col-xs-12 col-md-6\">Sichere Registrierung und 2-Faktor-Authentifizierung<\/span>\r\n <span class=\"feature-item col-xs-12 col-md-6\">Gruppen von IoT-SIM-Karten nach Paket anzeigen<\/span>\r\n <span class=\"feature-item col-xs-12 col-md-6\">Erweiterte \u00dcberwachung und Trigger-Benachrichtigungen<\/span>\r\n <span class=\"feature-item col-xs-12 col-md-6\">\u00dcberwachung und Verwaltung gemeinsamer Daten und SMS<\/span>\r\n <span class=\"feature-item col-xs-12 col-md-6\">Beschriften Sie Ihre IoT-SIM-Karten und Angebote mit einem\r\n nutzerfreundlichen Namen<\/span>\r\n <span class=\"feature-item col-xs-12 col-md-6\">Erweiterte Such- und Filterfunktionalit\u00e4ten<\/span>\r\n <span class=\"feature-item col-xs-12 col-md-6\">Berichte und Visualisierungen zur Nutzung<\/span>\r\n <span class=\"feature-item col-xs-12 col-md-6\">Supportanfragen und Benachrichtigungen<\/span>\r\n <span class=\"feature-item col-xs-12 col-md-6\">API-Set f\u00fcr externe Integration und Anbindung<\/span>\r\n <\/div>\r\n <\/div>\r\n\r\n <div class=\"button-wrap\">\r\n <button class=\"button-default button-open-modal\" data-custom-open=\"request-quote-modal\"\r\n data-product=\"M2M Standard\">Jetzt Bestellen<\/button>\r\n <\/div>\r\n <\/div>\r\n <\/div>\r\n <\/section>\r\n\r\n \r\n <section class=\"fold-images\">\r\n <div class=\"wrapper\">\r\n <div class=\"images-wrap\">\r\n <img decoding=\"async\" class=\"image\" src=\"https:\/\/www.melita.io\/wp-content\/plugins\/melita-iot-custom-pages\/img\/campaigns\/mobile-iot\/img-1.png\" alt=\"\">\r\n <img decoding=\"async\" class=\"image\" src=\"https:\/\/www.melita.io\/wp-content\/plugins\/melita-iot-custom-pages\/img\/campaigns\/mobile-iot\/img-2.png\" alt=\"\">\r\n <img decoding=\"async\" class=\"image\" src=\"https:\/\/www.melita.io\/wp-content\/plugins\/melita-iot-custom-pages\/img\/campaigns\/mobile-iot\/img-3.png\" alt=\"\">\r\n <\/div>\r\n <\/div>\r\n <\/section>\r\n\r\n <section class=\"fold-coverage-title\">\r\n <div class=\"wrapper\">\r\n <div class=\"fold-details\">\r\n <h2 class=\"fold-title\">Globale Abdeckung<\/h2>\r\n <div class=\"fold-desc\">\r\n <p>Beste Verbindungsqualit\u00e4t dank multi-roaming IoT SIMs<\/p>\r\n <\/div>\r\n <\/div>\r\n <\/div>\r\n <\/section>\r\n\r\n \r\n <section class=\"fold-coverage fold-default fold-split fold-table js-country\">\r\n\r\n \r\n <div class=\"fold-img-wrap col-xs-12 col-md-6\">\r\n <div class=\"fold-img\">\r\n <img decoding=\"async\" src=\"https:\/\/www.melita.io\/wp-content\/plugins\/melita-iot-custom-pages\/\/img\/campaigns\/mobile-iot\/iot-world-map.png\" alt=\"\">\r\n <div class=\"pulse-container\"><\/div>\r\n <\/div>\r\n <\/div>\r\n\r\n \r\n <div class=\"fold-details col-xs-12 col-md-6\">\r\n\r\n <div class=\"fold-desc\">\r\n <p>Unsere multi-roaming IoT SIMs verbinden sich mit mehr als einem Mobilfunknetzanbieter pro Land. Der\r\n IoT-Verkehr wird nicht gesteuert, sodass Ihre IoT-SIM-Karten immer mit dem Mobilfunknetz mit der besten\r\n Netzqualit\u00e4t in dem Gebiet verbunden sind, in dem Ihre Anwendungen und Ger\u00e4te betrieben werden.<\/p>\r\n <p>Um die verf\u00fcgbaren Netze im Detail einzusehen, w\u00e4hlen Sie das Land, in dem Sie Konnektivit\u00e4t ben\u00f6tigen, aus\r\n der unten stehenden Dropdown-Liste aus:<\/p>\r\n <\/div>\r\n\r\n \r\n <h2 class=\"fold-title\">Land answ\u00e4hlen<\/h2>\r\n\r\n \r\n <div class=\"country-select select2-country-dropdown hidden width-stretch\">\r\n <select id=\"select2-country\" class=\"select2-country\" data-choose-country=\"Bitte ausw\u00e4hlen\">\r\n <option><\/option>\r\n <\/select>\r\n <\/div>\r\n\r\n \r\n <div class=\"col-xs-12 col-sm-1 text-center table-loader-wrapper margin-auto\">\r\n <span class=\"default-melita-loader\"><\/span>\r\n <\/div>\r\n\r\n \r\n <div class=\"country-table js-country-table hidden fold-default bg-grey\">\r\n <p class=\"col-xs-12 text-center table-heading text-extra-bold js-country-name\"><\/p>\r\n <div class=\"row table-content-titles\">\r\n <div class=\"col-xs-6 title\"><span class=\"text-extra-bold\">Operator<\/span><\/div>\r\n <div class=\"col-xs-6 services\">\r\n <div class=\"row\">\r\n <span class=\"col-xs feature-title text-extra-bold data-roaming-5g-flag\">5G<\/span>\r\n <span class=\"col-xs feature-title text-extra-bold data-roaming-4g-flag\">LTE<\/span>\r\n <span class=\"col-xs feature-title text-extra-bold data-roaming-flag\">GPRS<\/span>\r\n <span class=\"col-xs feature-title text-extra-bold nb-iot-flag\">NB-IoT<\/span>\r\n <span class=\"col-xs feature-title text-extra-bold sms\">SMS<\/span>\r\n <\/div>\r\n <\/div>\r\n <\/div>\r\n <div class=\"table-content\"><\/div>\r\n <\/div>\r\n <\/div>\r\n <\/section>\r\n\r\n \r\n<section class=\"sim-promotion-banner fold-default\">\r\n <div class=\"wrapper\">\r\n <div class=\"fold-details\">\r\n\r\n <h2 class=\"fold-title\">Starten Sie jetzt mit dem besten IoT SIM Tarif f\u00fcr IoT Konnektivit\u00e4t<\/h2>\r\n\r\n <div class=\"fold-desc\">\r\n <p>Unsere zukunftssicheren M2M-Anbindungsl\u00f6sungen basieren auf \u00fcber 30 Jahren Erfahrung in der Telekommunikation. Unsere transparenten und benutzerfreundlichen IoT-Konnektivit\u00e4tsl\u00f6sungen sind in ganz Europa, Nordamerika und dar\u00fcber hinaus verf\u00fcgbar, ohne dass zus\u00e4tzliche Roaming-Geb\u00fchren anfallen.<\/p>\r\n <\/div>\r\n\r\n <div class=\"price-container\">\r\n <p class=\"price\">1\r\n <span class=\"currency\">\u20ac<\/span>\r\n <\/p>\r\n <p class=\"unit\">pro SIM-Karte pro Monat<\/p>\r\n <p class=\"unit\">Nur f\u00fcr aktivierte SIM Karten<\/p>\r\n\r\n <img decoding=\"async\" class=\"sim-card\" src=\"https:\/\/www.melita.io\/wp-content\/plugins\/melita-iot-custom-pages\/img\/campaigns\/mobile-iot\/iot-sim-card.png\" alt=\"\">\r\n <\/div>\r\n\r\n <div class=\"fold-button-wrap\">\r\n <button class=\"button-default secondary\" data-custom-open=\"request-quote-modal\" data-product=\"M2M Standard\">Jetzt Bestellen<\/button>\r\n <\/div>\r\n\r\n <\/div>\r\n <\/div>\r\n<\/section>\r\n <div class=\"fold-default fold-footer bg-grey\">\r\n <div class=\"wrapper text-center\">\r\n <div class=\"fold-details\">\r\n <p><b>Wir sind Ihr IoT Technologiepartner aus Deutschland<\/b><\/p>\r\n <div class=\"address\">\r\n <img decoding=\"async\" class=\"pin\" src=\"https:\/\/www.melita.io\/wp-content\/plugins\/melita-iot-custom-pages\/\/img\/campaigns\/melita-io\/pin.svg\" alt=\"\">\r\n <p>Unsere melita.io B\u00fcros in Deutschland: <br> Novalisstra\u00dfe 10 I 10115 Berlin <br> Richard-Byrd-Stra\u00dfe 6 |\r\n 50829 K\u00f6ln<\/p>\r\n <\/div>\r\n <\/div>\r\n <\/div>\r\n <\/div>\r\n\r\n<\/div>\n","protected":false},"excerpt":{"rendered":"","protected":false},"author":8,"featured_media":0,"parent":0,"menu_order":0,"comment_status":"closed","ping_status":"closed","template":"page-full-width.php","meta":{"_acf_changed":false,"footnotes":""},"class_list":["post-2687","page","type-page","status-publish","hentry"],"acf":[],"yoast_head":"\n<title>Konnektivitat IoT - melita.io<\/title>\n<meta name=\"robots\" content=\"noindex, nofollow\" \/>\n<meta property=\"og:locale\" content=\"de_DE\" \/>\n<meta property=\"og:type\" content=\"article\" \/>\n<meta property=\"og:title\" content=\"Konnektivitat IoT - melita.io\" \/>\n<meta property=\"og:url\" content=\"https:\/\/www.melita.io\/de\/konnektivitat-iot\/\" \/>\n<meta property=\"og:site_name\" content=\"melita.io\" \/>\n<meta property=\"article:modified_time\" content=\"2023-04-20T14:51:05+00:00\" \/>\n<meta property=\"og:image\" content=\"https:\/\/www.melita.io\/wp-content\/uploads\/2025\/07\/melitaio-og-image.png\" \/>\n\t<meta property=\"og:image:width\" content=\"1200\" \/>\n\t<meta property=\"og:image:height\" content=\"630\" \/>\n\t<meta property=\"og:image:type\" content=\"image\/png\" \/>\n<meta name=\"twitter:card\" content=\"summary_large_image\" \/>\n<meta name=\"twitter:label1\" content=\"Gesch\u00e4tzte Lesezeit\" \/>\n\t<meta name=\"twitter:data1\" content=\"1\u00a0Minute\" \/>\n<script type=\"application\/ld+json\" class=\"yoast-schema-graph\">{\"@context\":\"https:\/\/schema.org\",\"@graph\":[{\"@type\":\"WebPage\",\"@id\":\"https:\/\/www.melita.io\/de\/konnektivitat-iot\/\",\"url\":\"https:\/\/www.melita.io\/de\/konnektivitat-iot\/\",\"name\":\"Konnektivitat IoT - melita.io\",\"isPartOf\":{\"@id\":\"https:\/\/www.melita.io\/de\/#website\"},\"datePublished\":\"2022-06-01T11:54:53+00:00\",\"dateModified\":\"2023-04-20T14:51:05+00:00\",\"breadcrumb\":{\"@id\":\"https:\/\/www.melita.io\/de\/konnektivitat-iot\/#breadcrumb\"},\"inLanguage\":\"de\",\"potentialAction\":[{\"@type\":\"ReadAction\",\"target\":[\"https:\/\/www.melita.io\/de\/konnektivitat-iot\/\"]}]},{\"@type\":\"BreadcrumbList\",\"@id\":\"https:\/\/www.melita.io\/de\/konnektivitat-iot\/#breadcrumb\",\"itemListElement\":[{\"@type\":\"ListItem\",\"position\":1,\"name\":\"home\",\"item\":\"https:\/\/www.melita.io\/de\/\"},{\"@type\":\"ListItem\",\"position\":2,\"name\":\"Konnektivitat IoT\"}]},{\"@type\":\"WebSite\",\"@id\":\"https:\/\/www.melita.io\/de\/#website\",\"url\":\"https:\/\/www.melita.io\/de\/\",\"name\":\"melita.io\",\"description\":\"Europ\u00e4isches M2M connectivity Netzwerk\",\"publisher\":{\"@id\":\"https:\/\/www.melita.io\/de\/#organization\"},\"potentialAction\":[{\"@type\":\"SearchAction\",\"target\":{\"@type\":\"EntryPoint\",\"urlTemplate\":\"https:\/\/www.melita.io\/de\/?s={search_term_string}\"},\"query-input\":{\"@type\":\"PropertyValueSpecification\",\"valueRequired\":true,\"valueName\":\"search_term_string\"}}],\"inLanguage\":\"de\"},{\"@type\":\"Organization\",\"@id\":\"https:\/\/www.melita.io\/de\/#organization\",\"name\":\"Melita.io\",\"url\":\"https:\/\/www.melita.io\/de\/\",\"logo\":{\"@type\":\"ImageObject\",\"inLanguage\":\"de\",\"@id\":\"https:\/\/www.melita.io\/de\/#\/schema\/logo\/image\/\",\"url\":\"https:\/\/www.melita.io\/wp-content\/uploads\/2020\/11\/melita-io-logo.png\",\"contentUrl\":\"https:\/\/www.melita.io\/wp-content\/uploads\/2020\/11\/melita-io-logo.png\",\"width\":130,\"height\":50,\"caption\":\"Melita.io\"},\"image\":{\"@id\":\"https:\/\/www.melita.io\/de\/#\/schema\/logo\/image\/\"}}]}<\/script>\n","yoast_head_json":{"title":"Konnektivitat IoT - melita.io","robots":{"index":"noindex","follow":"nofollow"},"og_locale":"de_DE","og_type":"article","og_title":"Konnektivitat IoT - melita.io","og_url":"https:\/\/www.melita.io\/de\/konnektivitat-iot\/","og_site_name":"melita.io","article_modified_time":"2023-04-20T14:51:05+00:00","og_image":[{"width":1200,"height":630,"url":"https:\/\/www.melita.io\/wp-content\/uploads\/2025\/07\/melitaio-og-image.png","type":"image\/png"}],"twitter_card":"summary_large_image","twitter_misc":{"Gesch\u00e4tzte Lesezeit":"1\u00a0Minute"},"schema":{"@context":"https:\/\/schema.org","@graph":[{"@type":"WebPage","@id":"https:\/\/www.melita.io\/de\/konnektivitat-iot\/","url":"https:\/\/www.melita.io\/de\/konnektivitat-iot\/","name":"Konnektivitat IoT - melita.io","isPartOf":{"@id":"https:\/\/www.melita.io\/de\/#website"},"datePublished":"2022-06-01T11:54:53+00:00","dateModified":"2023-04-20T14:51:05+00:00","breadcrumb":{"@id":"https:\/\/www.melita.io\/de\/konnektivitat-iot\/#breadcrumb"},"inLanguage":"de","potentialAction":[{"@type":"ReadAction","target":["https:\/\/www.melita.io\/de\/konnektivitat-iot\/"]}]},{"@type":"BreadcrumbList","@id":"https:\/\/www.melita.io\/de\/konnektivitat-iot\/#breadcrumb","itemListElement":[{"@type":"ListItem","position":1,"name":"home","item":"https:\/\/www.melita.io\/de\/"},{"@type":"ListItem","position":2,"name":"Konnektivitat IoT"}]},{"@type":"WebSite","@id":"https:\/\/www.melita.io\/de\/#website","url":"https:\/\/www.melita.io\/de\/","name":"melita.io","description":"Europ\u00e4isches M2M connectivity Netzwerk","publisher":{"@id":"https:\/\/www.melita.io\/de\/#organization"},"potentialAction":[{"@type":"SearchAction","target":{"@type":"EntryPoint","urlTemplate":"https:\/\/www.melita.io\/de\/?s={search_term_string}"},"query-input":{"@type":"PropertyValueSpecification","valueRequired":true,"valueName":"search_term_string"}}],"inLanguage":"de"},{"@type":"Organization","@id":"https:\/\/www.melita.io\/de\/#organization","name":"Melita.io","url":"https:\/\/www.melita.io\/de\/","logo":{"@type":"ImageObject","inLanguage":"de","@id":"https:\/\/www.melita.io\/de\/#\/schema\/logo\/image\/","url":"https:\/\/www.melita.io\/wp-content\/uploads\/2020\/11\/melita-io-logo.png","contentUrl":"https:\/\/www.melita.io\/wp-content\/uploads\/2020\/11\/melita-io-logo.png","width":130,"height":50,"caption":"Melita.io"},"image":{"@id":"https:\/\/www.melita.io\/de\/#\/schema\/logo\/image\/"}}]}},"_links":{"self":[{"href":"https:\/\/www.melita.io\/de\/wp-json\/wp\/v2\/pages\/2687","targetHints":{"allow":["GET"]}}],"collection":[{"href":"https:\/\/www.melita.io\/de\/wp-json\/wp\/v2\/pages"}],"about":[{"href":"https:\/\/www.melita.io\/de\/wp-json\/wp\/v2\/types\/page"}],"author":[{"embeddable":true,"href":"https:\/\/www.melita.io\/de\/wp-json\/wp\/v2\/users\/8"}],"replies":[{"embeddable":true,"href":"https:\/\/www.melita.io\/de\/wp-json\/wp\/v2\/comments?post=2687"}],"version-history":[{"count":1,"href":"https:\/\/www.melita.io\/de\/wp-json\/wp\/v2\/pages\/2687\/revisions"}],"predecessor-version":[{"id":5458,"href":"https:\/\/www.melita.io\/de\/wp-json\/wp\/v2\/pages\/2687\/revisions\/5458"}],"wp:attachment":[{"href":"https:\/\/www.melita.io\/de\/wp-json\/wp\/v2\/media?parent=2687"}],"curies":[{"name":"wp","href":"https:\/\/api.w.org\/{rel}","templated":true}]}}