{"id":2694,"date":"2022-06-01T13:56:08","date_gmt":"2022-06-01T11:56:08","guid":{"rendered":"https:\/\/www.melita.io\/lorawan-connectivity\/"},"modified":"2025-11-18T10:12:42","modified_gmt":"2025-11-18T09:12:42","slug":"konnektivitat-lorawan","status":"publish","type":"page","link":"https:\/\/www.melita.io\/de\/konnektivitat-lorawan\/","title":{"rendered":"Konnektivitat LoRaWAN"},"content":{"rendered":"\n\r\n\r\n\r\n<div\r\n class=\"lorawan-iot-awareness-template official-campaign\">\r\n\r\n \r\n <section class=\"fold-hero fold-default\">\r\n <div class=\"wrapper\">\r\n\r\n \r\n \r\n <div class=\"fold-details col-xs-12 col-md-8 col-lg-7\">\r\n\r\n \r\n <h1 class=\"fold-title\">\r\n\r\n <span class=\"highlight\">LoRaWAN<\/span>\r\n\r\n \r\n <div class=\"logo-container\">\r\n <img decoding=\"async\" class=\"logo\" src=\"https:\/\/www.melita.io\/wp-content\/plugins\/melita-iot-custom-pages\/img\/campaigns\/lorawan-iot\/lorawan-logo.png\" alt=\"\">\r\n <\/div>\r\n <\/h1>\r\n\r\n \r\n <h2 class=\"fold-subtitle\">\r\n <span>Die Infrastruktur f\u00fcr das Internet der Dinge<\/span>\r\n <\/h2>\r\n\r\n \r\n <ul class=\"fold-list\">\r\n <li>Kosteneffiziente und flexible L\u00f6sung<\/li>\r\n <li>Maximale Energieeffizienz auf Sensorebene<\/li>\r\n <li>Optimale Netzabdeckung einschlie\u00dflich Untergrundgescho\u00dfe<\/li>\r\n <li>Kostenlose Nutzung des Portals zur Verwaltung der Sensoren<\/li>\r\n <\/ul>\r\n\r\n \r\n \r\n <div class=\"button-wrap\">\r\n <button class=\"button-default\" scroll-from=\"fold-benefits\">Einige Der Vorteile<\/button>\r\n <\/div>\r\n\r\n \r\n <\/div>\r\n\r\n \r\n \r\n <div class=\"fold-img-wrap col-xs-12 col-sm\">\r\n <img decoding=\"async\" src=\"https:\/\/www.melita.io\/wp-content\/plugins\/melita-iot-custom-pages\/\/img\/campaigns\/lorawan-iot\/laptop.png\" alt=\"\">\r\n <\/div>\r\n\r\n \r\n\r\n <\/div>\r\n <\/section>\r\n\r\n \r\n <section class=\"fold-data-options\"\r\n style=\"background-image: url('https:\/\/www.melita.io\/wp-content\/plugins\/melita-iot-custom-pages\/\/img\/campaigns\/lorawan-iot\/options-img.png');\">\r\n <div class=\"wrapper\">\r\n\r\n \r\n <div class=\"fold-img-wrap antenna-img\">\r\n <img decoding=\"async\" class=\"fold-img\" src=\"https:\/\/www.melita.io\/wp-content\/plugins\/melita-iot-custom-pages\/\/img\/campaigns\/lorawan-iot\/antenna.png\" alt=\"\">\r\n <\/div>\r\n\r\n \r\n <div class=\"fold-details col-md-7\">\r\n\r\n <h2 class=\"fold-title\">Sichere bidirektionale Verbindung<\/h2>\r\n\r\n <div class=\"fold-img-wrap antenna-img-mob\">\r\n <img decoding=\"async\" class=\"fold-img\" src=\"https:\/\/www.melita.io\/wp-content\/plugins\/melita-iot-custom-pages\/\/img\/campaigns\/lorawan-iot\/antenna.png\" alt=\"\">\r\n <\/div>\r\n\r\n <div class=\"fold-desc\">\r\n <p>Als Netzwerkprovider verstehen wir es, Netzwerke aufzubauen und diese zu betreiben. Ihre verschl\u00fcsselten\r\n Daten werden von den Gateways aufgenommen und an Ihre IoT-Plattform \u00fcbergeben. Zusammen mit unserem\r\n Partnernetzwerk von IoT- Unternehmen k\u00f6nnen wir Ihnen eine Vielzahl an Sensoren f\u00fcr use cases f\u00fcr die\r\n unterschiedlichsten Bereiche anbieten<\/p>\r\n <p>melita.io hilft in partnerschaftlicher Weise Unternehmen und St\u00e4dte auf ihrem Weg in die digitale Zukunft\r\n zu begleiten. Einfach. Kompetent. Fair.<\/p>\r\n <p>Unser Partnernetzwerk, bestehend aus vielen kleinen und gro\u00dfen IoT-Unternehmen, bietet mannigfaltige\r\n L\u00f6sungen f\u00fcr fast alle Kundenbed\u00fcrfnisse. Das Partnernetzwerk bietet uns die M\u00f6glichkeit Anwendungen schnell\r\n anbieten zu k\u00f6nnen und gleichzeitig unseren Anspruch, die Bereitstellung des bestm\u00f6glichen Netzwerkes nicht\r\n aus den Augen zu verlieren. Wir bieten einfache, verst\u00e4ndliche und transparente Produkte und dienen Ihnen\r\n als kompetenter Partner bei der Umsetzung Ihrer Anforderungen.<\/p>\r\n <p>Ihre Anforderungen an die digitale Zukunft ist der Fokus von melita.io.<\/p>\r\n <\/div>\r\n <\/div>\r\n\r\n \r\n <div class=\"fold-options col-xs-12\">\r\n\r\n \r\n <div class=\"fold-option-wrap\">\r\n\r\n \r\n <div class=\"fold-option sensors\">\r\n\r\n \r\n <h3 class=\"option-title\">Sensors<\/h3>\r\n\r\n \r\n <img decoding=\"async\" src=\"https:\/\/www.melita.io\/wp-content\/plugins\/melita-iot-custom-pages\/\/img\/campaigns\/lorawan-iot\/iot-sensors.png\" alt=\"\"\r\n class=\"option-img\">\r\n\r\n \r\n <div class=\"option-desc\">\r\n <p>Sensoren senden verschl\u00fcsselte Daten.<\/p>\r\n <\/div>\r\n\r\n <\/div>\r\n <\/div>\r\n\r\n \r\n <div class=\"fold-option-wrap\">\r\n\r\n \r\n <div class=\"fold-option connectivity\">\r\n\r\n \r\n <h3 class=\"option-title\">Connectivity<\/h3>\r\n\r\n \r\n <img decoding=\"async\" src=\"https:\/\/www.melita.io\/wp-content\/plugins\/melita-iot-custom-pages\/\/img\/campaigns\/lorawan-iot\/iot-connectivity.png\" alt=\"\"\r\n class=\"option-img\">\r\n\r\n \r\n <div class=\"option-desc\">\r\n <p>Aufnahme und nochmalige Verschl\u00fcsselung der vom Sender empfangenen Daten, Durchleitung zur gew\u00fcnschten\r\n API.<\/p>\r\n <\/div>\r\n\r\n <\/div>\r\n <\/div>\r\n\r\n \r\n <div class=\"fold-option-wrap\">\r\n\r\n \r\n <div class=\"fold-option analytics\">\r\n\r\n \r\n <h3 class=\"option-title\">Analytics<\/h3>\r\n\r\n \r\n <img decoding=\"async\" src=\"https:\/\/www.melita.io\/wp-content\/plugins\/melita-iot-custom-pages\/\/img\/campaigns\/lorawan-iot\/iot-analytics.png\" alt=\"\"\r\n class=\"option-img\">\r\n\r\n \r\n <div class=\"option-desc\">\r\n <p>\u00dcbernahme der Daten an der API und Darstellung der Daten f\u00fcr mogliche Analysen.<\/p>\r\n <\/div>\r\n\r\n <\/div>\r\n <\/div>\r\n\r\n <\/div>\r\n\r\n <\/div>\r\n <\/section>\r\n\r\n \r\n <section class=\"fold-default fold-features bg-grey\">\r\n <div class=\"wrapper\">\r\n <div class=\"fold-details\">\r\n\r\n \r\n <h2 class=\"fold-features-title\">Einfache Verwaltung der Sensoren<\/h2>\r\n\r\n \r\n <div class=\"fold-desc\">\r\n <p>Unser Portal ist speziell f\u00fcr die Anforderungen von M2M- und IoT-Anwendungen konzipiert \u2013 auch die\r\n Verwaltung von zahlreichen Sensoren und unterschiedlichen Konfigurationen wird damit zum Kinderspiel.<\/p>\r\n <\/div>\r\n\r\n \r\n <div class=\"fold-features-list \">\r\n <div class=\"fold-features-wrap col-lg-9\">\r\n\r\n <div class=\"feature-item-column col-xs-12 col-sm-6\">\r\n <span class=\"feature-item\">\u00dcbersicht aller Sensoren und Details<\/span>\r\n <span class=\"feature-item\">Verwaltung von mehreren Usern & Profilen<\/span>\r\n <span class=\"feature-item\">Erweiterte Such- und Filterfunktionen<\/span>\r\n <span class=\"feature-item\">Supportanfragen & -mitteilungen<\/span>\r\n <\/div>\r\n <div class=\"feature-item-column col-xs-12 col-sm-6\">\r\n <span class=\"feature-item\">Sichere Registrierung und 2-Faktor-Authentifizierung<\/span>\r\n <span class=\"feature-item\">\"Friendly Names\" f\u00fcr Sensoren und Vertr\u00e4ge<\/span>\r\n <span class=\"feature-item\">Webhook oder REST-API-Kit zur Ausleitung verschl\u00fcsselter Sensordaten an Ihre\r\n Systeme<\/span>\r\n <\/div>\r\n\r\n\r\n\r\n <\/div>\r\n <\/div>\r\n <\/div>\r\n <\/div>\r\n <\/section>\r\n\r\n \r\n <section class=\"fold-images\">\r\n <div class=\"wrapper\">\r\n <div class=\"images-wrap\">\r\n <img decoding=\"async\" class=\"image\" src=\"https:\/\/www.melita.io\/wp-content\/plugins\/melita-iot-custom-pages\/img\/campaigns\/lorawan-iot\/img-1.png\" alt=\"\">\r\n <img decoding=\"async\" class=\"image\" src=\"https:\/\/www.melita.io\/wp-content\/plugins\/melita-iot-custom-pages\/img\/campaigns\/lorawan-iot\/img-2.png\" alt=\"\">\r\n <img decoding=\"async\" class=\"image\" src=\"https:\/\/www.melita.io\/wp-content\/plugins\/melita-iot-custom-pages\/img\/campaigns\/lorawan-iot\/img-3.png\" alt=\"\">\r\n <\/div>\r\n <\/div>\r\n <\/section>\r\n\r\n <section class=\"fold-default bg-white fold-benefits\" scroll-to=\"fold-benefits\">\r\n <div class=\"wrapper center-xs padding-bottom-0\">\r\n <div class=\"fold-details col-xs-12\">\r\n <h2 class=\"fold-title\">Einige Vorteile auf einen Blick<\/h2>\r\n <\/div>\r\n\r\n <div class=\"features\">\r\n\r\n <div class=\"feature-box col-sm-4 col-md-3 fold-details \">\r\n <div class=\"features-icon\">\r\n <img decoding=\"async\" class=\"icon\" src=\"https:\/\/www.melita.io\/wp-content\/plugins\/melita-iot-custom-pages\/\/img\/campaigns\/lorawan-iot\/icons\/icon-wifi.svg\" alt=\"wifi\">\r\n <\/div>\r\n <div class=\"features-content\">\r\n <h4 class=\"fold-title\">Carriergrade IoT Funknetzwerk f\u00fcr Ihre Anwendung<\/h4>\r\n <\/div>\r\n <\/div>\r\n\r\n <div class=\"feature-box col-sm-4 col-md-3 fold-details \">\r\n <div class=\"features-icon\">\r\n <img decoding=\"async\" class=\"icon\" src=\"https:\/\/www.melita.io\/wp-content\/plugins\/melita-iot-custom-pages\/\/img\/campaigns\/lorawan-iot\/icons\/best-connectivity.svg\"\r\n alt=\"best-connectivity\">\r\n <\/div>\r\n <div class=\"features-content\">\r\n <h4 class=\"fold-title\">Webhook oder REST API f\u00fcr Rohdaten der Sensoren<\/h4>\r\n <\/div>\r\n <\/div>\r\n\r\n <div class=\"feature-box col-sm-4 col-md-3 fold-details \">\r\n <div class=\"features-icon\">\r\n <img decoding=\"async\" class=\"icon\" src=\"https:\/\/www.melita.io\/wp-content\/plugins\/melita-iot-custom-pages\/\/img\/campaigns\/lorawan-iot\/icons\/icon-person.svg\"\r\n alt=\"person\">\r\n <\/div>\r\n <div class=\"features-content\">\r\n <h4 class=\"fold-title\">Einfaches Registieren der Sensoren \u00fcber IoT Portal<\/h4>\r\n <\/div>\r\n <\/div>\r\n\r\n <div class=\"feature-box col-sm-4 col-md-3 fold-details \">\r\n <div class=\"features-icon\">\r\n <img decoding=\"async\" class=\"icon\" src=\"https:\/\/www.melita.io\/wp-content\/plugins\/melita-iot-custom-pages\/\/img\/campaigns\/lorawan-iot\/icons\/icon-battery.svg\"\r\n alt=\"battery\">\r\n <\/div>\r\n <div class=\"features-content\">\r\n <h4 class=\"fold-title\">H\u00f6chste Energieeffizienz f\u00fchrt zu einer sehr langen Batterielebensdauer<\/h4>\r\n <\/div>\r\n <\/div>\r\n\r\n <\/div>\r\n <\/div>\r\n <\/section>\r\n\r\n\r\n <section class=\"fold-default bg-gradient-secondary-reverse fold-antenna\">\r\n <div class=\"wrapper\">\r\n\r\n <div class=\"fold-details col-xs-12 col-md-7\">\r\n\r\n <h2 class=\"fold-title\">Fordern Sie uns heraus.<\/h2>\r\n <p class=\"fold-desc\">LoRaWAN bedient die wichtigsten Anforderungen des Internet der Dinge. Sichere und\r\n bidirektionale Kommunikation zwischen Sensor und IoT-Plattform, bei gleichzeitiger langer Lebensdauer der\r\n batteriebetriebenen Sensoren. Eine flexible Technologie, Ideal f\u00fcr Ablesungen, Lokalisierung, Mobilit\u00e4t und\r\n Abdeckung von schwer zug\u00e4nglichen und unterversorgten Gegenden.<\/p>\r\n\r\n <div class=\"button-wrap\">\r\n <button class=\"button-default form-dialog-button secondary\" data-custom-open=\"request-quote-modal\">Nehmen Sie\r\n Kontakt Auf<\/button>\r\n <\/div>\r\n\r\n <\/div>\r\n\r\n <div class=\"fold-img-wrap col-xs-12 col-md-5\">\r\n <img decoding=\"async\" class=\"fold-img\" src=\"https:\/\/www.melita.io\/wp-content\/plugins\/melita-iot-custom-pages\/\/img\/campaigns\/lorawan-iot\/antenna-2.png\" alt=\"\">\r\n <\/div>\r\n\r\n <\/div>\r\n <\/section>\r\n\r\n<\/div>\n","protected":false},"excerpt":{"rendered":"","protected":false},"author":8,"featured_media":0,"parent":0,"menu_order":0,"comment_status":"closed","ping_status":"closed","template":"page-full-width.php","meta":{"_acf_changed":false,"footnotes":""},"class_list":["post-2694","page","type-page","status-publish","hentry"],"acf":[],"yoast_head":"\n<title>Konnektivitat LoRaWAN - melita.io<\/title>\n<meta name=\"robots\" content=\"noindex, nofollow\" \/>\n<meta property=\"og:locale\" content=\"de_DE\" \/>\n<meta property=\"og:type\" content=\"article\" \/>\n<meta property=\"og:title\" content=\"Konnektivitat LoRaWAN - melita.io\" \/>\n<meta property=\"og:url\" content=\"https:\/\/www.melita.io\/de\/konnektivitat-lorawan\/\" \/>\n<meta property=\"og:site_name\" content=\"melita.io\" \/>\n<meta property=\"article:modified_time\" content=\"2025-11-18T09:12:42+00:00\" \/>\n<meta property=\"og:image\" content=\"https:\/\/www.melita.io\/wp-content\/uploads\/2025\/07\/melitaio-og-image.png\" \/>\n\t<meta property=\"og:image:width\" content=\"1200\" \/>\n\t<meta property=\"og:image:height\" content=\"630\" \/>\n\t<meta property=\"og:image:type\" content=\"image\/png\" \/>\n<meta name=\"twitter:card\" content=\"summary_large_image\" \/>\n<meta name=\"twitter:label1\" content=\"Gesch\u00e4tzte Lesezeit\" \/>\n\t<meta name=\"twitter:data1\" content=\"1\u00a0Minute\" \/>\n<script type=\"application\/ld+json\" class=\"yoast-schema-graph\">{\"@context\":\"https:\/\/schema.org\",\"@graph\":[{\"@type\":\"WebPage\",\"@id\":\"https:\/\/www.melita.io\/de\/konnektivitat-lorawan\/\",\"url\":\"https:\/\/www.melita.io\/de\/konnektivitat-lorawan\/\",\"name\":\"Konnektivitat LoRaWAN - melita.io\",\"isPartOf\":{\"@id\":\"https:\/\/www.melita.io\/de\/#website\"},\"datePublished\":\"2022-06-01T11:56:08+00:00\",\"dateModified\":\"2025-11-18T09:12:42+00:00\",\"breadcrumb\":{\"@id\":\"https:\/\/www.melita.io\/de\/konnektivitat-lorawan\/#breadcrumb\"},\"inLanguage\":\"de\",\"potentialAction\":[{\"@type\":\"ReadAction\",\"target\":[\"https:\/\/www.melita.io\/de\/konnektivitat-lorawan\/\"]}]},{\"@type\":\"BreadcrumbList\",\"@id\":\"https:\/\/www.melita.io\/de\/konnektivitat-lorawan\/#breadcrumb\",\"itemListElement\":[{\"@type\":\"ListItem\",\"position\":1,\"name\":\"home\",\"item\":\"https:\/\/www.melita.io\/de\/\"},{\"@type\":\"ListItem\",\"position\":2,\"name\":\"Konnektivitat LoRaWAN\"}]},{\"@type\":\"WebSite\",\"@id\":\"https:\/\/www.melita.io\/de\/#website\",\"url\":\"https:\/\/www.melita.io\/de\/\",\"name\":\"melita.io\",\"description\":\"Europ\u00e4isches M2M connectivity Netzwerk\",\"publisher\":{\"@id\":\"https:\/\/www.melita.io\/de\/#organization\"},\"potentialAction\":[{\"@type\":\"SearchAction\",\"target\":{\"@type\":\"EntryPoint\",\"urlTemplate\":\"https:\/\/www.melita.io\/de\/?s={search_term_string}\"},\"query-input\":{\"@type\":\"PropertyValueSpecification\",\"valueRequired\":true,\"valueName\":\"search_term_string\"}}],\"inLanguage\":\"de\"},{\"@type\":\"Organization\",\"@id\":\"https:\/\/www.melita.io\/de\/#organization\",\"name\":\"Melita.io\",\"url\":\"https:\/\/www.melita.io\/de\/\",\"logo\":{\"@type\":\"ImageObject\",\"inLanguage\":\"de\",\"@id\":\"https:\/\/www.melita.io\/de\/#\/schema\/logo\/image\/\",\"url\":\"https:\/\/www.melita.io\/wp-content\/uploads\/2020\/11\/melita-io-logo.png\",\"contentUrl\":\"https:\/\/www.melita.io\/wp-content\/uploads\/2020\/11\/melita-io-logo.png\",\"width\":130,\"height\":50,\"caption\":\"Melita.io\"},\"image\":{\"@id\":\"https:\/\/www.melita.io\/de\/#\/schema\/logo\/image\/\"}}]}<\/script>\n","yoast_head_json":{"title":"Konnektivitat LoRaWAN - melita.io","robots":{"index":"noindex","follow":"nofollow"},"og_locale":"de_DE","og_type":"article","og_title":"Konnektivitat LoRaWAN - melita.io","og_url":"https:\/\/www.melita.io\/de\/konnektivitat-lorawan\/","og_site_name":"melita.io","article_modified_time":"2025-11-18T09:12:42+00:00","og_image":[{"width":1200,"height":630,"url":"https:\/\/www.melita.io\/wp-content\/uploads\/2025\/07\/melitaio-og-image.png","type":"image\/png"}],"twitter_card":"summary_large_image","twitter_misc":{"Gesch\u00e4tzte Lesezeit":"1\u00a0Minute"},"schema":{"@context":"https:\/\/schema.org","@graph":[{"@type":"WebPage","@id":"https:\/\/www.melita.io\/de\/konnektivitat-lorawan\/","url":"https:\/\/www.melita.io\/de\/konnektivitat-lorawan\/","name":"Konnektivitat LoRaWAN - melita.io","isPartOf":{"@id":"https:\/\/www.melita.io\/de\/#website"},"datePublished":"2022-06-01T11:56:08+00:00","dateModified":"2025-11-18T09:12:42+00:00","breadcrumb":{"@id":"https:\/\/www.melita.io\/de\/konnektivitat-lorawan\/#breadcrumb"},"inLanguage":"de","potentialAction":[{"@type":"ReadAction","target":["https:\/\/www.melita.io\/de\/konnektivitat-lorawan\/"]}]},{"@type":"BreadcrumbList","@id":"https:\/\/www.melita.io\/de\/konnektivitat-lorawan\/#breadcrumb","itemListElement":[{"@type":"ListItem","position":1,"name":"home","item":"https:\/\/www.melita.io\/de\/"},{"@type":"ListItem","position":2,"name":"Konnektivitat LoRaWAN"}]},{"@type":"WebSite","@id":"https:\/\/www.melita.io\/de\/#website","url":"https:\/\/www.melita.io\/de\/","name":"melita.io","description":"Europ\u00e4isches M2M connectivity Netzwerk","publisher":{"@id":"https:\/\/www.melita.io\/de\/#organization"},"potentialAction":[{"@type":"SearchAction","target":{"@type":"EntryPoint","urlTemplate":"https:\/\/www.melita.io\/de\/?s={search_term_string}"},"query-input":{"@type":"PropertyValueSpecification","valueRequired":true,"valueName":"search_term_string"}}],"inLanguage":"de"},{"@type":"Organization","@id":"https:\/\/www.melita.io\/de\/#organization","name":"Melita.io","url":"https:\/\/www.melita.io\/de\/","logo":{"@type":"ImageObject","inLanguage":"de","@id":"https:\/\/www.melita.io\/de\/#\/schema\/logo\/image\/","url":"https:\/\/www.melita.io\/wp-content\/uploads\/2020\/11\/melita-io-logo.png","contentUrl":"https:\/\/www.melita.io\/wp-content\/uploads\/2020\/11\/melita-io-logo.png","width":130,"height":50,"caption":"Melita.io"},"image":{"@id":"https:\/\/www.melita.io\/de\/#\/schema\/logo\/image\/"}}]}},"_links":{"self":[{"href":"https:\/\/www.melita.io\/de\/wp-json\/wp\/v2\/pages\/2694","targetHints":{"allow":["GET"]}}],"collection":[{"href":"https:\/\/www.melita.io\/de\/wp-json\/wp\/v2\/pages"}],"about":[{"href":"https:\/\/www.melita.io\/de\/wp-json\/wp\/v2\/types\/page"}],"author":[{"embeddable":true,"href":"https:\/\/www.melita.io\/de\/wp-json\/wp\/v2\/users\/8"}],"replies":[{"embeddable":true,"href":"https:\/\/www.melita.io\/de\/wp-json\/wp\/v2\/comments?post=2694"}],"version-history":[{"count":1,"href":"https:\/\/www.melita.io\/de\/wp-json\/wp\/v2\/pages\/2694\/revisions"}],"predecessor-version":[{"id":10008,"href":"https:\/\/www.melita.io\/de\/wp-json\/wp\/v2\/pages\/2694\/revisions\/10008"}],"wp:attachment":[{"href":"https:\/\/www.melita.io\/de\/wp-json\/wp\/v2\/media?parent=2694"}],"curies":[{"name":"wp","href":"https:\/\/api.w.org\/{rel}","templated":true}]}}