{"id":40,"date":"2019-09-27T15:41:19","date_gmt":"2019-09-27T14:41:19","guid":{"rendered":"https:\/\/www.melita.io\/?page_id=40"},"modified":"2022-06-01T15:03:19","modified_gmt":"2022-06-01T13:03:19","slug":"uber-uns","status":"publish","type":"page","link":"https:\/\/www.melita.io\/de\/uber-uns\/","title":{"rendered":"\u00dcber uns"},"content":{"rendered":"<div class=\"about-template lang-de\">\r\n\r\n <section class=\"fold-default fold-hero bg-black bg-black-ellipse-gradient\">\r\n\r\n <div class=\"wrapper\">\r\n\r\n <div class=\"fold-details col-xs-12 col-md-7\">\r\n <h1 class=\"fold-title fg-green\">melita.io steht f\u00fcr IoT<\/h1>\r\n <h2 class=\"fold-title\">Melita.io ist europ\u00e4isch, aber wir sind noch viel mehr<\/h2>\r\n\r\n <div class=\"button-wrap\">\r\n <button class=\"button-default blue button-lg\" scroll-from=\"about\">\r\n <span>Mehr erfahren<\/span>\r\n <\/button>\r\n <\/div>\r\n <\/div>\r\n\r\n <div class=\"fold-img-wrap col-xs-12 col-md-5 image-container\">\r\n <img decoding=\"async\" class=\"fold-img\" src=\"https:\/\/www.melita.io\/wp-content\/plugins\/melita-iot-custom-pages\/img\/about\/about-page-hero-img.png\">\r\n <\/div>\r\n\r\n <\/div>\r\n\r\n <\/section>\r\n\r\n <section class=\"fold-default bg-black fold-about wrapped-bg\" scroll-to=\"about\">\r\n <div class=\"wrapper center-xs no-padding-bottom no-padding-top\">\r\n <div class=\"fold-bg border-blue\">\r\n <div class=\"fold-details\">\r\n <h2 class=\"fold-title\">\u00dcber uns<\/h2>\r\n <div class=\"fold-description\">\r\n <p><b>melita.io<\/b> ist die spezialisierte IoT-Marke\r\n von\r\n <b>Melita Limited<\/b> und wird von der Infrastructure-Sparte von <b>Goldman Sachs Alternatives<\/b>\r\n unterst\u00fctzt.\r\n <\/p> <br>\r\n <p>Mit \u00fcber 30 Jahren Erfahrung in der Telekommunikation ist Melita\r\n Limited\r\n ein lizenzierter Mobilfunknetzbetreiber (MNO), der sichere und zuverl\u00e4ssige IoT-Konnektivit\u00e4t in mehr\r\n als 185\r\n L\u00e4ndern mit \u00fcber 300 aktiven Roaming-Vereinbarungen bereitstellt.<\/p><br>\r\n <p>Unsere intelligente M2M-SIM erm\u00f6glicht den automatischen Wechsel\r\n zwischen\r\n mehreren Netzen (Failover) und stellt sicher, dass Ger\u00e4te jederzeit und \u00fcberall verbunden bleiben. Wir\r\n verfolgen einen technologieagnostischen Ansatz und entwickeln ma\u00dfgeschneiderte L\u00f6sungen f\u00fcr eine\r\n Vielzahl von\r\n Branchen.<\/p><br>\r\n <p>In Deutschland und Malta betreiben wir eigene dedizierte\r\n LoRaWAN\u00ae-Netze,\r\n die Smart-City- und industrielle IoT-Anwendungen mit energieeffizienter, drahtloser Kommunikation \u00fcber\r\n gro\u00dfe\r\n Distanzen unterst\u00fctzen.<\/p> <br>\r\n <p>Gemeinsam mit einem stetig wachsenden Netzwerk vertrauensw\u00fcrdiger\r\n IoT-L\u00f6sungspartner realisieren wir vollst\u00e4ndige End-to-End-Projekte \u2013 von SIM-basierter Konnektivit\u00e4t\r\n bis hin\r\n zur Planung, Bereitstellung und Wartung von LoRaWAN-Infrastrukturen.<\/p> <br>\r\n <p>In Deutschland und Malta betreiben wir eigene dedizierte\r\n LoRaWAN\u00ae-Netze,\r\n die Smart-City- und industrielle IoT-Anwendungen mit energieeffizienter, drahtloser Kommunikation \u00fcber\r\n gro\u00dfe\r\n Distanzen unterst\u00fctzen.<\/p> <br>\r\n <p>Unsere technische Infrastruktur am Standort Malta erm\u00f6glicht\r\n Internetgeschwindigkeiten im Multi-Gigabit-Bereich. Zudem sind wir nach ISO\/IEC 27001, ISO 14001 und ISO\r\n 45001\r\n zertifiziert \u2013 ein Ausdruck unseres Engagements f\u00fcr Informationssicherheit, \u00f6kologische Nachhaltigkeit\r\n sowie\r\n Gesundheit und Sicherheit unserer Mitarbeitenden.<\/p> <br>\r\n <p>Unser Hauptsitz befindet sich in Malta. Wir agieren international\r\n mit\r\n B\u00fcros in Deutschland und Schweden sowie mit lokaler Pr\u00e4senz in den Niederlanden und Spanien.<\/p> <br>\r\n <p>Als Mitglieder der GSMA und der LoRa Alliance\u00ae setzen wir uns aktiv\r\n f\u00fcr\r\n Innovationen im IoT-Bereich ein \u2013 stets geleitet von Qualit\u00e4t, Zuverl\u00e4ssigkeit und Vertrauen.<\/p> <br>\r\n <\/div>\r\n <\/div>\r\n <\/div>\r\n <\/div>\r\n <\/section>\r\n\r\n <section class=\"fold-sustainability fold-default bg-black wrapped-bg\">\r\n <div class=\"wrapper\">\r\n <div class=\"fold-bg\">\r\n <div class=\"fold-details col-xs-12 text-center\">\r\n <h2 class=\"fold-title text-center\">Nachhaltigkeit im Herzen unseres Handelns<\/h2>\r\n <div class=\"fold-desc text-center\">\r\n <p>Bei Melita wollen wir unsere Gesellschaft in eine digitale Zukunft f\u00fchren und gleichzeitig unsere\r\n Umweltauswirkungen minimieren. Durch melita.io f\u00f6rdern wir \u00f6kologische Nachhaltigkeit durch verbesserte\r\n Energieeffizienz, optimierte Ressourcennutzung und \u00f6kologische \u00dcberwachung mittels IoT-Technologien \u2013\r\n alles im Einklang mit unserem Ziel eines saubereren, ges\u00fcnderen Planeten.<\/p>\r\n <\/div>\r\n <h5 class=\"fold-cards-title text-center fg-black\">Wir messen unsere Fortschritte anhand <br> konkreter\r\n Ma\u00dfnahmen in vier Bereichen.<\/h5>\r\n\r\n <\/div>\r\n\r\n <\/section>\r\n\r\n <section class=\"fold-sustainability fold-default fold-cards bg-white\">\r\n <div class=\"wrapper\">\r\n <div class=\"fold-details col-xs-12 text-center\">\r\n <h2 class=\"fold-title\">Nachhaltigkeit im Zentrum unserer Aktivit\u00e4ten<\/h2>\r\n <div class=\"fold-desc\">\r\n <p>Wir bei Melita wollen unsere vielf\u00e4ltige Gesellschaft in eine digitale Zukunft f\u00fchren und gleichzeitig die\r\n Auswirkungen auf die Umwelt minimieren. Mit melita.io, unserer IoT-Marke, f\u00f6rdern wir die \u00f6kologische\r\n Nachhaltigkeit, indem wir die Energieeffizienz verbessern, die Ressourcennutzung optimieren und die\r\n \u00f6kologische \u00dcberwachung mithilfe von IoT-Technologien erm\u00f6glichen - alles im Einklang mit unserem Ziel,\r\n einen saubereren und ges\u00fcnderen Planeten zu schaffen.<\/p>\r\n <\/div>\r\n <div class=\"cards row stretch-xs\">\r\n <div class=\"card-wrap col-xs-12 col-sm-6 col-lg-3\">\r\n <div class=\"card bg-black border-green\">\r\n <div class=\"card-title-wrap row middle-xs\">\r\n <h6 class=\"card-title col-xs padding-0\">Beitrag zur Gesellschaft<\/h6>\r\n <i class=\"card-icon fa-duotone fa-solid fa-leaf green grey fa-xl\"><\/i>\r\n <\/div>\r\n <div class=\"card-desc\">\r\n <p>Technologief\u00fchrer zu sein, um Fortschritt in unserer vielf\u00e4ltigen Gesellschaft zu erm\u00f6glichen<\/p>\r\n <\/div>\r\n <\/div>\r\n <\/div>\r\n <div class=\"card-wrap col-xs-12 col-sm-6 col-lg-3\">\r\n <div class=\"card bg-black border-green\">\r\n <div class=\"card-title-wrap row middle-xs\">\r\n <h6 class=\"card-title col-xs padding-0\">Kundenzufriedenheit<\/h6>\r\n <i class=\"card-icon fa-duotone fa-solid fa-headset green grey fa-xl\"><\/i>\r\n <\/div>\r\n <div class=\"card-desc\">\r\n <p>Die zufriedensten Kunden unter Maltas Telekommunikationsanbietern zu haben<\/p>\r\n <\/div>\r\n <\/div>\r\n <\/div>\r\n <div class=\"card-wrap col-xs-12 col-sm-6 col-lg-3\">\r\n <div class=\"card bg-black border-green\">\r\n <div class=\"card-title-wrap row middle-xs\">\r\n <h6 class=\"card-title col-xs padding-0\">Mitarbeiterfokus<\/h6>\r\n <i class=\"card-icon fa-duotone fa-solid fa-face-smiling-hands green grey fa-xl\"><\/i>\r\n <\/div>\r\n <div class=\"card-desc\">\r\n <p>Kontinuierliche Verbesserung der Arbeitsbedingungen zur F\u00f6rderung unserer Werte und Ziele<\/p>\r\n <\/div>\r\n <\/div>\r\n <\/div>\r\n <div class=\"card-wrap col-xs-12 col-sm-6 col-lg-3\">\r\n <div class=\"card bg-black border-green\">\r\n <div class=\"card-title-wrap row middle-xs\">\r\n <h6 class=\"card-title col-xs padding-0\">Umweltschutz<\/h6>\r\n <i class=\"card-icon fa-duotone fa-solid fa-earth-europe green grey fa-xl\"><\/i>\r\n <\/div>\r\n <div class=\"card-desc\">\r\n <p>Kontinuierliche Reduzierung unseres \u00f6kologischen Fu\u00dfabdrucks Richtung Netto-Null f\u00fcr eine lebenswerte\r\n Zukunft<\/p>\r\n <\/div>\r\n <\/div>\r\n <\/div>\r\n <\/div>\r\n <\/div>\r\n <\/div>\r\n <\/section>\r\n\r\n <section class=\"fold-report fold-default bg-black wrapped-bg\">\r\n <div class=\"wrapper\">\r\n <div class=\"fold-bg row middle-xs bg-black border-green\">\r\n <div class=\"fold-details col-xs-12 col-md-6\">\r\n <h4 class=\"fold-title\">M\u00f6chten Sie mehr \u00fcber unsere ESG-KPIs und Aktivit\u00e4ten erfahren?<\/h2>\r\n <div class=\"fold-desc\">\r\n <p>Laden Sie unseren ESG-Bericht 2023 herunter \u2013 wir freuen uns \u00fcber Ihr Feedback!<\/p>\r\n <\/div>\r\n <div class=\"button-wrap\">\r\n <a class=\"button-default blue\"\r\n href=\"https:\/\/www.melita.com\/wp-content\/plugins\/melita-custom-landing-pages\/img\/esg\/melita-esg-report-2023.pdf\"\r\n target=\"_blank\">\r\n <span>Jetzt herunterladen<\/span>\r\n <\/a>\r\n <\/div>\r\n <\/div>\r\n\r\n <div class=\"current-esg-report col-xs-7 col-sm-8 col-md-4\">\r\n <a class=\"no-styles\"\r\n href=\"https:\/\/www.melita.com\/wp-content\/plugins\/melita-custom-landing-pages\/img\/esg\/melita-esg-report-2023.pdf\"\r\n target=\"_blank\">\r\n <img decoding=\"async\" src=\"https:\/\/www.melita.io\/wp-content\/plugins\/melita-iot-custom-pages\/img\/about\/esg-report-2023.png\" alt=\"\" class=\"fold-img\">\r\n <\/a>\r\n <\/div>\r\n\r\n <div class=\"previous-esg-report col-xs-5 col-sm-4 col-md\">\r\n <a class=\"no-styles\"\r\n href=\"https:\/\/www.melita.com\/wp-content\/plugins\/melita-custom-landing-pages\/img\/esg\/melita-esg-report-2022.pdf\"\r\n target=\"_blank\">\r\n <img decoding=\"async\" src=\"https:\/\/www.melita.io\/wp-content\/plugins\/melita-iot-custom-pages\/img\/about\/esg-report-2022.png\" alt=\"\" class=\"fold-img\">\r\n <\/a>\r\n <\/div>\r\n <\/div>\r\n <\/div>\r\n <\/section>\r\n\r\n <section class=\"fold-shareholders fold-default wrapped-bg\">\r\n <div class=\"wrapper\">\r\n <div class=\"fold-bg bg-white border-black row middle-xs\">\r\n <div class=\"col-xs-12 col-sm-8 col-md-7 fold-details\">\r\n <h3 class=\"about-title\">Melita ist ein Unternehmen von Goldman Sachs Alternatives<\/h3>\r\n <div class=\"fold-description\">\r\n <p>Melita wird von der Infrastructure-Sparte von Goldman Sachs Alternatives unterst\u00fctzt. Diese wurde im Jahr\r\n 2006 gegr\u00fcndet und hat seitdem 16 Milliarden US-Dollar in \u00fcber 40 Portfoliounternehmen investiert.<\/p>\r\n <br>\r\n <p>Die Sparte blickt auf eine langj\u00e4hrige Erfolgsbilanz in zentralen Infrastrukturbereichen zur\u00fcck \u2013\r\n darunter die Energiewende, digitale Infrastruktur, Transport und Logistik sowie die Kreislaufwirtschaft.\r\n <\/p>\r\n <br>\r\n <\/div>\r\n <div class=\"button-wrap\">\r\n <a class=\"button-default green\" href=\"https:\/\/www.goldmansachs.com\/homepage\" target=\"_blank\">Mehr\r\n erfahren<\/a>\r\n <\/div>\r\n <\/div>\r\n <div class=\"img-wrap col-xs-12 col-sm row center-xs \">\r\n <img decoding=\"async\" class=\"img-border black-scheme\" src=\"https:\/\/www.melita.io\/wp-content\/plugins\/melita-iot-custom-pages\/img\/about\/goldman-sachs.png\"\r\n alt=\"goldman sachs logo\" \/>\r\n <\/div>\r\n <\/div>\r\n <\/div>\r\n <\/section>\r\n\r\n<\/div>\n","protected":false},"excerpt":{"rendered":"","protected":false},"author":1,"featured_media":0,"parent":0,"menu_order":0,"comment_status":"closed","ping_status":"closed","template":"page-full-width.php","meta":{"_acf_changed":false,"footnotes":""},"class_list":["post-40","page","type-page","status-publish","hentry"],"acf":[],"yoast_head":"\n<title>\u00dcber uns und unsere Erfahrung - melita.io<\/title>\n<meta name=\"description\" content=\"melita.io kennenlernen - Teil der Melita Gruppe mit mehr als 25 Jahren Erfahrung in europ\u00e4ischer Telekommunikation.\" \/>\n<meta name=\"robots\" content=\"index, follow, max-snippet:-1, max-image-preview:large, max-video-preview:-1\" \/>\n<link rel=\"canonical\" href=\"https:\/\/www.melita.io\/de\/uber-uns\/\" \/>\n<meta property=\"og:locale\" content=\"de_DE\" \/>\n<meta property=\"og:type\" content=\"article\" \/>\n<meta property=\"og:title\" content=\"\u00dcber uns und unsere Erfahrung - melita.io\" \/>\n<meta property=\"og:description\" content=\"melita.io kennenlernen - Teil der Melita Gruppe mit mehr als 25 Jahren Erfahrung in europ\u00e4ischer Telekommunikation.\" \/>\n<meta property=\"og:url\" content=\"https:\/\/www.melita.io\/de\/uber-uns\/\" \/>\n<meta property=\"og:site_name\" content=\"melita.io\" \/>\n<meta property=\"article:modified_time\" content=\"2022-06-01T13:03:19+00:00\" \/>\n<meta property=\"og:image\" content=\"https:\/\/www.melita.io\/wp-content\/uploads\/2025\/07\/melitaio-og-image.png\" \/>\n\t<meta property=\"og:image:width\" content=\"1200\" \/>\n\t<meta property=\"og:image:height\" content=\"630\" \/>\n\t<meta property=\"og:image:type\" content=\"image\/png\" \/>\n<meta name=\"twitter:card\" content=\"summary_large_image\" \/>\n<meta name=\"twitter:label1\" content=\"Gesch\u00e4tzte Lesezeit\" \/>\n\t<meta name=\"twitter:data1\" content=\"1\u00a0Minute\" \/>\n<script type=\"application\/ld+json\" class=\"yoast-schema-graph\">{\"@context\":\"https:\/\/schema.org\",\"@graph\":[{\"@type\":\"WebPage\",\"@id\":\"https:\/\/www.melita.io\/de\/uber-uns\/\",\"url\":\"https:\/\/www.melita.io\/de\/uber-uns\/\",\"name\":\"\u00dcber uns und unsere Erfahrung - melita.io\",\"isPartOf\":{\"@id\":\"https:\/\/www.melita.io\/de\/#website\"},\"datePublished\":\"2019-09-27T14:41:19+00:00\",\"dateModified\":\"2022-06-01T13:03:19+00:00\",\"description\":\"melita.io kennenlernen - Teil der Melita Gruppe mit mehr als 25 Jahren Erfahrung in europ\u00e4ischer Telekommunikation.\",\"breadcrumb\":{\"@id\":\"https:\/\/www.melita.io\/de\/uber-uns\/#breadcrumb\"},\"inLanguage\":\"de\",\"potentialAction\":[{\"@type\":\"ReadAction\",\"target\":[\"https:\/\/www.melita.io\/de\/uber-uns\/\"]}]},{\"@type\":\"BreadcrumbList\",\"@id\":\"https:\/\/www.melita.io\/de\/uber-uns\/#breadcrumb\",\"itemListElement\":[{\"@type\":\"ListItem\",\"position\":1,\"name\":\"home\",\"item\":\"https:\/\/www.melita.io\/de\/\"},{\"@type\":\"ListItem\",\"position\":2,\"name\":\"\u00dcber uns\"}]},{\"@type\":\"WebSite\",\"@id\":\"https:\/\/www.melita.io\/de\/#website\",\"url\":\"https:\/\/www.melita.io\/de\/\",\"name\":\"melita.io\",\"description\":\"Europ\u00e4isches M2M connectivity Netzwerk\",\"publisher\":{\"@id\":\"https:\/\/www.melita.io\/de\/#organization\"},\"potentialAction\":[{\"@type\":\"SearchAction\",\"target\":{\"@type\":\"EntryPoint\",\"urlTemplate\":\"https:\/\/www.melita.io\/de\/?s={search_term_string}\"},\"query-input\":{\"@type\":\"PropertyValueSpecification\",\"valueRequired\":true,\"valueName\":\"search_term_string\"}}],\"inLanguage\":\"de\"},{\"@type\":\"Organization\",\"@id\":\"https:\/\/www.melita.io\/de\/#organization\",\"name\":\"Melita.io\",\"url\":\"https:\/\/www.melita.io\/de\/\",\"logo\":{\"@type\":\"ImageObject\",\"inLanguage\":\"de\",\"@id\":\"https:\/\/www.melita.io\/de\/#\/schema\/logo\/image\/\",\"url\":\"https:\/\/www.melita.io\/wp-content\/uploads\/2020\/11\/melita-io-logo.png\",\"contentUrl\":\"https:\/\/www.melita.io\/wp-content\/uploads\/2020\/11\/melita-io-logo.png\",\"width\":130,\"height\":50,\"caption\":\"Melita.io\"},\"image\":{\"@id\":\"https:\/\/www.melita.io\/de\/#\/schema\/logo\/image\/\"}}]}<\/script>\n","yoast_head_json":{"title":"\u00dcber uns und unsere Erfahrung - melita.io","description":"melita.io kennenlernen - Teil der Melita Gruppe mit mehr als 25 Jahren Erfahrung in europ\u00e4ischer Telekommunikation.","robots":{"index":"index","follow":"follow","max-snippet":"max-snippet:-1","max-image-preview":"max-image-preview:large","max-video-preview":"max-video-preview:-1"},"canonical":"https:\/\/www.melita.io\/de\/uber-uns\/","og_locale":"de_DE","og_type":"article","og_title":"\u00dcber uns und unsere Erfahrung - melita.io","og_description":"melita.io kennenlernen - Teil der Melita Gruppe mit mehr als 25 Jahren Erfahrung in europ\u00e4ischer Telekommunikation.","og_url":"https:\/\/www.melita.io\/de\/uber-uns\/","og_site_name":"melita.io","article_modified_time":"2022-06-01T13:03:19+00:00","og_image":[{"width":1200,"height":630,"url":"https:\/\/www.melita.io\/wp-content\/uploads\/2025\/07\/melitaio-og-image.png","type":"image\/png"}],"twitter_card":"summary_large_image","twitter_misc":{"Gesch\u00e4tzte Lesezeit":"1\u00a0Minute"},"schema":{"@context":"https:\/\/schema.org","@graph":[{"@type":"WebPage","@id":"https:\/\/www.melita.io\/de\/uber-uns\/","url":"https:\/\/www.melita.io\/de\/uber-uns\/","name":"\u00dcber uns und unsere Erfahrung - melita.io","isPartOf":{"@id":"https:\/\/www.melita.io\/de\/#website"},"datePublished":"2019-09-27T14:41:19+00:00","dateModified":"2022-06-01T13:03:19+00:00","description":"melita.io kennenlernen - Teil der Melita Gruppe mit mehr als 25 Jahren Erfahrung in europ\u00e4ischer Telekommunikation.","breadcrumb":{"@id":"https:\/\/www.melita.io\/de\/uber-uns\/#breadcrumb"},"inLanguage":"de","potentialAction":[{"@type":"ReadAction","target":["https:\/\/www.melita.io\/de\/uber-uns\/"]}]},{"@type":"BreadcrumbList","@id":"https:\/\/www.melita.io\/de\/uber-uns\/#breadcrumb","itemListElement":[{"@type":"ListItem","position":1,"name":"home","item":"https:\/\/www.melita.io\/de\/"},{"@type":"ListItem","position":2,"name":"\u00dcber uns"}]},{"@type":"WebSite","@id":"https:\/\/www.melita.io\/de\/#website","url":"https:\/\/www.melita.io\/de\/","name":"melita.io","description":"Europ\u00e4isches M2M connectivity Netzwerk","publisher":{"@id":"https:\/\/www.melita.io\/de\/#organization"},"potentialAction":[{"@type":"SearchAction","target":{"@type":"EntryPoint","urlTemplate":"https:\/\/www.melita.io\/de\/?s={search_term_string}"},"query-input":{"@type":"PropertyValueSpecification","valueRequired":true,"valueName":"search_term_string"}}],"inLanguage":"de"},{"@type":"Organization","@id":"https:\/\/www.melita.io\/de\/#organization","name":"Melita.io","url":"https:\/\/www.melita.io\/de\/","logo":{"@type":"ImageObject","inLanguage":"de","@id":"https:\/\/www.melita.io\/de\/#\/schema\/logo\/image\/","url":"https:\/\/www.melita.io\/wp-content\/uploads\/2020\/11\/melita-io-logo.png","contentUrl":"https:\/\/www.melita.io\/wp-content\/uploads\/2020\/11\/melita-io-logo.png","width":130,"height":50,"caption":"Melita.io"},"image":{"@id":"https:\/\/www.melita.io\/de\/#\/schema\/logo\/image\/"}}]}},"_links":{"self":[{"href":"https:\/\/www.melita.io\/de\/wp-json\/wp\/v2\/pages\/40","targetHints":{"allow":["GET"]}}],"collection":[{"href":"https:\/\/www.melita.io\/de\/wp-json\/wp\/v2\/pages"}],"about":[{"href":"https:\/\/www.melita.io\/de\/wp-json\/wp\/v2\/types\/page"}],"author":[{"embeddable":true,"href":"https:\/\/www.melita.io\/de\/wp-json\/wp\/v2\/users\/1"}],"replies":[{"embeddable":true,"href":"https:\/\/www.melita.io\/de\/wp-json\/wp\/v2\/comments?post=40"}],"version-history":[{"count":0,"href":"https:\/\/www.melita.io\/de\/wp-json\/wp\/v2\/pages\/40\/revisions"}],"wp:attachment":[{"href":"https:\/\/www.melita.io\/de\/wp-json\/wp\/v2\/media?parent=40"}],"curies":[{"name":"wp","href":"https:\/\/api.w.org\/{rel}","templated":true}]}}