{"id":71,"date":"2019-09-30T10:23:05","date_gmt":"2019-09-30T08:23:05","guid":{"rendered":"https:\/\/www.melita.io\/?page_id=71"},"modified":"2022-06-01T15:03:23","modified_gmt":"2022-06-01T13:03:23","slug":"datenschutzerklarung","status":"publish","type":"page","link":"https:\/\/www.melita.io\/de\/datenschutzerklarung\/","title":{"rendered":"Datenschutzerkl\u00e4rung"},"content":{"rendered":"<div class=\"privacy-template\">\r\n\r\n <div class=\"wrapper\">\r\n\r\n <h1 class=\"page-title\">Hinweis zum Datenschutz und Cookies der Website<\/h1>\r\n\r\n \r\n <section class=\"section section-privacy\">\r\n\r\n <p>Dieser Hinweis zum Datenschutz und Cookies der Website gilt f\u00fcr alle pers\u00f6nlichen Informationen, die Sie Uns (\u201eBenutzerinformationen\u201c) \u00fcber diese Website \u00fcbermitteln. \r\n Dieser Hinweis soll Ihnen helfen, sich sicherer in Bezug auf die Privatsph\u00e4re und die Sicherheit Ihrer pers\u00f6nlichen Daten zu f\u00fchlen. \u201eSie\u201c sind Sie, der Benutzer der Website. \r\n \u201eWir\/Uns\u201c bezeichnet Melita Limited (agierend unter der Marke \u201emelita.io\u201c), im Folgenden als \u201eMelita\u201c bezeichnet, und jedes Mitglied von \u201eBenutzern\u201c bezeich-net alle Benutzer \r\n der Website zusammen und\/oder einzeln, soweit der Kontext dies zul\u00e4sst. Wir verar-beiten personenbezogene Daten nur in \u00dcbereinstimmung mit der Allgemeinen Datenschutzverord-nung \r\n (Verordnung (EU) 2016\/679), dem Datenschutzgesetz (Kap. 586 des maltesischen Rechts) und anderen geltenden Gesetzen.<\/p>\r\n\r\n <div class=\"accordion\">\r\n <h3 class=\"accordion-title\">1. Welche pers\u00f6nlichen Daten sammeln Wir?<\/h3>\r\n <div class=\"accordion-content\">\r\n <p>Die meisten der von uns erfassten Daten werden von Ihnen frei zur Verf\u00fcgung gestellt, um mit den neuesten Informationen von Uns kontaktiert zu werden. Im Rahmen dieses \r\n Vorgangs sammeln Wir m\u00f6glicherweise die folgenden Kategorien personenbezogener Daten:<\/p>\r\n\r\n <ul class=\"checklist-bullets\">\r\n\r\n <li>Name und Adresse;<\/li>\r\n\r\n <li>Kontaktdaten wie Handynummer und E-Mail-Adresse; und<\/li>\r\n\r\n <li>jegliche Korrespondenz, die Sie Uns zukommen lassen.<\/li>\r\n\r\n <\/ul>\r\n\r\n <\/div>\r\n\r\n <\/div>\r\n \r\n <div class=\"accordion\">\r\n <h3 class=\"accordion-title\">2. Wie sammeln Wir personenbezogene Daten?<\/h3>\r\n <div class=\"accordion-content\">\r\n\r\n <p>Bei der Nutzung der Website und ihrer Dienste k\u00f6nnen Ihnen Bereiche wie Kontaktformulare, Wett-bewerbe, Videodienste und andere Funktionen begegnen, bei denen Sie \r\n m\u00f6glicherweise aufgefordert werden, Benutzerinformationen einzugeben. Diese Benutzerinformationen werden in \u00dcbereinstim-mung mit diesem Datenschutz- und Cookie-Hinweis der \r\n Website f\u00fcr die Zwecke verwendet, f\u00fcr die sie gesammelt wurden, und f\u00fcr alle anderen an der Sammelstelle angegebenen Zwecke.<\/p>\r\n\r\n <\/div>\r\n\r\n <\/div>\r\n\r\n <div class=\"accordion\">\r\n\r\n <h3 class=\"accordion-title\">3. Wie verarbeiten Wir die erhobenen personenbezogenen Daten?<\/h3>\r\n\r\n <div class=\"accordion-content\">\r\n <p>Durch die Eingabe Ihrer Benutzerdaten auf dieser Website erkl\u00e4ren Sie sich damit einverstanden, dass Wir Ihre Benutzerdaten speichern und dass diese von Uns oder einem \r\n Drittunternehmen, das sie in Unserem Namen verarbeitet, behalten werden. Wir sind berechtigt, Ihre Benutzerdaten f\u00fcr folgende Zwecke zu verwenden:<\/p>\r\n <ol>\r\n <li>Sie in Bezug auf Produkte oder Dienstleistungen zu kontaktieren, an denen Sie Interesse haben;<\/li>\r\n <li>Marktforschung, einschlie\u00dflich statistischer Analyse des Nutzerverhaltens, die Wir in anonymisierter, aggregierter Form an Dritte weitergeben k\u00f6nnen;<\/li>\r\n <li>es Uns zu erm\u00f6glichen, alle Anforderungen zu erf\u00fcllen, die Uns durch Gesetz oder Gerichtsbeschluss auferlegt werden;<\/li>\r\n <li>die Einhaltung Unserer Nutzungsrichtlinien zu \u00fcberwachen;<\/li>\r\n <li>Ihnen regelm\u00e4\u00dfig Mitteilungen (einschlie\u00dflich, aber nicht beschr\u00e4nkt auf SMS oder E-Mail) zu Beson-derheiten, Produkten und Diensten, Ereignissen und Sonderangeboten zu \r\n Unseren Produkten und Diensten zu senden. Solche Mitteilungen von Uns k\u00f6nnen Werbung f\u00fcr Drittfirmen oder -organisationen enthalten. Sie k\u00f6nnen die Einwilligung ganz einfach \r\n widerrufen, indem Sie in den von Uns gesendeten E-Mails\/SMS auf den Link \u201e<a href=\"https:\/\/www.melita.com\/newsletter-unsubscribe\/\" target=\"_self\">Deabonnieren<\/a>\u201c klicken. Bitte beachten Sie auch, dass Wir Ihre Benutzerinformationen nicht an Dritte \r\n weitergeben, damit diese Ihnen ohne Ihre Erlaubnis Di-rektmarketing zusenden k\u00f6nnen.<\/li>\r\n <li>Nachdem Sie ihre Zustimmung erteilt haben, werden wir Sie mit dem entsprechenden ausgew\u00e4hlten Partner vernetzen. Sollten Sie keinen weiteren Kontakt von dem jeweiligen Partnerunternehmen w\u00fcnschen, bitten wir Sie, diesen zu kontaktieren, um die Einstellung der Kontaktaufnahme seinerseits aufzufordern und ihre Kontaktdaten aus seinen Systemen zu entfernen, soweit rechtlich umsetzbar.<\/li>\r\n <\/ol>\r\n <\/div>\r\n\r\n <\/div>\r\n\r\n <div class=\"accordion\">\r\n\r\n <h3 class=\"accordion-title\">4. Wer sind die Dritten, die Ihre Daten verarbeiten d\u00fcrfen?<\/h3>\r\n\r\n <div class=\"accordion-content\">\r\n <p>Empf\u00e4nger und Verarbeiter Ihrer personenbezogenen Daten sind Melita und Unsere Mitarbeiter. Wir k\u00f6nnen Ihre personenbezogenen Daten auch an Unsere \r\n konzerninternen Unternehmen, Tochterun-ternehmen und Vertreter, an andere autorisierte Betreiber elektronischer Kommunikation, an Beh\u00f6r-den oder \r\n Strafverfolgungsbeh\u00f6rden sowie an Dritte, die Dienstleistungen f\u00fcr Melita erbringen, \u00fcber-mitteln, damit diese mit Ihnen in Kontakt treten k\u00f6nnen und um Ihnen \r\n den gew\u00fcnschten Service zu bieten, nachzuverfolgen, wie Sie die Website und unsere Dienste nutzen und wie Wir Uns verbessern k\u00f6nnen.<\/p>\r\n <p>Um Ihnen die beste Produktberatung oder Produktl\u00f6sung anbieten zu k\u00f6nnen, erlauben Sie uns mit Ihrem Einverst\u00e4ndnis die Nutzung Ihrer Daten f\u00fcr Marktforschungszwecke.<\/p>\r\n <p>Melita kann aufgefordert werden, Ihre personenbezogenen Daten an Empf\u00e4nger au\u00dferhalb der EU zu \u00fcbermitteln, um mit Ihnen in Kontakt zu treten oder Ihnen ihren Service anbieten \r\n zu k\u00f6nnen. Dabei stellt Melita sicher, dass die Drittempf\u00e4nger entweder einer Angemessenheitsentscheidung unterliegen oder angemessenen Schutzma\u00dfnahmen gem\u00e4\u00df der Allgemeinen \r\n Datenschutzverordnung (Verord-nung (EU) 2016\/679) und anderen geltenden Gesetzen unterliegen und dass Melita einen berechtigten Grund f\u00fcr eine solche Weitergabe hat, wie z. B. \r\n Unser berechtigtes Interesse. F\u00fcr weitere Informatio-nen zu Drittempf\u00e4ngern au\u00dferhalb der EU klicken Sie bitte \r\n <a href=\"https:\/\/www.melita.io\/de\/non-eu-processors\/\" target=\"_self\">hier<\/a>.<\/p>\r\n <\/div>\r\n\r\n <\/div>\r\n\r\n <div class=\"accordion\">\r\n\r\n <h3 class=\"accordion-title\">5. Wie sichern und speichern Wir Ihre Daten?<\/h3>\r\n\r\n <div class=\"accordion-content\">\r\n <p>Sicherheit ist Uns sehr wichtig. Die SSL-Verschl\u00fcsselungstechnologie (Secure Socket Layer) wird zum Schutz von Informationen w\u00e4hrend der \u00dcbertragung bei vertraulichen \r\n Transaktionen wie Zahlungen verwendet. Zus\u00e4tzliche Sicherheitsverfahren sind vorhanden, um die Vertraulichkeit, Integrit\u00e4t und Verf\u00fcgbarkeit Ihrer Benutzerinformationen zu \r\n sch\u00fctzen.<\/p>\r\n <\/div>\r\n\r\n <\/div>\r\n\r\n <div class=\"accordion\">\r\n\r\n <h3 class=\"accordion-title\">6. Welche Rechte haben Sie?<\/h3>\r\n\r\n <div class=\"accordion-content\">\r\n <p>Sie haben das Recht, Unserer Verarbeitung Ihrer personenbezogenen Daten zu widersprechen, auf Ihre von Uns gespeicherten personenbezogenen Daten zuzugreifen und unter \r\n bestimmten Umst\u00e4nden zu verlangen, dass Wir diese personenbezogenen Daten in einem strukturierten, allgemein verwende-ten und maschinenlesbaren Format an Sie oder an einen \r\n anderen von Ihnen angegebenen Dritten wei-tergeben. Au\u00dferdem haben Sie das Recht, zu verlangen, dass Wir Ihre personenbezogenen Daten un-verz\u00fcglich berichtigen, sperren oder \r\n l\u00f6schen.<\/p>\r\n <p>Die Sperrung und L\u00f6schung personenbezogener Daten, die Sie durch die Nutzung unserer Website an uns weitergegeben haben, darf nur von Uns vorgenommen werden, sofern wir keine \r\n gesetzlichen und\/oder vertraglichen Verpflichtungen haben.<\/p>\r\n <p>Wenn Sie Ihre Einwilligung zur Datenverarbeitung erteilt haben, haben Sie (unter bestimmten Um-st\u00e4nden) das Recht, diese Einwilligung jederzeit zu widerrufen, was ansonsten \r\n die Rechtm\u00e4\u00dfigkeit der Verarbeitung vor dem Widerruf der Einwilligung nicht beeintr\u00e4chtigt.<\/p>\r\n <p>Fragen oder Kommentare zu diesem Hinweis richten Sie bitte an <a href=\"mailto:dpo@melitaltd.com\">dpo@melitaltd.com<\/a><\/p>\r\n <p>Sie haben das Recht, eine Beschwerde beim Informations- und Datenschutzbeauftragten einzureichen, wenn Sie der Ansicht sind, dass Wir die Anforderungen der Allgemeinen \r\n Datenschutzverordnung o-der des Datenschutzgesetzes in Bezug auf personenbezogene Daten nicht erf\u00fcllt haben.<\/p>\r\n <\/div>\r\n\r\n <\/div>\r\n\r\n <\/section>\r\n\r\n \r\n <section class=\"section section-cookies\">\r\n\r\n <h2 class=\"section-title\">Unser Cookie-Hinweis<\/h2>\r\n\r\n\r\n <div class=\"accordion\">\r\n <h3 class=\"accordion-title\">1. Welche Cookies verwenden Wir?<\/h3>\r\n <div class=\"accordion-content\">\r\n\r\n\r\n <script id=\"CookieDeclaration\" data-culture=\"de\" src=\"https:\/\/consent.cookiebot.com\/99d8da2e-e6cc-481e-8ea5-d780c9414bfc\/cd.js\" type=\"text\/javascript\" async><\/script>\r\n\r\n <\/div>\r\n <\/div><br>\r\n\r\n <p>Diese Datenschutz- und Cookie-Bestimmung wird von Zeit zu Zeit ge\u00e4ndert. Sie sollten sie daher re-gelm\u00e4\u00dfig pr\u00fcfen. Ihre Nutzung der melita.io-Website unterliegt der \r\n Datenschutz- und Cookie-Bestimmung der Website zum Zeitpunkt der jeweiligen Nutzung.<\/p><br>\r\n\r\n <p>Alle anderen Websites, auf die Sie von hier aus weitergeleitet werden, sind nicht Gegenstand dieser Datenschutz- und Cookie-Bestimmung.<\/p>\r\n\r\n <\/section>\r\n <\/div>\r\n\r\n<\/div>\n","protected":false},"excerpt":{"rendered":"","protected":false},"author":1,"featured_media":0,"parent":0,"menu_order":0,"comment_status":"closed","ping_status":"closed","template":"page-full-width.php","meta":{"_acf_changed":false,"footnotes":""},"class_list":["post-71","page","type-page","status-publish","hentry"],"acf":[],"yoast_head":"\n<title>Datenschutzerkl\u00e4rung - melita.io<\/title>\n<meta name=\"description\" content=\"Informationen \u00fcber meltia.io Datenverarbeitung, Privatsph\u00e4re und \u00dcbereinstimmung mit Regularien wie DSGVO.\" \/>\n<meta name=\"robots\" content=\"index, follow, max-snippet:-1, max-image-preview:large, max-video-preview:-1\" \/>\n<link rel=\"canonical\" href=\"https:\/\/www.melita.io\/de\/datenschutzerklarung\/\" \/>\n<meta property=\"og:locale\" content=\"de_DE\" \/>\n<meta property=\"og:type\" content=\"article\" \/>\n<meta property=\"og:title\" content=\"Datenschutzerkl\u00e4rung - melita.io\" \/>\n<meta property=\"og:description\" content=\"Informationen \u00fcber meltia.io Datenverarbeitung, Privatsph\u00e4re und \u00dcbereinstimmung mit Regularien wie DSGVO.\" \/>\n<meta property=\"og:url\" content=\"https:\/\/www.melita.io\/de\/datenschutzerklarung\/\" \/>\n<meta property=\"og:site_name\" content=\"melita.io\" \/>\n<meta property=\"article:modified_time\" content=\"2022-06-01T13:03:23+00:00\" \/>\n<meta property=\"og:image\" content=\"https:\/\/www.melita.io\/wp-content\/uploads\/2025\/07\/melitaio-og-image.png\" \/>\n\t<meta property=\"og:image:width\" content=\"1200\" \/>\n\t<meta property=\"og:image:height\" content=\"630\" \/>\n\t<meta property=\"og:image:type\" content=\"image\/png\" \/>\n<meta name=\"twitter:card\" content=\"summary_large_image\" \/>\n<meta name=\"twitter:label1\" content=\"Gesch\u00e4tzte Lesezeit\" \/>\n\t<meta name=\"twitter:data1\" content=\"1\u00a0Minute\" \/>\n<script type=\"application\/ld+json\" class=\"yoast-schema-graph\">{\"@context\":\"https:\/\/schema.org\",\"@graph\":[{\"@type\":\"WebPage\",\"@id\":\"https:\/\/www.melita.io\/de\/datenschutzerklarung\/\",\"url\":\"https:\/\/www.melita.io\/de\/datenschutzerklarung\/\",\"name\":\"Datenschutzerkl\u00e4rung - melita.io\",\"isPartOf\":{\"@id\":\"https:\/\/www.melita.io\/de\/#website\"},\"datePublished\":\"2019-09-30T08:23:05+00:00\",\"dateModified\":\"2022-06-01T13:03:23+00:00\",\"description\":\"Informationen \u00fcber meltia.io Datenverarbeitung, Privatsph\u00e4re und \u00dcbereinstimmung mit Regularien wie DSGVO.\",\"breadcrumb\":{\"@id\":\"https:\/\/www.melita.io\/de\/datenschutzerklarung\/#breadcrumb\"},\"inLanguage\":\"de\",\"potentialAction\":[{\"@type\":\"ReadAction\",\"target\":[\"https:\/\/www.melita.io\/de\/datenschutzerklarung\/\"]}]},{\"@type\":\"BreadcrumbList\",\"@id\":\"https:\/\/www.melita.io\/de\/datenschutzerklarung\/#breadcrumb\",\"itemListElement\":[{\"@type\":\"ListItem\",\"position\":1,\"name\":\"home\",\"item\":\"https:\/\/www.melita.io\/de\/\"},{\"@type\":\"ListItem\",\"position\":2,\"name\":\"Datenschutzerkl\u00e4rung\"}]},{\"@type\":\"WebSite\",\"@id\":\"https:\/\/www.melita.io\/de\/#website\",\"url\":\"https:\/\/www.melita.io\/de\/\",\"name\":\"melita.io\",\"description\":\"Europ\u00e4isches M2M connectivity Netzwerk\",\"publisher\":{\"@id\":\"https:\/\/www.melita.io\/de\/#organization\"},\"potentialAction\":[{\"@type\":\"SearchAction\",\"target\":{\"@type\":\"EntryPoint\",\"urlTemplate\":\"https:\/\/www.melita.io\/de\/?s={search_term_string}\"},\"query-input\":{\"@type\":\"PropertyValueSpecification\",\"valueRequired\":true,\"valueName\":\"search_term_string\"}}],\"inLanguage\":\"de\"},{\"@type\":\"Organization\",\"@id\":\"https:\/\/www.melita.io\/de\/#organization\",\"name\":\"Melita.io\",\"url\":\"https:\/\/www.melita.io\/de\/\",\"logo\":{\"@type\":\"ImageObject\",\"inLanguage\":\"de\",\"@id\":\"https:\/\/www.melita.io\/de\/#\/schema\/logo\/image\/\",\"url\":\"https:\/\/www.melita.io\/wp-content\/uploads\/2020\/11\/melita-io-logo.png\",\"contentUrl\":\"https:\/\/www.melita.io\/wp-content\/uploads\/2020\/11\/melita-io-logo.png\",\"width\":130,\"height\":50,\"caption\":\"Melita.io\"},\"image\":{\"@id\":\"https:\/\/www.melita.io\/de\/#\/schema\/logo\/image\/\"}}]}<\/script>\n","yoast_head_json":{"title":"Datenschutzerkl\u00e4rung - melita.io","description":"Informationen \u00fcber meltia.io Datenverarbeitung, Privatsph\u00e4re und \u00dcbereinstimmung mit Regularien wie DSGVO.","robots":{"index":"index","follow":"follow","max-snippet":"max-snippet:-1","max-image-preview":"max-image-preview:large","max-video-preview":"max-video-preview:-1"},"canonical":"https:\/\/www.melita.io\/de\/datenschutzerklarung\/","og_locale":"de_DE","og_type":"article","og_title":"Datenschutzerkl\u00e4rung - melita.io","og_description":"Informationen \u00fcber meltia.io Datenverarbeitung, Privatsph\u00e4re und \u00dcbereinstimmung mit Regularien wie DSGVO.","og_url":"https:\/\/www.melita.io\/de\/datenschutzerklarung\/","og_site_name":"melita.io","article_modified_time":"2022-06-01T13:03:23+00:00","og_image":[{"width":1200,"height":630,"url":"https:\/\/www.melita.io\/wp-content\/uploads\/2025\/07\/melitaio-og-image.png","type":"image\/png"}],"twitter_card":"summary_large_image","twitter_misc":{"Gesch\u00e4tzte Lesezeit":"1\u00a0Minute"},"schema":{"@context":"https:\/\/schema.org","@graph":[{"@type":"WebPage","@id":"https:\/\/www.melita.io\/de\/datenschutzerklarung\/","url":"https:\/\/www.melita.io\/de\/datenschutzerklarung\/","name":"Datenschutzerkl\u00e4rung - melita.io","isPartOf":{"@id":"https:\/\/www.melita.io\/de\/#website"},"datePublished":"2019-09-30T08:23:05+00:00","dateModified":"2022-06-01T13:03:23+00:00","description":"Informationen \u00fcber meltia.io Datenverarbeitung, Privatsph\u00e4re und \u00dcbereinstimmung mit Regularien wie DSGVO.","breadcrumb":{"@id":"https:\/\/www.melita.io\/de\/datenschutzerklarung\/#breadcrumb"},"inLanguage":"de","potentialAction":[{"@type":"ReadAction","target":["https:\/\/www.melita.io\/de\/datenschutzerklarung\/"]}]},{"@type":"BreadcrumbList","@id":"https:\/\/www.melita.io\/de\/datenschutzerklarung\/#breadcrumb","itemListElement":[{"@type":"ListItem","position":1,"name":"home","item":"https:\/\/www.melita.io\/de\/"},{"@type":"ListItem","position":2,"name":"Datenschutzerkl\u00e4rung"}]},{"@type":"WebSite","@id":"https:\/\/www.melita.io\/de\/#website","url":"https:\/\/www.melita.io\/de\/","name":"melita.io","description":"Europ\u00e4isches M2M connectivity Netzwerk","publisher":{"@id":"https:\/\/www.melita.io\/de\/#organization"},"potentialAction":[{"@type":"SearchAction","target":{"@type":"EntryPoint","urlTemplate":"https:\/\/www.melita.io\/de\/?s={search_term_string}"},"query-input":{"@type":"PropertyValueSpecification","valueRequired":true,"valueName":"search_term_string"}}],"inLanguage":"de"},{"@type":"Organization","@id":"https:\/\/www.melita.io\/de\/#organization","name":"Melita.io","url":"https:\/\/www.melita.io\/de\/","logo":{"@type":"ImageObject","inLanguage":"de","@id":"https:\/\/www.melita.io\/de\/#\/schema\/logo\/image\/","url":"https:\/\/www.melita.io\/wp-content\/uploads\/2020\/11\/melita-io-logo.png","contentUrl":"https:\/\/www.melita.io\/wp-content\/uploads\/2020\/11\/melita-io-logo.png","width":130,"height":50,"caption":"Melita.io"},"image":{"@id":"https:\/\/www.melita.io\/de\/#\/schema\/logo\/image\/"}}]}},"_links":{"self":[{"href":"https:\/\/www.melita.io\/de\/wp-json\/wp\/v2\/pages\/71","targetHints":{"allow":["GET"]}}],"collection":[{"href":"https:\/\/www.melita.io\/de\/wp-json\/wp\/v2\/pages"}],"about":[{"href":"https:\/\/www.melita.io\/de\/wp-json\/wp\/v2\/types\/page"}],"author":[{"embeddable":true,"href":"https:\/\/www.melita.io\/de\/wp-json\/wp\/v2\/users\/1"}],"replies":[{"embeddable":true,"href":"https:\/\/www.melita.io\/de\/wp-json\/wp\/v2\/comments?post=71"}],"version-history":[{"count":0,"href":"https:\/\/www.melita.io\/de\/wp-json\/wp\/v2\/pages\/71\/revisions"}],"wp:attachment":[{"href":"https:\/\/www.melita.io\/de\/wp-json\/wp\/v2\/media?parent=71"}],"curies":[{"name":"wp","href":"https:\/\/api.w.org\/{rel}","templated":true}]}}