{"id":2693,"date":"2022-06-01T13:56:08","date_gmt":"2022-06-01T11:56:08","guid":{"rendered":"https:\/\/www.melita.io\/lorawan-connectivity\/"},"modified":"2022-06-01T14:09:35","modified_gmt":"2022-06-01T12:09:35","slug":"connectivite-lorawan","status":"publish","type":"page","link":"https:\/\/www.melita.io\/fr\/connectivite-lorawan\/","title":{"rendered":"Connectivite LoRaWAN"},"content":{"rendered":"\n\r\n\r\n\r\n<div\r\n class=\"lorawan-iot-awareness-template official-campaign\">\r\n\r\n \r\n <section class=\"fold-hero fold-default\">\r\n <div class=\"wrapper\">\r\n\r\n \r\n \r\n <div class=\"fold-details col-xs-12 col-md-8 col-md-7\">\r\n\r\n \r\n <h1 class=\"fold-title\">\r\n\r\n <span class=\"highlight\">LoRaWAN<\/span>\r\n\r\n \r\n <div class=\"logo-container\">\r\n <img decoding=\"async\" class=\"logo\" src=\"https:\/\/www.melita.io\/wp-content\/plugins\/melita-iot-custom-pages\/img\/campaigns\/lorawan-iot\/lorawan-logo.png\" alt=\"\">\r\n <\/div>\r\n <\/h1>\r\n\r\n \r\n <h2 class=\"fold-subtitle\">\r\n <span>L\u2019\u00e9pine dorsale de l\u2019Internet des objets<\/span>\r\n <\/h2>\r\n\r\n \r\n <ul class=\"fold-list\">\r\n <li>Solution \u00e9conomique<\/li>\r\n <li>Efficacit\u00e9 \u00e9nerg\u00e9tique<\/li>\r\n <li>Couverture optimale du r\u00e9seau incluant une p\u00e9n\u00e9tration int\u00e9rieure profonde<\/li>\r\n <li>Utilisation gratuite du portail de gestion des senseurs<\/li>\r\n <\/ul>\r\n\r\n \r\n \r\n <div class=\"button-wrap\">\r\n <button class=\"button-default\" scroll-from=\"fold-benefits\">Les Avantages<\/button>\r\n <\/div>\r\n\r\n \r\n <\/div>\r\n\r\n \r\n \r\n <div class=\"fold-img-wrap col-xs-12 col-sm\">\r\n <img decoding=\"async\" src=\"https:\/\/www.melita.io\/wp-content\/plugins\/melita-iot-custom-pages\/\/img\/campaigns\/lorawan-iot\/laptop.png\" alt=\"\">\r\n <\/div>\r\n\r\n \r\n\r\n <\/div>\r\n <\/section>\r\n\r\n \r\n <section class=\"fold-data-options\"\r\n style=\"background-image: url('https:\/\/www.melita.io\/wp-content\/plugins\/melita-iot-custom-pages\/\/img\/campaigns\/lorawan-iot\/options-img.png');\">\r\n <div class=\"wrapper\">\r\n\r\n \r\n <div class=\"fold-img-wrap antenna-img\">\r\n <img decoding=\"async\" class=\"fold-img\" src=\"https:\/\/www.melita.io\/wp-content\/plugins\/melita-iot-custom-pages\/\/img\/campaigns\/lorawan-iot\/antenna.png\" alt=\"\">\r\n <\/div>\r\n\r\n \r\n <div class=\"fold-details col-md-7\">\r\n\r\n <h2 class=\"fold-title\">Connectivit\u00e9 bidirectionnelle s\u00e9curis\u00e9e<\/h2>\r\n\r\n <div class=\"fold-img-wrap antenna-img-mob\">\r\n <img decoding=\"async\" class=\"fold-img\" src=\"https:\/\/www.melita.io\/wp-content\/plugins\/melita-iot-custom-pages\/\/img\/campaigns\/lorawan-iot\/antenna.png\" alt=\"\">\r\n <\/div>\r\n\r\n <div class=\"fold-desc\">\r\n <p>En tant que fournisseurs de connectivit\u00e9, nous sommes des experts dans la construction et l\u2019exploitation\r\n des r\u00e9seaux et donc nous nous assurons que vos donn\u00e9es crypt\u00e9es soient enregistr\u00e9es et transf\u00e9r\u00e9es en toute\r\n s\u00e9curit\u00e9 sur votre plateforme IoT. Via notre r\u00e9seau de partenaires d\u2019entreprises IoT, nous pouvons \u00e9galement\r\n vous offrir une grande gamme de senseurs pour vos besoins particuliers.<\/p>\r\n <p>Ayant le r\u00f4le de partenaire commercial et non pas seulement de fournisseur de services, melita.io aide les\r\n entreprises et des villes enti\u00e8res \u00e0 trouver leur place dans le futur digital. Facilement. Avec des\r\n comp\u00e9tences. \u00c9quitablement.<\/p>\r\n <p>Notre r\u00e9seau de partenaires est compos\u00e9 de nombreuses entreprises IoT de plusieurs tailles, qui se\r\n sp\u00e9cialisent dans diff\u00e9rentes solutions afin de satisfaire les exigences des clients. Gr\u00e2ce \u00e0 ce r\u00e9seau de\r\n partenaires, nous pouvons offrir des solutions et des applications rapides tout en nous concentrant sur la\r\n fourniture d\u2019un meilleur r\u00e9seau possible. Nous fournissons des produits simples et transparents et nous\r\n travaillons avec vous en tant que partenaires afin de trouver la meilleure solution pour vos besoins.<\/p>\r\n <\/div>\r\n <\/div>\r\n\r\n \r\n <div class=\"fold-options col-xs-12\">\r\n\r\n \r\n <div class=\"fold-option-wrap\">\r\n\r\n \r\n <div class=\"fold-option sensors\">\r\n\r\n \r\n <h3 class=\"option-title\">Capteurs<\/h3>\r\n\r\n \r\n <img decoding=\"async\" src=\"https:\/\/www.melita.io\/wp-content\/plugins\/melita-iot-custom-pages\/\/img\/campaigns\/lorawan-iot\/iot-sensors.png\" alt=\"\"\r\n class=\"option-img\">\r\n\r\n \r\n <div class=\"option-desc\">\r\n <p>Les capteurs collectent et transmettant les donn\u00e9es crypt\u00e9es.<\/p>\r\n <\/div>\r\n\r\n <\/div>\r\n <\/div>\r\n\r\n \r\n <div class=\"fold-option-wrap\">\r\n\r\n \r\n <div class=\"fold-option connectivity\">\r\n\r\n \r\n <h3 class=\"option-title\">Connectivit\u00e9<\/h3>\r\n\r\n \r\n <img decoding=\"async\" src=\"https:\/\/www.melita.io\/wp-content\/plugins\/melita-iot-custom-pages\/\/img\/campaigns\/lorawan-iot\/iot-connectivity.png\" alt=\"\"\r\n class=\"option-img\">\r\n\r\n \r\n <div class=\"option-desc\">\r\n <p>Les donn\u00e9es crypt\u00e9es sont transmises \u00e0 l'API de pr\u00e9f\u00e9rence.<\/p>\r\n <\/div>\r\n\r\n <\/div>\r\n <\/div>\r\n\r\n \r\n <div class=\"fold-option-wrap\">\r\n\r\n \r\n <div class=\"fold-option analytics\">\r\n\r\n \r\n <h3 class=\"option-title\">Analytique<\/h3>\r\n\r\n \r\n <img decoding=\"async\" src=\"https:\/\/www.melita.io\/wp-content\/plugins\/melita-iot-custom-pages\/\/img\/campaigns\/lorawan-iot\/iot-analytics.png\" alt=\"\"\r\n class=\"option-img\">\r\n\r\n \r\n <div class=\"option-desc\">\r\n <p>L'enregistrement des donn\u00e9es destin\u00e9es \u00e0 l'API et la pr\u00e9sentation des donn\u00e9es pr\u00eates pour l'analyse.\r\n <\/p>\r\n <\/div>\r\n\r\n <\/div>\r\n <\/div>\r\n\r\n <\/div>\r\n\r\n <\/div>\r\n <\/section>\r\n\r\n \r\n <section class=\"fold-default fold-features bg-grey\">\r\n <div class=\"wrapper\">\r\n <div class=\"fold-details\">\r\n\r\n \r\n <h2 class=\"fold-features-title\">G\u00e9rer votre connectivit\u00e9<\/h2>\r\n\r\n \r\n <div class=\"fold-desc\">\r\n <p>Notre portail est con\u00e7u d\u00e8s le d\u00e9part, \u00e0 base des besoins des clients IoT, afin de g\u00e9rer de grands volumes\r\n de capteurs et de paquets de donn\u00e9es.<\/p>\r\n <\/div>\r\n\r\n \r\n <div class=\"fold-features-list \">\r\n <div class=\"fold-features-wrap col-lg-9\">\r\n\r\n <div class=\"feature-item-column col-xs-12 col-sm-6\">\r\n <span class=\"feature-item\">Vue sur les capteurs et les d\u00e9tails sur les paquets de donn\u00e9es<\/span>\r\n <span class=\"feature-item\">Gestion de plusieurs comptes et profils<\/span>\r\n <span class=\"feature-item\">Fonctionnalit\u00e9s avanc\u00e9es de recherche et de filtrage<\/span>\r\n <span class=\"feature-item\">Support des demandes et notifications<\/span>\r\n <span class=\"feature-item\">Facturation et paiements en ligne<\/span>\r\n <\/div>\r\n <div class=\"feature-item-column col-xs-12 col-sm-6\">\r\n <span class=\"feature-item\">Enregistrement s\u00e9curis\u00e9 et authentification \u00e0 2 facteurs<\/span>\r\n <span class=\"feature-item\">\u00c9tiquetez vos capteurs et vos offres avec un nom convivial<\/span>\r\n <span class=\"feature-item\">Rapports d'utilisation<\/span>\r\n <span class=\"feature-item\">Webhook ou Kit REST API pour les donn\u00e9es des capteurs et la communication\r\n crypt\u00e9e<\/span>\r\n <\/div>\r\n\r\n <\/div>\r\n <\/div>\r\n <\/div>\r\n <\/div>\r\n <\/section>\r\n\r\n \r\n <section class=\"fold-images\">\r\n <div class=\"wrapper\">\r\n <div class=\"images-wrap\">\r\n <img decoding=\"async\" class=\"image\" src=\"https:\/\/www.melita.io\/wp-content\/plugins\/melita-iot-custom-pages\/img\/campaigns\/lorawan-iot\/img-1.png\" alt=\"\">\r\n <img decoding=\"async\" class=\"image\" src=\"https:\/\/www.melita.io\/wp-content\/plugins\/melita-iot-custom-pages\/img\/campaigns\/lorawan-iot\/img-2.png\" alt=\"\">\r\n <img decoding=\"async\" class=\"image\" src=\"https:\/\/www.melita.io\/wp-content\/plugins\/melita-iot-custom-pages\/img\/campaigns\/lorawan-iot\/img-3.png\" alt=\"\">\r\n <\/div>\r\n <\/div>\r\n <\/section>\r\n\r\n <section class=\"fold-default bg-white fold-benefits\" scroll-to=\"fold-benefits\">\r\n <div class=\"wrapper center-xs padding-bottom-0\">\r\n <div class=\"fold-details col-xs-12\">\r\n <h2 class=\"fold-title\">Les principaux avantages en br\u00e8f<\/h2>\r\n <\/div>\r\n\r\n <div class=\"features\">\r\n\r\n <div class=\"feature-box col-sm-4 col-md-3 fold-details \">\r\n <div class=\"features-icon\">\r\n <img decoding=\"async\" class=\"icon\" src=\"https:\/\/www.melita.io\/wp-content\/plugins\/melita-iot-custom-pages\/\/img\/campaigns\/lorawan-iot\/icons\/icon-wifi.svg\" alt=\"wifi\">\r\n <\/div>\r\n <div class=\"features-content\">\r\n <h4 class=\"fold-title\">R\u00e9seau radio IoT de qualit\u00e9 op\u00e9rateur pour votre application<\/h4>\r\n <\/div>\r\n <\/div>\r\n\r\n <div class=\"feature-box col-sm-4 col-md-3 fold-details \">\r\n <div class=\"features-icon\">\r\n <img decoding=\"async\" class=\"icon\" src=\"https:\/\/www.melita.io\/wp-content\/plugins\/melita-iot-custom-pages\/\/img\/campaigns\/lorawan-iot\/icons\/best-connectivity.svg\"\r\n alt=\"best-connectivity\">\r\n <\/div>\r\n <div class=\"features-content\">\r\n <h4 class=\"fold-title\">Webhook ou REST API pour les donn\u00e9es brutes des capteurs et la communication\r\n bidirectionnelle crypt\u00e9e<\/h4>\r\n <\/div>\r\n <\/div>\r\n\r\n <div class=\"feature-box col-sm-4 col-md-3 fold-details \">\r\n <div class=\"features-icon\">\r\n <img decoding=\"async\" class=\"icon\" src=\"https:\/\/www.melita.io\/wp-content\/plugins\/melita-iot-custom-pages\/\/img\/campaigns\/lorawan-iot\/icons\/icon-person.svg\"\r\n alt=\"person\">\r\n <\/div>\r\n <div class=\"features-content\">\r\n <h4 class=\"fold-title\">Enregistrement facile des capteurs via le portail IoT<\/h4>\r\n <\/div>\r\n <\/div>\r\n\r\n <div class=\"feature-box col-sm-4 col-md-3 fold-details \">\r\n <div class=\"features-icon\">\r\n <img decoding=\"async\" class=\"icon\" src=\"https:\/\/www.melita.io\/wp-content\/plugins\/melita-iot-custom-pages\/\/img\/campaigns\/lorawan-iot\/icons\/icon-battery.svg\"\r\n alt=\"battery\">\r\n <\/div>\r\n <div class=\"features-content\">\r\n <h4 class=\"fold-title\">Solution \u00e0 haut rendement \u00e9nerg\u00e9tique gr\u00e2ce \u00e0 la batterie \u00e0 longue dur\u00e9e<\/h4>\r\n <\/div>\r\n <\/div>\r\n\r\n <\/div>\r\n <\/div>\r\n <\/section>\r\n\r\n\r\n <section class=\"fold-default bg-gradient-secondary-reverse fold-antenna\">\r\n <div class=\"wrapper\">\r\n\r\n <div class=\"fold-details col-xs-12 col-md-7\">\r\n\r\n <h2 class=\"fold-title\">D\u00e9fiez-nous<\/h2>\r\n <p class=\"fold-desc\">LoRaWAN prend en charge les aspects les plus centraux de l'Internet des objets - la\r\n communication, entre les capteurs avec une batterie \u00e0 longue dur\u00e9e et les derni\u00e8res plateformes IoT, est\r\n s\u00e9curis\u00e9e et bidirectionnelle. Notre technologie est extr\u00eamement flexible, ce qui la rend id\u00e9ale pour la\r\n lecture de capteurs, la mobilit\u00e9 et la couverture, m\u00eame dans les zones difficiles d'acc\u00e8s et les r\u00e9gions mal\r\n desservies.<\/p>\r\n\r\n <div class=\"button-wrap\">\r\n <button class=\"button-default form-dialog-button secondary\"\r\n data-custom-open=\"request-quote-modal\">Contactez-nous<\/button>\r\n <\/div>\r\n\r\n <\/div>\r\n\r\n <div class=\"fold-img-wrap col-xs-12 col-md-5\">\r\n <img decoding=\"async\" class=\"fold-img\" src=\"https:\/\/www.melita.io\/wp-content\/plugins\/melita-iot-custom-pages\/\/img\/campaigns\/lorawan-iot\/antenna-2.png\" alt=\"\">\r\n <\/div>\r\n\r\n <\/div>\r\n <\/section>\r\n\r\n<\/div>\n","protected":false},"excerpt":{"rendered":"","protected":false},"author":8,"featured_media":0,"parent":0,"menu_order":0,"comment_status":"closed","ping_status":"closed","template":"page-full-width.php","meta":{"_acf_changed":false,"footnotes":""},"class_list":["post-2693","page","type-page","status-publish","hentry"],"acf":[],"yoast_head":"\n<title>Connectivite LoRaWAN - melita.io<\/title>\n<meta name=\"robots\" content=\"noindex, nofollow\" \/>\n<meta property=\"og:locale\" content=\"fr_FR\" \/>\n<meta property=\"og:type\" content=\"article\" \/>\n<meta property=\"og:title\" content=\"Connectivite LoRaWAN - melita.io\" \/>\n<meta property=\"og:url\" content=\"https:\/\/www.melita.io\/fr\/connectivite-lorawan\/\" \/>\n<meta property=\"og:site_name\" content=\"melita.io\" \/>\n<meta property=\"article:modified_time\" content=\"2022-06-01T12:09:35+00:00\" \/>\n<meta property=\"og:image\" content=\"https:\/\/www.melita.io\/wp-content\/uploads\/2025\/07\/melitaio-og-image.png\" \/>\n\t<meta property=\"og:image:width\" content=\"1200\" \/>\n\t<meta property=\"og:image:height\" content=\"630\" \/>\n\t<meta property=\"og:image:type\" content=\"image\/png\" \/>\n<meta name=\"twitter:card\" content=\"summary_large_image\" \/>\n<meta name=\"twitter:label1\" content=\"Dur\u00e9e de lecture estim\u00e9e\" \/>\n\t<meta name=\"twitter:data1\" content=\"1 minute\" \/>\n<script type=\"application\/ld+json\" class=\"yoast-schema-graph\">{\"@context\":\"https:\/\/schema.org\",\"@graph\":[{\"@type\":\"WebPage\",\"@id\":\"https:\/\/www.melita.io\/fr\/connectivite-lorawan\/\",\"url\":\"https:\/\/www.melita.io\/fr\/connectivite-lorawan\/\",\"name\":\"Connectivite LoRaWAN - melita.io\",\"isPartOf\":{\"@id\":\"https:\/\/www.melita.io\/fr\/#website\"},\"datePublished\":\"2022-06-01T11:56:08+00:00\",\"dateModified\":\"2022-06-01T12:09:35+00:00\",\"breadcrumb\":{\"@id\":\"https:\/\/www.melita.io\/fr\/connectivite-lorawan\/#breadcrumb\"},\"inLanguage\":\"fr-FR\",\"potentialAction\":[{\"@type\":\"ReadAction\",\"target\":[\"https:\/\/www.melita.io\/fr\/connectivite-lorawan\/\"]}]},{\"@type\":\"BreadcrumbList\",\"@id\":\"https:\/\/www.melita.io\/fr\/connectivite-lorawan\/#breadcrumb\",\"itemListElement\":[{\"@type\":\"ListItem\",\"position\":1,\"name\":\"home\",\"item\":\"https:\/\/www.melita.io\/fr\/\"},{\"@type\":\"ListItem\",\"position\":2,\"name\":\"Connectivite LoRaWAN\"}]},{\"@type\":\"WebSite\",\"@id\":\"https:\/\/www.melita.io\/fr\/#website\",\"url\":\"https:\/\/www.melita.io\/fr\/\",\"name\":\"melita.io\",\"description\":\"The European M2M connectivity network\",\"publisher\":{\"@id\":\"https:\/\/www.melita.io\/fr\/#organization\"},\"potentialAction\":[{\"@type\":\"SearchAction\",\"target\":{\"@type\":\"EntryPoint\",\"urlTemplate\":\"https:\/\/www.melita.io\/fr\/?s={search_term_string}\"},\"query-input\":{\"@type\":\"PropertyValueSpecification\",\"valueRequired\":true,\"valueName\":\"search_term_string\"}}],\"inLanguage\":\"fr-FR\"},{\"@type\":\"Organization\",\"@id\":\"https:\/\/www.melita.io\/fr\/#organization\",\"name\":\"Melita.io\",\"url\":\"https:\/\/www.melita.io\/fr\/\",\"logo\":{\"@type\":\"ImageObject\",\"inLanguage\":\"fr-FR\",\"@id\":\"https:\/\/www.melita.io\/fr\/#\/schema\/logo\/image\/\",\"url\":\"https:\/\/www.melita.io\/wp-content\/uploads\/2020\/11\/melita-io-logo.png\",\"contentUrl\":\"https:\/\/www.melita.io\/wp-content\/uploads\/2020\/11\/melita-io-logo.png\",\"width\":130,\"height\":50,\"caption\":\"Melita.io\"},\"image\":{\"@id\":\"https:\/\/www.melita.io\/fr\/#\/schema\/logo\/image\/\"}}]}<\/script>\n","yoast_head_json":{"title":"Connectivite LoRaWAN - melita.io","robots":{"index":"noindex","follow":"nofollow"},"og_locale":"fr_FR","og_type":"article","og_title":"Connectivite LoRaWAN - melita.io","og_url":"https:\/\/www.melita.io\/fr\/connectivite-lorawan\/","og_site_name":"melita.io","article_modified_time":"2022-06-01T12:09:35+00:00","og_image":[{"width":1200,"height":630,"url":"https:\/\/www.melita.io\/wp-content\/uploads\/2025\/07\/melitaio-og-image.png","type":"image\/png"}],"twitter_card":"summary_large_image","twitter_misc":{"Dur\u00e9e de lecture estim\u00e9e":"1 minute"},"schema":{"@context":"https:\/\/schema.org","@graph":[{"@type":"WebPage","@id":"https:\/\/www.melita.io\/fr\/connectivite-lorawan\/","url":"https:\/\/www.melita.io\/fr\/connectivite-lorawan\/","name":"Connectivite LoRaWAN - melita.io","isPartOf":{"@id":"https:\/\/www.melita.io\/fr\/#website"},"datePublished":"2022-06-01T11:56:08+00:00","dateModified":"2022-06-01T12:09:35+00:00","breadcrumb":{"@id":"https:\/\/www.melita.io\/fr\/connectivite-lorawan\/#breadcrumb"},"inLanguage":"fr-FR","potentialAction":[{"@type":"ReadAction","target":["https:\/\/www.melita.io\/fr\/connectivite-lorawan\/"]}]},{"@type":"BreadcrumbList","@id":"https:\/\/www.melita.io\/fr\/connectivite-lorawan\/#breadcrumb","itemListElement":[{"@type":"ListItem","position":1,"name":"home","item":"https:\/\/www.melita.io\/fr\/"},{"@type":"ListItem","position":2,"name":"Connectivite LoRaWAN"}]},{"@type":"WebSite","@id":"https:\/\/www.melita.io\/fr\/#website","url":"https:\/\/www.melita.io\/fr\/","name":"melita.io","description":"The European M2M connectivity network","publisher":{"@id":"https:\/\/www.melita.io\/fr\/#organization"},"potentialAction":[{"@type":"SearchAction","target":{"@type":"EntryPoint","urlTemplate":"https:\/\/www.melita.io\/fr\/?s={search_term_string}"},"query-input":{"@type":"PropertyValueSpecification","valueRequired":true,"valueName":"search_term_string"}}],"inLanguage":"fr-FR"},{"@type":"Organization","@id":"https:\/\/www.melita.io\/fr\/#organization","name":"Melita.io","url":"https:\/\/www.melita.io\/fr\/","logo":{"@type":"ImageObject","inLanguage":"fr-FR","@id":"https:\/\/www.melita.io\/fr\/#\/schema\/logo\/image\/","url":"https:\/\/www.melita.io\/wp-content\/uploads\/2020\/11\/melita-io-logo.png","contentUrl":"https:\/\/www.melita.io\/wp-content\/uploads\/2020\/11\/melita-io-logo.png","width":130,"height":50,"caption":"Melita.io"},"image":{"@id":"https:\/\/www.melita.io\/fr\/#\/schema\/logo\/image\/"}}]}},"_links":{"self":[{"href":"https:\/\/www.melita.io\/fr\/wp-json\/wp\/v2\/pages\/2693","targetHints":{"allow":["GET"]}}],"collection":[{"href":"https:\/\/www.melita.io\/fr\/wp-json\/wp\/v2\/pages"}],"about":[{"href":"https:\/\/www.melita.io\/fr\/wp-json\/wp\/v2\/types\/page"}],"author":[{"embeddable":true,"href":"https:\/\/www.melita.io\/fr\/wp-json\/wp\/v2\/users\/8"}],"replies":[{"embeddable":true,"href":"https:\/\/www.melita.io\/fr\/wp-json\/wp\/v2\/comments?post=2693"}],"version-history":[{"count":0,"href":"https:\/\/www.melita.io\/fr\/wp-json\/wp\/v2\/pages\/2693\/revisions"}],"wp:attachment":[{"href":"https:\/\/www.melita.io\/fr\/wp-json\/wp\/v2\/media?parent=2693"}],"curies":[{"name":"wp","href":"https:\/\/api.w.org\/{rel}","templated":true}]}}