{"id":2779,"date":"2019-09-27T15:11:14","date_gmt":"2019-09-27T14:11:14","guid":{"rendered":"https:\/\/www.melita.io\/privacy-policy\/"},"modified":"2025-10-03T08:56:56","modified_gmt":"2025-10-03T06:56:56","slug":"privacy-policy","status":"publish","type":"page","link":"https:\/\/www.melita.io\/fr\/privacy-policy\/","title":{"rendered":"Privacy Policy"},"content":{"rendered":"<div class=\"privacy-template\">\r\n\r\n <div class=\"wrapper\">\r\n\r\n <h1 class=\"page-title\">D\u00e9claration de confidentialit\u00e9 et d'utilisation de cookies du site web.<\/h1>\r\n\r\n \r\n <section class=\"section section-privacy\">\r\n\r\n <p>Le pr\u00e9sent avis relatif \u00e0 la confidentialit\u00e9 et aux cookies du site web s\u2019applique \u00e0 toute information personnelle que vous nous donnez (\u00ab Information sur l\u2019utilisateur \u00bb) via ce site web. Cet avis est con\u00e7u pour vous aider \u00e0 vous sentir plus confiant pour ce qui concerne la confidentialit\u00e9 et la s\u00e9curit\u00e9 de vos donn\u00e9es personnelles. \u00ab vous \u00bb signifie vous, l\u2019utilisateur du site. \u00ab Nous \u00bb d\u00e9signe Melita Limited (op\u00e9rant sous la marque \u00ab melita.io \u00bb) ci-apr\u00e8s d\u00e9nomm\u00e9e comme \u00ab Melita \u00bb et tout membre des \u00ab utilisateurs \u00bb d\u00e9signe les utilisateurs du site collectivement et\/ou individuellement selon le contexte. Nous traitons les donn\u00e9es personnelles uniquement en conformit\u00e9 avec le r\u00e8glement g\u00e9n\u00e9ral sur la protection des donn\u00e9es (R\u00e8glement (UE) 2016\/679), la loi sur la protection des donn\u00e9es (Cap 586 de la l\u00e9gislation de Malte) et toute autre l\u00e9gislation applicable.<\/p>\r\n\r\n <div class=\"accordion\">\r\n <h3 class=\"accordion-title\">1. Quelles donn\u00e9es personnelles collectons-nous ?<\/h3>\r\n <div class=\"accordion-content\">\r\n <p>La plupart des donn\u00e9es que nous collectons sont librement fournies par vous afin d\u2019\u00eatre contact\u00e9 avec les derni\u00e8res informations. Dans le cadre de cet exercice, nous pouvons collecter les cat\u00e9gories de donn\u00e9es personnelles suivantes:<\/p>\r\n\r\n <ul class=\"checklist-bullets\">\r\n\r\n <li>nom et adresse;<\/li>\r\n <li>les d\u00e9tails pour vous contacter, comme le num\u00e9ro de t\u00e9l\u00e9phone et l\u2019adresse e-mail;<\/li>\r\n <li>Toute correspondance que vous pourriez nous envoyer.<\/li>\r\n\r\n <\/ul>\r\n\r\n <\/div>\r\n\r\n <\/div>\r\n \r\n <div class=\"accordion\">\r\n <h3 class=\"accordion-title\">2. Comment collectons-nous les donn\u00e9es personnelles ?<\/h3>\r\n <div class=\"accordion-content\">\r\n\r\n <p>Quand vous utilisez le site et ses services vous pouvez rencontrer des domaines comme les formulaires de contact, les concours, les services vid\u00e9o et d\u2019autres fonctionnalit\u00e9s, o\u00f9 vous pouvez \u00eatre invit\u00e9 \u00e0 entrer des informations utilisateur. Ces Informations d\u2019utilisateur seront utilis\u00e9es conform\u00e9ment \u00e0 la pr\u00e9sente politique de confidentialit\u00e9 et de cookies du site web, aux fins qu\u2019elles soient collect\u00e9es et \u00e0 toute autre but sp\u00e9cifi\u00e9e au point de collecte.<\/p>\r\n\r\n <\/div>\r\n\r\n <\/div>\r\n\r\n <div class=\"accordion\">\r\n\r\n <h3 class=\"accordion-title\">3. Comment traitons-nous les donn\u00e9es personnelles collect\u00e9es ?<\/h3>\r\n\r\n <div class=\"accordion-content\">\r\n <p>En saisissant vos Informations d\u2019Utilisateur via ce site vous acceptez que nous puissions conserver vos Informations d\u2019utilisateur et qu\u2019elles puissent \u00eatre d\u00e9tenues par nous ou toute soci\u00e9t\u00e9 tierce qui les traite \u00e0 Notre nom.<\/p><br>\r\n <p>Nous serons autoris\u00e9s \u00e0 utiliser vos Informations d\u2019utilisateur aux fins suivantes :<\/p>\r\n <ol>\r\n <li>communiquer avec vous au sujet du produit ou du service dans lequel vous avez inscrit votre int\u00e9r\u00eat;<\/li>\r\n <li>les \u00e9tudes de march\u00e9, enclouant l\u2019analyse statistique du comportement de l\u2019utilisateur que nous pouvons divulguer \u00e0 des tiers sous forme agr\u00e9g\u00e9e et d\u00e9personnalis\u00e9e;<\/li>\r\n <li>afin de nous permettre de nous conformer \u00e0 toute exigence qui nous est impos\u00e9e par la loi ou une ordonnance judiciaire;<\/li>\r\n <li>surveiller la conformit\u00e9 avec notre politique d\u2019utilisation acceptable;<\/li>\r\n <li>afin de vous envoyer des communications p\u00e9riodiques (y compris mais sans s\u2019y limiter les SMS ou les e-mail), sur les fonctionnalit\u00e9s, produits et services, \u00e9v\u00e9nements et offres sp\u00e9ciales li\u00e9es \u00e0 nos produits et services. Ces communications de notre part peuvent contenir de la publicit\u00e9 pour des entreprises ou des organisations tierces. Pour votre commodit\u00e9 Vous pouvez retirer votre consentement en cliquant sur le lien <a href=\"https:\/\/www.melita.com\/newsletter-unsubscribe\/\" target=\"_self\">\"se d\u00e9sabonner\"<\/a>dans les courriels\/SMS envoy\u00e9s par Nous. Veuillez \u00e9galement noter que nous ne divulguons pas vos informations d\u2019utilisateur \u00e0 des tiers pour leur permettre de vous envoyer de la publicit\u00e9 directe sans votre permission.<\/li>\r\n <\/ol>\r\n <\/div>\r\n\r\n <\/div>\r\n\r\n <div class=\"accordion\">\r\n\r\n <h3 class=\"accordion-title\">4. Qui sont les tiers qui peuvent traiter vos donn\u00e9es ?<\/h3>\r\n\r\n <div class=\"accordion-content\">\r\n <p>Les destinataires et les responsables de traitement de vos donn\u00e9es personnelles sont Melita et ses employ\u00e9s. Nous pourrions \u00e9galement transf\u00e9rer vos donn\u00e9es personnelles \u00e0 nos soci\u00e9t\u00e9s intragroupe, soci\u00e9t\u00e9s affili\u00e9es et agents, \u00e0 d\u2019autres op\u00e9rateurs de communications \u00e9lectroniques autoris\u00e9s, \u00e0 l\u2019autorit\u00e9 publique ou \u00e0 l\u2019organisme d\u2019application de la loi et \u00e0 des tiers qui fournissent des services \u00e0 Melita, dans le but de pouvoir vous contacter et vous fournir le service que vous avez demand\u00e9, en surveillant comment vous utilisez le site web et nos services et comment nous pouvons nous am\u00e9liorer.<\/p>\r\n <p>Avec votre consentement, nous pouvons \u00e9galement transmettre vos donn\u00e9es \u00e0 des tiers afin de r\u00e9aliser des \u00e9tudes de march\u00e9.<\/p>\r\n <p>Afin de pouvoir vous contacter ou vous fournir votre service, Melita peut \u00eatre tenue de transf\u00e9rer vos donn\u00e9es personnelles \u00e0 des destinataires situ\u00e9s en dehors de l\u2019UE. En faisant \u00e7a, Melita s\u2019assure que les destinataires tiers sont soumis \u00e0 une d\u00e9cision d\u2019ad\u00e9quation ou \u00e0 des garanties appropri\u00e9es conform\u00e9ment au r\u00e8glement g\u00e9n\u00e9ral sur la protection des donn\u00e9es (r\u00e8glement (UE) 2016\/679) et \u00e0 toute autre l\u00e9gislation applicable et que Melita a un motif justifiable pour un tel transfert, comme notre int\u00e9r\u00eat l\u00e9gitime. Si vous souhaitez obtenir de plus amples informations sur les tiers destinataires situ\u00e9s en dehors de l\u2019UE, veuillez cliquer <a href=\"https:\/\/www.melita.io\/non-eu-processors\/\" target=\"_self\">ici<\/a>.<\/p>\r\n <\/div>\r\n\r\n <\/div>\r\n\r\n <div class=\"accordion\">\r\n\r\n <h3 class=\"accordion-title\">5. Comment nous s\u00e9curisons et conservons vos donn\u00e9es ?<\/h3>\r\n\r\n <div class=\"accordion-content\">\r\n <p>La s\u00e9curit\u00e9 est tr\u00e8s importante pour nous. La technologie de chiffrement SSL (Secure Socket Layer) est utilis\u00e9e pour la protection des informations en transit pour toutes les transactions sensibles comme les paiements. Des proc\u00e9dures de s\u00e9curit\u00e9 suppl\u00e9mentaires sont en place pour prot\u00e9ger la confidentialit\u00e9, l\u2019int\u00e9grit\u00e9 et la disponibilit\u00e9 de vos informations d\u2019utilisateur.<\/p>\r\n <\/div>\r\n\r\n <\/div>\r\n\r\n <div class=\"accordion\">\r\n\r\n <h3 class=\"accordion-title\">6. Quels sont vos droits ?<\/h3>\r\n\r\n <div class=\"accordion-content\">\r\n <p>Vous avez le droit de vous opposer \u00e0 notre traitement de vos donn\u00e9es personnelles, d\u2019acc\u00e9der aux donn\u00e9es personnelles que nous d\u00e9tenons \u00e0 votre sujet et dans certaines circonstances demandons de porter ces donn\u00e9es personnelles dans une structure, couramment utilis\u00e9e et avec un format lisible pour vous ou \u00e0 un autre tiers indiqu\u00e9 par vous. Vous avez \u00e9galement le droit de demander la rectification, le blocage ou l\u2019effacement imm\u00e9diat de vos donn\u00e9es personnelles.<\/p>\r\n <p>Le blocage et l\u2019effacement des donn\u00e9es personnelles fournies par votre utilisation de notre site web ne peuvent \u00eatre effectu\u00e9s par nous qu\u2019au cas d\u2019une absence d\u2019obligations l\u00e9gales et\/ou contractuelles \u00e0 notre \u00e9gard.<\/p>\r\n <p>Si Vous avez donn\u00e9 votre consentement pour le traitement des donn\u00e9es, vous avez le droit (dans certaines circonstances) de retirer ce consentement \u00e0 tout moment, ce qui n\u2019affectera pas la l\u00e9galit\u00e9 du traitement avant que le consentement ne soit retir\u00e9.<\/p>\r\n\r\n <p>Toute question ou commentaire concernant cet avis doit \u00eatre envoy\u00e9 \u00e0 <a href=\"mailto:dpo@melitaltd.com\">dpo@melitaltd.com<\/a><\/p>\r\n <p>Vous avez le droit de d\u00e9poser une plainte aupr\u00e8s du commissaire de la protection des donn\u00e9es et de l\u2019information si vous croyez que nous n\u2019avons pas respect\u00e9 les exigences du r\u00e8glement g\u00e9n\u00e9ral sur la protection des donn\u00e9es ou de la loi sur la protection des donn\u00e9es en ce qui concerne les donn\u00e9es personnelles.<\/p>\r\n <\/div>\r\n\r\n <\/div>\r\n\r\n <\/section>\r\n\r\n \r\n <section class=\"section section-cookies\">\r\n\r\n <h2 class=\"section-title\">Avis sur les Cookie<\/h2>\r\n\r\n <div class=\"accordion\">\r\n <h3 class=\"accordion-title\">1. Quels cookies utilisons-nous ?<\/h3>\r\n <div class=\"accordion-content\">\r\n\r\n\r\n <script id=\"CookieDeclaration\" data-culture=\"fr\" src=\"https:\/\/consent.cookiebot.com\/99d8da2e-e6cc-481e-8ea5-d780c9414bfc\/cd.js\" type=\"text\/javascript\" async><\/script>\r\n\r\n <\/div>\r\n <\/div><br>\r\n\r\n <p>Nous pouvons changer de temps en temps cette d\u00e9claration de confidentialit\u00e9 et de cookies du site web et vous devriez le v\u00e9rifier r\u00e9guli\u00e8rement. Votre utilisation du site web melita.io sera soumise \u00e0 l\u2019avis de confidentialit\u00e9 et de cookies du site web au moment de chaque utilisation.<\/p><br>\r\n\r\n <p>Tout site auquel vous pouvez vous connecter \u00e0 partir d\u2019ici n\u2019est pas couvert par le pr\u00e9sent avis de confidentialit\u00e9 et de cookies.<\/p>\r\n\r\n <\/section>\r\n <\/div>\r\n\r\n<\/div>\n","protected":false},"excerpt":{"rendered":"","protected":false},"author":1,"featured_media":0,"parent":0,"menu_order":0,"comment_status":"closed","ping_status":"closed","template":"page-full-width.php","meta":{"_acf_changed":false,"footnotes":""},"class_list":["post-2779","page","type-page","status-publish","hentry"],"acf":[],"yoast_head":"\n<title>Privacy Policy - melita.io<\/title>\n<meta name=\"description\" content=\"Sous-traitants hors UE - melita.io\" \/>\n<meta name=\"robots\" content=\"index, follow, max-snippet:-1, max-image-preview:large, max-video-preview:-1\" \/>\n<link rel=\"canonical\" href=\"https:\/\/www.melita.io\/fr\/privacy-policy\/\" \/>\n<meta property=\"og:locale\" content=\"fr_FR\" \/>\n<meta property=\"og:type\" content=\"article\" \/>\n<meta property=\"og:title\" content=\"Privacy Policy - melita.io\" \/>\n<meta property=\"og:description\" content=\"Sous-traitants hors UE - melita.io\" \/>\n<meta property=\"og:url\" content=\"https:\/\/www.melita.io\/fr\/privacy-policy\/\" \/>\n<meta property=\"og:site_name\" content=\"melita.io\" \/>\n<meta property=\"article:modified_time\" content=\"2025-10-03T06:56:56+00:00\" \/>\n<meta property=\"og:image\" content=\"https:\/\/www.melita.io\/wp-content\/uploads\/2025\/07\/melitaio-og-image.png\" \/>\n\t<meta property=\"og:image:width\" content=\"1200\" \/>\n\t<meta property=\"og:image:height\" content=\"630\" \/>\n\t<meta property=\"og:image:type\" content=\"image\/png\" \/>\n<meta name=\"twitter:card\" content=\"summary_large_image\" \/>\n<meta name=\"twitter:label1\" content=\"Dur\u00e9e de lecture estim\u00e9e\" \/>\n\t<meta name=\"twitter:data1\" content=\"1 minute\" \/>\n<script type=\"application\/ld+json\" class=\"yoast-schema-graph\">{\"@context\":\"https:\/\/schema.org\",\"@graph\":[{\"@type\":\"WebPage\",\"@id\":\"https:\/\/www.melita.io\/fr\/privacy-policy\/\",\"url\":\"https:\/\/www.melita.io\/fr\/privacy-policy\/\",\"name\":\"Privacy Policy - melita.io\",\"isPartOf\":{\"@id\":\"https:\/\/www.melita.io\/fr\/#website\"},\"datePublished\":\"2019-09-27T14:11:14+00:00\",\"dateModified\":\"2025-10-03T06:56:56+00:00\",\"description\":\"Sous-traitants hors UE - melita.io\",\"breadcrumb\":{\"@id\":\"https:\/\/www.melita.io\/fr\/privacy-policy\/#breadcrumb\"},\"inLanguage\":\"fr-FR\",\"potentialAction\":[{\"@type\":\"ReadAction\",\"target\":[\"https:\/\/www.melita.io\/fr\/privacy-policy\/\"]}]},{\"@type\":\"BreadcrumbList\",\"@id\":\"https:\/\/www.melita.io\/fr\/privacy-policy\/#breadcrumb\",\"itemListElement\":[{\"@type\":\"ListItem\",\"position\":1,\"name\":\"home\",\"item\":\"https:\/\/www.melita.io\/fr\/\"},{\"@type\":\"ListItem\",\"position\":2,\"name\":\"Privacy Policy\"}]},{\"@type\":\"WebSite\",\"@id\":\"https:\/\/www.melita.io\/fr\/#website\",\"url\":\"https:\/\/www.melita.io\/fr\/\",\"name\":\"melita.io\",\"description\":\"The European M2M connectivity network\",\"publisher\":{\"@id\":\"https:\/\/www.melita.io\/fr\/#organization\"},\"potentialAction\":[{\"@type\":\"SearchAction\",\"target\":{\"@type\":\"EntryPoint\",\"urlTemplate\":\"https:\/\/www.melita.io\/fr\/?s={search_term_string}\"},\"query-input\":{\"@type\":\"PropertyValueSpecification\",\"valueRequired\":true,\"valueName\":\"search_term_string\"}}],\"inLanguage\":\"fr-FR\"},{\"@type\":\"Organization\",\"@id\":\"https:\/\/www.melita.io\/fr\/#organization\",\"name\":\"Melita.io\",\"url\":\"https:\/\/www.melita.io\/fr\/\",\"logo\":{\"@type\":\"ImageObject\",\"inLanguage\":\"fr-FR\",\"@id\":\"https:\/\/www.melita.io\/fr\/#\/schema\/logo\/image\/\",\"url\":\"https:\/\/www.melita.io\/wp-content\/uploads\/2020\/11\/melita-io-logo.png\",\"contentUrl\":\"https:\/\/www.melita.io\/wp-content\/uploads\/2020\/11\/melita-io-logo.png\",\"width\":130,\"height\":50,\"caption\":\"Melita.io\"},\"image\":{\"@id\":\"https:\/\/www.melita.io\/fr\/#\/schema\/logo\/image\/\"}}]}<\/script>\n","yoast_head_json":{"title":"Privacy Policy - melita.io","description":"Sous-traitants hors UE - melita.io","robots":{"index":"index","follow":"follow","max-snippet":"max-snippet:-1","max-image-preview":"max-image-preview:large","max-video-preview":"max-video-preview:-1"},"canonical":"https:\/\/www.melita.io\/fr\/privacy-policy\/","og_locale":"fr_FR","og_type":"article","og_title":"Privacy Policy - melita.io","og_description":"Sous-traitants hors UE - melita.io","og_url":"https:\/\/www.melita.io\/fr\/privacy-policy\/","og_site_name":"melita.io","article_modified_time":"2025-10-03T06:56:56+00:00","og_image":[{"width":1200,"height":630,"url":"https:\/\/www.melita.io\/wp-content\/uploads\/2025\/07\/melitaio-og-image.png","type":"image\/png"}],"twitter_card":"summary_large_image","twitter_misc":{"Dur\u00e9e de lecture estim\u00e9e":"1 minute"},"schema":{"@context":"https:\/\/schema.org","@graph":[{"@type":"WebPage","@id":"https:\/\/www.melita.io\/fr\/privacy-policy\/","url":"https:\/\/www.melita.io\/fr\/privacy-policy\/","name":"Privacy Policy - melita.io","isPartOf":{"@id":"https:\/\/www.melita.io\/fr\/#website"},"datePublished":"2019-09-27T14:11:14+00:00","dateModified":"2025-10-03T06:56:56+00:00","description":"Sous-traitants hors UE - melita.io","breadcrumb":{"@id":"https:\/\/www.melita.io\/fr\/privacy-policy\/#breadcrumb"},"inLanguage":"fr-FR","potentialAction":[{"@type":"ReadAction","target":["https:\/\/www.melita.io\/fr\/privacy-policy\/"]}]},{"@type":"BreadcrumbList","@id":"https:\/\/www.melita.io\/fr\/privacy-policy\/#breadcrumb","itemListElement":[{"@type":"ListItem","position":1,"name":"home","item":"https:\/\/www.melita.io\/fr\/"},{"@type":"ListItem","position":2,"name":"Privacy Policy"}]},{"@type":"WebSite","@id":"https:\/\/www.melita.io\/fr\/#website","url":"https:\/\/www.melita.io\/fr\/","name":"melita.io","description":"The European M2M connectivity network","publisher":{"@id":"https:\/\/www.melita.io\/fr\/#organization"},"potentialAction":[{"@type":"SearchAction","target":{"@type":"EntryPoint","urlTemplate":"https:\/\/www.melita.io\/fr\/?s={search_term_string}"},"query-input":{"@type":"PropertyValueSpecification","valueRequired":true,"valueName":"search_term_string"}}],"inLanguage":"fr-FR"},{"@type":"Organization","@id":"https:\/\/www.melita.io\/fr\/#organization","name":"Melita.io","url":"https:\/\/www.melita.io\/fr\/","logo":{"@type":"ImageObject","inLanguage":"fr-FR","@id":"https:\/\/www.melita.io\/fr\/#\/schema\/logo\/image\/","url":"https:\/\/www.melita.io\/wp-content\/uploads\/2020\/11\/melita-io-logo.png","contentUrl":"https:\/\/www.melita.io\/wp-content\/uploads\/2020\/11\/melita-io-logo.png","width":130,"height":50,"caption":"Melita.io"},"image":{"@id":"https:\/\/www.melita.io\/fr\/#\/schema\/logo\/image\/"}}]}},"_links":{"self":[{"href":"https:\/\/www.melita.io\/fr\/wp-json\/wp\/v2\/pages\/2779","targetHints":{"allow":["GET"]}}],"collection":[{"href":"https:\/\/www.melita.io\/fr\/wp-json\/wp\/v2\/pages"}],"about":[{"href":"https:\/\/www.melita.io\/fr\/wp-json\/wp\/v2\/types\/page"}],"author":[{"embeddable":true,"href":"https:\/\/www.melita.io\/fr\/wp-json\/wp\/v2\/users\/1"}],"replies":[{"embeddable":true,"href":"https:\/\/www.melita.io\/fr\/wp-json\/wp\/v2\/comments?post=2779"}],"version-history":[{"count":1,"href":"https:\/\/www.melita.io\/fr\/wp-json\/wp\/v2\/pages\/2779\/revisions"}],"predecessor-version":[{"id":9955,"href":"https:\/\/www.melita.io\/fr\/wp-json\/wp\/v2\/pages\/2779\/revisions\/9955"}],"wp:attachment":[{"href":"https:\/\/www.melita.io\/fr\/wp-json\/wp\/v2\/media?parent=2779"}],"curies":[{"name":"wp","href":"https:\/\/api.w.org\/{rel}","templated":true}]}}