{"id":2781,"date":"2019-10-03T14:42:06","date_gmt":"2019-10-03T12:42:06","guid":{"rendered":"https:\/\/www.melita.io\/non-eu-processors\/"},"modified":"2025-10-03T08:57:29","modified_gmt":"2025-10-03T06:57:29","slug":"non-eu-processors","status":"publish","type":"page","link":"https:\/\/www.melita.io\/fr\/non-eu-processors\/","title":{"rendered":"Non EU Processors"},"content":{"rendered":"\n<h1 class=\"text-secondary\">Processeurs non UE<\/h1>\n\n\n\n<p>Melita peut \u00eatre amen\u00e9e \u00e0 transf\u00e9rer vos donn\u00e9es personnelles \u00e0 des destinataires situ\u00e9s en dehors de l\u2019UE. Ce faisant, Melita s\u2019assure que les destinataires tiers sont soumis \u00e0 une d\u00e9cision d\u2019ad\u00e9quation ou \u00e0 des garanties appropri\u00e9es conform\u00e9ment au r\u00e8glement g\u00e9n\u00e9ral sur la protection des donn\u00e9es (r\u00e8glement (UE) 2016\/679) et \u00e0 toute autre l\u00e9gislation applicable et que Melita a un motif justifiable pour un tel transfert, tel que notre int\u00e9r\u00eat l\u00e9gitime.<\/p>\n\n\n\n<p>Melita a des transformateurs tiers situ\u00e9s dans&nbsp;:<\/p>\n\n\n\n<p>\u00c9tats-Unis<\/p>\n","protected":false},"excerpt":{"rendered":"<p>Processeurs non UE Melita peut \u00eatre amen\u00e9e \u00e0 transf\u00e9rer vos donn\u00e9es personnelles \u00e0 des destinataires situ\u00e9s en dehors de l\u2019UE. Ce faisant, Melita s\u2019assure que les destinataires tiers sont soumis \u00e0 une d\u00e9cision d\u2019ad\u00e9quation ou \u00e0 des garanties appropri\u00e9es conform\u00e9ment au r\u00e8glement g\u00e9n\u00e9ral sur la protection des donn\u00e9es (r\u00e8glement (UE) 2016\/679) et \u00e0 toute autre [&hellip;]<\/p>\n","protected":false},"author":1,"featured_media":0,"parent":0,"menu_order":0,"comment_status":"closed","ping_status":"closed","template":"","meta":{"_acf_changed":false,"footnotes":""},"class_list":["post-2781","page","type-page","status-publish","hentry"],"acf":[],"yoast_head":"\n<title>Non EU Processors - melita.io<\/title>\n<meta name=\"description\" content=\"Politique de confidentialit\u00e9 - melita.io\" \/>\n<meta name=\"robots\" content=\"index, follow, max-snippet:-1, max-image-preview:large, max-video-preview:-1\" \/>\n<link rel=\"canonical\" href=\"https:\/\/www.melita.io\/fr\/non-eu-processors\/\" \/>\n<meta property=\"og:locale\" content=\"fr_FR\" \/>\n<meta property=\"og:type\" content=\"article\" \/>\n<meta property=\"og:title\" content=\"Non EU Processors - melita.io\" \/>\n<meta property=\"og:description\" content=\"Politique de confidentialit\u00e9 - melita.io\" \/>\n<meta property=\"og:url\" content=\"https:\/\/www.melita.io\/fr\/non-eu-processors\/\" \/>\n<meta property=\"og:site_name\" content=\"melita.io\" \/>\n<meta property=\"article:modified_time\" content=\"2025-10-03T06:57:29+00:00\" \/>\n<meta property=\"og:image\" content=\"https:\/\/www.melita.io\/wp-content\/uploads\/2025\/07\/melitaio-og-image.png\" \/>\n\t<meta property=\"og:image:width\" content=\"1200\" \/>\n\t<meta property=\"og:image:height\" content=\"630\" \/>\n\t<meta property=\"og:image:type\" content=\"image\/png\" \/>\n<meta name=\"twitter:card\" content=\"summary_large_image\" \/>\n<meta name=\"twitter:label1\" content=\"Dur\u00e9e de lecture estim\u00e9e\" \/>\n\t<meta name=\"twitter:data1\" content=\"1 minute\" \/>\n<script type=\"application\/ld+json\" class=\"yoast-schema-graph\">{\"@context\":\"https:\/\/schema.org\",\"@graph\":[{\"@type\":\"WebPage\",\"@id\":\"https:\/\/www.melita.io\/fr\/non-eu-processors\/\",\"url\":\"https:\/\/www.melita.io\/fr\/non-eu-processors\/\",\"name\":\"Non EU Processors - melita.io\",\"isPartOf\":{\"@id\":\"https:\/\/www.melita.io\/fr\/#website\"},\"datePublished\":\"2019-10-03T12:42:06+00:00\",\"dateModified\":\"2025-10-03T06:57:29+00:00\",\"description\":\"Politique de confidentialit\u00e9 - melita.io\",\"breadcrumb\":{\"@id\":\"https:\/\/www.melita.io\/fr\/non-eu-processors\/#breadcrumb\"},\"inLanguage\":\"fr-FR\",\"potentialAction\":[{\"@type\":\"ReadAction\",\"target\":[\"https:\/\/www.melita.io\/fr\/non-eu-processors\/\"]}]},{\"@type\":\"BreadcrumbList\",\"@id\":\"https:\/\/www.melita.io\/fr\/non-eu-processors\/#breadcrumb\",\"itemListElement\":[{\"@type\":\"ListItem\",\"position\":1,\"name\":\"home\",\"item\":\"https:\/\/www.melita.io\/fr\/\"},{\"@type\":\"ListItem\",\"position\":2,\"name\":\"Non EU Processors\"}]},{\"@type\":\"WebSite\",\"@id\":\"https:\/\/www.melita.io\/fr\/#website\",\"url\":\"https:\/\/www.melita.io\/fr\/\",\"name\":\"melita.io\",\"description\":\"The European M2M connectivity network\",\"publisher\":{\"@id\":\"https:\/\/www.melita.io\/fr\/#organization\"},\"potentialAction\":[{\"@type\":\"SearchAction\",\"target\":{\"@type\":\"EntryPoint\",\"urlTemplate\":\"https:\/\/www.melita.io\/fr\/?s={search_term_string}\"},\"query-input\":{\"@type\":\"PropertyValueSpecification\",\"valueRequired\":true,\"valueName\":\"search_term_string\"}}],\"inLanguage\":\"fr-FR\"},{\"@type\":\"Organization\",\"@id\":\"https:\/\/www.melita.io\/fr\/#organization\",\"name\":\"Melita.io\",\"url\":\"https:\/\/www.melita.io\/fr\/\",\"logo\":{\"@type\":\"ImageObject\",\"inLanguage\":\"fr-FR\",\"@id\":\"https:\/\/www.melita.io\/fr\/#\/schema\/logo\/image\/\",\"url\":\"https:\/\/www.melita.io\/wp-content\/uploads\/2020\/11\/melita-io-logo.png\",\"contentUrl\":\"https:\/\/www.melita.io\/wp-content\/uploads\/2020\/11\/melita-io-logo.png\",\"width\":130,\"height\":50,\"caption\":\"Melita.io\"},\"image\":{\"@id\":\"https:\/\/www.melita.io\/fr\/#\/schema\/logo\/image\/\"}}]}<\/script>\n","yoast_head_json":{"title":"Non EU Processors - melita.io","description":"Politique de confidentialit\u00e9 - melita.io","robots":{"index":"index","follow":"follow","max-snippet":"max-snippet:-1","max-image-preview":"max-image-preview:large","max-video-preview":"max-video-preview:-1"},"canonical":"https:\/\/www.melita.io\/fr\/non-eu-processors\/","og_locale":"fr_FR","og_type":"article","og_title":"Non EU Processors - melita.io","og_description":"Politique de confidentialit\u00e9 - melita.io","og_url":"https:\/\/www.melita.io\/fr\/non-eu-processors\/","og_site_name":"melita.io","article_modified_time":"2025-10-03T06:57:29+00:00","og_image":[{"width":1200,"height":630,"url":"https:\/\/www.melita.io\/wp-content\/uploads\/2025\/07\/melitaio-og-image.png","type":"image\/png"}],"twitter_card":"summary_large_image","twitter_misc":{"Dur\u00e9e de lecture estim\u00e9e":"1 minute"},"schema":{"@context":"https:\/\/schema.org","@graph":[{"@type":"WebPage","@id":"https:\/\/www.melita.io\/fr\/non-eu-processors\/","url":"https:\/\/www.melita.io\/fr\/non-eu-processors\/","name":"Non EU Processors - melita.io","isPartOf":{"@id":"https:\/\/www.melita.io\/fr\/#website"},"datePublished":"2019-10-03T12:42:06+00:00","dateModified":"2025-10-03T06:57:29+00:00","description":"Politique de confidentialit\u00e9 - melita.io","breadcrumb":{"@id":"https:\/\/www.melita.io\/fr\/non-eu-processors\/#breadcrumb"},"inLanguage":"fr-FR","potentialAction":[{"@type":"ReadAction","target":["https:\/\/www.melita.io\/fr\/non-eu-processors\/"]}]},{"@type":"BreadcrumbList","@id":"https:\/\/www.melita.io\/fr\/non-eu-processors\/#breadcrumb","itemListElement":[{"@type":"ListItem","position":1,"name":"home","item":"https:\/\/www.melita.io\/fr\/"},{"@type":"ListItem","position":2,"name":"Non EU Processors"}]},{"@type":"WebSite","@id":"https:\/\/www.melita.io\/fr\/#website","url":"https:\/\/www.melita.io\/fr\/","name":"melita.io","description":"The European M2M connectivity network","publisher":{"@id":"https:\/\/www.melita.io\/fr\/#organization"},"potentialAction":[{"@type":"SearchAction","target":{"@type":"EntryPoint","urlTemplate":"https:\/\/www.melita.io\/fr\/?s={search_term_string}"},"query-input":{"@type":"PropertyValueSpecification","valueRequired":true,"valueName":"search_term_string"}}],"inLanguage":"fr-FR"},{"@type":"Organization","@id":"https:\/\/www.melita.io\/fr\/#organization","name":"Melita.io","url":"https:\/\/www.melita.io\/fr\/","logo":{"@type":"ImageObject","inLanguage":"fr-FR","@id":"https:\/\/www.melita.io\/fr\/#\/schema\/logo\/image\/","url":"https:\/\/www.melita.io\/wp-content\/uploads\/2020\/11\/melita-io-logo.png","contentUrl":"https:\/\/www.melita.io\/wp-content\/uploads\/2020\/11\/melita-io-logo.png","width":130,"height":50,"caption":"Melita.io"},"image":{"@id":"https:\/\/www.melita.io\/fr\/#\/schema\/logo\/image\/"}}]}},"_links":{"self":[{"href":"https:\/\/www.melita.io\/fr\/wp-json\/wp\/v2\/pages\/2781","targetHints":{"allow":["GET"]}}],"collection":[{"href":"https:\/\/www.melita.io\/fr\/wp-json\/wp\/v2\/pages"}],"about":[{"href":"https:\/\/www.melita.io\/fr\/wp-json\/wp\/v2\/types\/page"}],"author":[{"embeddable":true,"href":"https:\/\/www.melita.io\/fr\/wp-json\/wp\/v2\/users\/1"}],"replies":[{"embeddable":true,"href":"https:\/\/www.melita.io\/fr\/wp-json\/wp\/v2\/comments?post=2781"}],"version-history":[{"count":1,"href":"https:\/\/www.melita.io\/fr\/wp-json\/wp\/v2\/pages\/2781\/revisions"}],"predecessor-version":[{"id":9956,"href":"https:\/\/www.melita.io\/fr\/wp-json\/wp\/v2\/pages\/2781\/revisions\/9956"}],"wp:attachment":[{"href":"https:\/\/www.melita.io\/fr\/wp-json\/wp\/v2\/media?parent=2781"}],"curies":[{"name":"wp","href":"https:\/\/api.w.org\/{rel}","templated":true}]}}