{"id":194,"date":"2019-10-16T15:24:14","date_gmt":"2019-10-16T13:24:14","guid":{"rendered":"https:\/\/www.melita.io\/?page_id=194"},"modified":"2022-06-01T15:03:24","modified_gmt":"2022-06-01T13:03:24","slug":"privacy","status":"publish","type":"page","link":"https:\/\/www.melita.io\/it\/privacy\/","title":{"rendered":"Privacy"},"content":{"rendered":"<div class=\"privacy-template\">\r\n\r\n <div class=\"wrapper\">\r\n\r\n <h1 class=\"page-title\">Informativa sulla privacy e sui cookie del sito Web<\/h1>\r\n\r\n \r\n <section class=\"section section-privacy\">\r\n\r\n <p>La presente Informativa sulla privacy e sui cookie del sito Web \u00e8 applicabile a tutte le informazioni personali fornite dall\u2019utente (\u201cInformazioni dell\u2019utente\u201d) \r\n tramite questo sito Web. L\u2019Informativa \u00e8 stata ideata per aiutarvi a sentirvi pi\u00f9 sicuri riguardo alla riservatezza privacy e alla sicurezza dei vostri dati personali. \u201cVoi\u201d \r\n si riferisce a voi, cio\u00e8 agli utenti del sito. \u201cNoi\u201d indica Melita Limited (che opera con il marchio \u201cmelita.io\u201d) di seguito denominato \u201cMelita\u201d e qualsiasi membro riferito \r\n come \u201cUtenti\u201d indica gli utenti del Sito collettivamente e\/o individualmente a seconda del contesto. Trattiamo i dati personali solo in conformit\u00e0 con il Regolamento generale \r\n sulla protezione dei dati (Regolamento (UE) 2016\/679), il Data Protection Act (Cap 586 delle leggi di Malta) e qualsiasi altra legislazione applicabile.<\/p>\r\n\r\n <div class=\"accordion\">\r\n <h3 class=\"accordion-title\">1. Quali dati personali raccogliamo?<\/h3>\r\n <div class=\"accordion-content\">\r\n <p>La maggior parte dei dati che raccogliamo viene fornita gratuitamente dall\u2019utente con lo scopo di essere contattato per ricevere le ultime informazioni da noi fornite. \r\n Nell\u2019ambito di questo esercizio, potremmo raccogliere le seguenti categorie di dati personali:<\/p>\r\n\r\n <ul class=\"checklist-bullets\">\r\n\r\n <li>Nome e indirizzo;<\/li>\r\n\r\n <li>Informazioni di contatto quali numero di telefono cellulare e indirizzo email; e<\/li>\r\n\r\n <li>l\u2019eventuale corrispondenza che ci viene inviata.<\/li>\r\n\r\n <\/ul>\r\n\r\n <\/div>\r\n\r\n <\/div>\r\n \r\n <div class=\"accordion\">\r\n <h3 class=\"accordion-title\">2. Come raccogliamo i dati personali?<\/h3>\r\n <div class=\"accordion-content\">\r\n\r\n <p>Quando si utilizzano il sito e i relativi servizi \u00e8 possibile che si acceda ad aree quali moduli di contatto, concorsi, servizi video e altre funzionalit\u00e0, nelle quali \u00e8 \r\n possibile che venga richiesto di inserire le informazioni dell\u2019utente. Tali informazioni dell\u2019utente verranno utilizzate in conformit\u00e0 con la presente Informativa sulla privacy \r\n e sui cookie del sito Web, per le finalit\u00e0 per le quali sono state raccolte e per qualsiasi altro scopo specificato nell'area della raccolta.<\/p>\r\n\r\n <\/div>\r\n\r\n <\/div>\r\n\r\n <div class=\"accordion\">\r\n\r\n <h3 class=\"accordion-title\">3. Come trattiamo i dati personali raccolti?<\/h3>\r\n\r\n <div class=\"accordion-content\">\r\n <p>Inserendo le informazioni dell\u2019utente tramite questo sito, si accetta che noi possiamo trattenere le informazioni dell\u2019utente e che possano essere detenute da noi o da \r\n eventuali societ\u00e0 terze che le elaborano per nostro conto.<\/p><br>\r\n <p>Avremo il diritto di utilizzare le informazioni dell\u2019utente per le seguenti finalit\u00e0:<\/p>\r\n <ol>\r\n <li>per contattarvi in relazione al prodotto o servizio per il quale vi siete registrati manifestando interesse;<\/li>\r\n <li>per ricerche di mercato, compresa l\u2019analisi statistica del comportamento dell\u2019utente, che potremmo divulgare a terzi in forma anonimizzata e aggregata;<\/li>\r\n <li>per consentirci di soddisfare tutti i requisiti imposti dalla legge o da ordinanze del tribunale; <\/li>\r\n <li>per monitorare la conformit\u00e0 con la nostra politica di uso accettabile; e<\/li>\r\n <li>per inviarvi comunicazioni periodiche (che comprendono, ma non si limitano a SMS o e-mail), riguardanti funzionalit\u00e0, prodotti e servizi, eventi e offerte speciali \r\n relative ai nostri prodotti e servizi. Tali comunicazioni da parte nostra possono contenere pubblicit\u00e0 per societ\u00e0 o organizzazioni di terzi. Per praticit\u00e0, \u00e8 possibile revocare \r\n il proprio consenso facendo clic sul link \u201c<a href=\"https:\/\/www.melita.com\/newsletter-unsubscribe\/\" target=\"_self\">cancella iscrizione<\/a>\u201d presente nelle e-mail\/negli SMS da \r\n noi inviati. Si noti inoltre che non divulghiamo le informazioni dell\u2019utente a terzi per consentire loro di inviarvi comunicazioni di marketing diretto senza la vostra \r\n autorizzazione.<\/li>\r\n <li>per mettervi in contatto con uno dei nostri partner, in base al permesso che abbiamo ricevuto, in relazione a una delle soluzioni a cui siete interessati. Se non siete pi\u00f9 interessati a ricevere le comunicazioni dal nostro partner, dovrete notificarlo di cessare ogni comunicazione ed eliminare i vostri dati personali, salvo diverse disposizioni di legge.<\/li>\r\n <\/ol>\r\n <\/div>\r\n\r\n <\/div>\r\n\r\n <div class=\"accordion\">\r\n\r\n <h3 class=\"accordion-title\">4. Chi sono le terze parti che possono elaborare i vostri dati?<\/h3>\r\n\r\n <div class=\"accordion-content\">\r\n <p>I destinatari e i responsabili del trattamento dei vostri dati personali sono Melita e i suoi dipendenti. Potremmo anche trasferire i vostro dati personali alle nostre \r\n societ\u00e0 interne al gruppo, affiliate e agenti, ad altri operatori di comunicazioni elettroniche autorizzati, autorit\u00e0 pubbliche o forze dell\u2019ordine e a terze parti che \r\n forniscono servizi a Melita, per potervi contattare e fornirvi il servizio richiesto, monitorare il modo in cui utilizzate il sito Web e i nostri servizi e il modo in cui \r\n possiamo migliorarli.<\/p>\r\n <p>A seguito del vostro consenso, potremo anche comunicare i vostri dati a una terza parte al fine di porre in essere ricerche di mercato o, di offrire un miglior supporto su una soluzione per cui avete manifestato il vostro interesse.<\/p>\r\n <p>Per potervi contattare o fornirvi il Servizio, per Melita potrebbe esservi la necessit\u00e0 di trasferire i vostri dati personali a destinatari situati al di fuori dell\u2019UE. Nel \r\n farlo, Melita garantisce che i terzi destinatari dei dati siano soggetti a una decisione di adeguatezza o a garanzie adeguate in conformit\u00e0 con il regolamento generale sulla \r\n protezione dei dati (regolamento (UE) 2016\/679) e con qualsiasi altra legislazione applicabile e che Melita abbia un motivo giustificabile per tale trasferimento, come ad esempio \r\n il nostro legittimo interesse. Se si desidera ricevere maggiori informazioni sulle terze parti destinatarie situate al di fuori dell\u2019UE, fare clic \r\n <a href=\"https:\/\/www.melita.io\/non-eu-processors\/\" target=\"_self\">qui<\/a>.<\/p>\r\n <\/div>\r\n\r\n <\/div>\r\n\r\n <div class=\"accordion\">\r\n\r\n <h3 class=\"accordion-title\">5. In che modo proteggiamo e conserviamo i vostri dati?<\/h3>\r\n\r\n <div class=\"accordion-content\">\r\n <p>Per noi la sicurezza \u00e8 molto importante. Per la protezione delle informazioni in transito relative a qualsiasi transazione sensibile quali ad esempio i pagamenti, viene \r\n utilizzata la tecnologia di crittografia Secure Socket Layer (\u201cSSL\u201d). Sono state messe in atto procedure di sicurezza aggiuntive per tutelare la riservatezza, l\u2019integrit\u00e0 e \r\n la disponibilit\u00e0 delle informazioni dell\u2019utente.<\/p>\r\n <\/div>\r\n\r\n <\/div>\r\n\r\n <div class=\"accordion\">\r\n\r\n <h3 class=\"accordion-title\">6. Quali sono i diritti dell\u2019utente?<\/h3>\r\n\r\n <div class=\"accordion-content\">\r\n <p>L\u2019utente ha il diritto di opporsi al trattamento dei suoi dati personali da parte nostra, di accedere ai suoi dati personali che deteniamo e in determinate circostanze di \r\n richiedere che tali dati personali vengano trasmessi in un formato strutturato, comunemente usato e leggibile da una macchina, all\u2019utente o a un\u2019altra terza parte da questi \r\n indicata. L\u2019utente ha inoltre il diritto di richiedere la rettifica, il blocco o la cancellazione immediata dei suoi dati personali.<br>\r\n Il blocco e la cancellazione dei dati personali forniti attraverso l\u2019utilizzo del nostro sito web possono essere effettuati da noi solo a condizione che non sussistano per noi \r\n obblighi legali e\/o contrattuali in tal senso.<\/p>\r\n <p>Se si \u00e8 fornito il consenso al trattamento dei dati, si ha diritto (in determinate circostanze) di revocare tale consenso in qualsiasi momento, senza che ci\u00f2 pregiudichi la \r\n liceit\u00e0 del trattamento prima della revoca del consenso.<\/p>\r\n <p>Eventuali domande o commenti sulla presente informativa devono essere inoltrati a <a href=\"mailto:dpo@melitaltd.com\">dpo@melitaltd.com<\/a><\/p>\r\n <p>L\u2019utente ha il diritto di presentare un reclamo al Garante per la protezione dei dati personali se ritiene che non abbiamo rispettato i requisiti del regolamento generale sulla \r\n protezione dei dati o della legge sulla protezione dei dati relativamente ai dati personali.<\/p>\r\n <\/div>\r\n\r\n <\/div>\r\n\r\n <\/section>\r\n\r\n \r\n <section class=\"section section-cookies\">\r\n\r\n <h2 class=\"section-title\">Informativa sui cookie<\/h2>\r\n\r\n <div class=\"accordion\">\r\n <h3 class=\"accordion-title\">1. Quali cookie utilizziamo?<\/h3>\r\n <div class=\"accordion-content\">\r\n\r\n\r\n <script id=\"CookieDeclaration\" data-culture=\"it\" src=\"https:\/\/consent.cookiebot.com\/99d8da2e-e6cc-481e-8ea5-d780c9414bfc\/cd.js\" type=\"text\/javascript\" async><\/script>\r\n\r\n <\/div>\r\n <\/div><br>\r\n\r\n <p>Di volta in volta potremmo modificare la presente Informativa sulla privacy e sui cookie del sito Web ed effettuare verifiche periodiche. L\u2019utilizzo del sito web melita.io \r\n sar\u00e0 regolato dall\u2019Informativa sulla privacy e sui cookie del sito Web a ogni utilizzo.<\/p><br>\r\n\r\n <p>Ogni altro sito al quale \u00e8 possibile connettersi da questo sito non \u00e8 coperto dalla presente Informativa sulla privacy e sui cookie del sito web.<\/p>\r\n\r\n <\/section>\r\n <\/div>\r\n\r\n<\/div>\n","protected":false},"excerpt":{"rendered":"","protected":false},"author":1,"featured_media":0,"parent":0,"menu_order":0,"comment_status":"closed","ping_status":"closed","template":"page-full-width.php","meta":{"_acf_changed":false,"footnotes":""},"class_list":["post-194","page","type-page","status-publish","hentry"],"acf":[],"yoast_head":"\n<title>Privacy - melita.io<\/title>\n<meta name=\"description\" content=\"Informazioni su come melita.io processa i tuoi dati, la gestione della privacy e la rispondenza alla regolamentezione incluso GDPR\" \/>\n<meta name=\"robots\" content=\"index, follow, max-snippet:-1, max-image-preview:large, max-video-preview:-1\" \/>\n<link rel=\"canonical\" href=\"https:\/\/www.melita.io\/it\/privacy\/\" \/>\n<meta property=\"og:locale\" content=\"it_IT\" \/>\n<meta property=\"og:type\" content=\"article\" \/>\n<meta property=\"og:title\" content=\"Privacy - melita.io\" \/>\n<meta property=\"og:description\" content=\"Informazioni su come melita.io processa i tuoi dati, la gestione della privacy e la rispondenza alla regolamentezione incluso GDPR\" \/>\n<meta property=\"og:url\" content=\"https:\/\/www.melita.io\/it\/privacy\/\" \/>\n<meta property=\"og:site_name\" content=\"melita.io\" \/>\n<meta property=\"article:modified_time\" content=\"2022-06-01T13:03:24+00:00\" \/>\n<meta property=\"og:image\" content=\"https:\/\/www.melita.io\/wp-content\/uploads\/2025\/07\/melitaio-og-image.png\" \/>\n\t<meta property=\"og:image:width\" content=\"1200\" \/>\n\t<meta property=\"og:image:height\" content=\"630\" \/>\n\t<meta property=\"og:image:type\" content=\"image\/png\" \/>\n<meta name=\"twitter:card\" content=\"summary_large_image\" \/>\n<meta name=\"twitter:label1\" content=\"Tempo di lettura stimato\" \/>\n\t<meta name=\"twitter:data1\" content=\"1 minuto\" \/>\n<script type=\"application\/ld+json\" class=\"yoast-schema-graph\">{\"@context\":\"https:\/\/schema.org\",\"@graph\":[{\"@type\":\"WebPage\",\"@id\":\"https:\/\/www.melita.io\/it\/privacy\/\",\"url\":\"https:\/\/www.melita.io\/it\/privacy\/\",\"name\":\"Privacy - melita.io\",\"isPartOf\":{\"@id\":\"https:\/\/www.melita.io\/it\/#website\"},\"datePublished\":\"2019-10-16T13:24:14+00:00\",\"dateModified\":\"2022-06-01T13:03:24+00:00\",\"description\":\"Informazioni su come melita.io processa i tuoi dati, la gestione della privacy e la rispondenza alla regolamentezione incluso GDPR\",\"breadcrumb\":{\"@id\":\"https:\/\/www.melita.io\/it\/privacy\/#breadcrumb\"},\"inLanguage\":\"it-IT\",\"potentialAction\":[{\"@type\":\"ReadAction\",\"target\":[\"https:\/\/www.melita.io\/it\/privacy\/\"]}]},{\"@type\":\"BreadcrumbList\",\"@id\":\"https:\/\/www.melita.io\/it\/privacy\/#breadcrumb\",\"itemListElement\":[{\"@type\":\"ListItem\",\"position\":1,\"name\":\"home\",\"item\":\"https:\/\/www.melita.io\/it\/\"},{\"@type\":\"ListItem\",\"position\":2,\"name\":\"Privacy\"}]},{\"@type\":\"WebSite\",\"@id\":\"https:\/\/www.melita.io\/it\/#website\",\"url\":\"https:\/\/www.melita.io\/it\/\",\"name\":\"melita.io\",\"description\":\"La rete di connettivit\u00e0 M2M europea\",\"publisher\":{\"@id\":\"https:\/\/www.melita.io\/it\/#organization\"},\"potentialAction\":[{\"@type\":\"SearchAction\",\"target\":{\"@type\":\"EntryPoint\",\"urlTemplate\":\"https:\/\/www.melita.io\/it\/?s={search_term_string}\"},\"query-input\":{\"@type\":\"PropertyValueSpecification\",\"valueRequired\":true,\"valueName\":\"search_term_string\"}}],\"inLanguage\":\"it-IT\"},{\"@type\":\"Organization\",\"@id\":\"https:\/\/www.melita.io\/it\/#organization\",\"name\":\"Melita.io\",\"url\":\"https:\/\/www.melita.io\/it\/\",\"logo\":{\"@type\":\"ImageObject\",\"inLanguage\":\"it-IT\",\"@id\":\"https:\/\/www.melita.io\/it\/#\/schema\/logo\/image\/\",\"url\":\"https:\/\/www.melita.io\/wp-content\/uploads\/2020\/11\/melita-io-logo.png\",\"contentUrl\":\"https:\/\/www.melita.io\/wp-content\/uploads\/2020\/11\/melita-io-logo.png\",\"width\":130,\"height\":50,\"caption\":\"Melita.io\"},\"image\":{\"@id\":\"https:\/\/www.melita.io\/it\/#\/schema\/logo\/image\/\"}}]}<\/script>\n","yoast_head_json":{"title":"Privacy - melita.io","description":"Informazioni su come melita.io processa i tuoi dati, la gestione della privacy e la rispondenza alla regolamentezione incluso GDPR","robots":{"index":"index","follow":"follow","max-snippet":"max-snippet:-1","max-image-preview":"max-image-preview:large","max-video-preview":"max-video-preview:-1"},"canonical":"https:\/\/www.melita.io\/it\/privacy\/","og_locale":"it_IT","og_type":"article","og_title":"Privacy - melita.io","og_description":"Informazioni su come melita.io processa i tuoi dati, la gestione della privacy e la rispondenza alla regolamentezione incluso GDPR","og_url":"https:\/\/www.melita.io\/it\/privacy\/","og_site_name":"melita.io","article_modified_time":"2022-06-01T13:03:24+00:00","og_image":[{"width":1200,"height":630,"url":"https:\/\/www.melita.io\/wp-content\/uploads\/2025\/07\/melitaio-og-image.png","type":"image\/png"}],"twitter_card":"summary_large_image","twitter_misc":{"Tempo di lettura stimato":"1 minuto"},"schema":{"@context":"https:\/\/schema.org","@graph":[{"@type":"WebPage","@id":"https:\/\/www.melita.io\/it\/privacy\/","url":"https:\/\/www.melita.io\/it\/privacy\/","name":"Privacy - melita.io","isPartOf":{"@id":"https:\/\/www.melita.io\/it\/#website"},"datePublished":"2019-10-16T13:24:14+00:00","dateModified":"2022-06-01T13:03:24+00:00","description":"Informazioni su come melita.io processa i tuoi dati, la gestione della privacy e la rispondenza alla regolamentezione incluso GDPR","breadcrumb":{"@id":"https:\/\/www.melita.io\/it\/privacy\/#breadcrumb"},"inLanguage":"it-IT","potentialAction":[{"@type":"ReadAction","target":["https:\/\/www.melita.io\/it\/privacy\/"]}]},{"@type":"BreadcrumbList","@id":"https:\/\/www.melita.io\/it\/privacy\/#breadcrumb","itemListElement":[{"@type":"ListItem","position":1,"name":"home","item":"https:\/\/www.melita.io\/it\/"},{"@type":"ListItem","position":2,"name":"Privacy"}]},{"@type":"WebSite","@id":"https:\/\/www.melita.io\/it\/#website","url":"https:\/\/www.melita.io\/it\/","name":"melita.io","description":"La rete di connettivit\u00e0 M2M europea","publisher":{"@id":"https:\/\/www.melita.io\/it\/#organization"},"potentialAction":[{"@type":"SearchAction","target":{"@type":"EntryPoint","urlTemplate":"https:\/\/www.melita.io\/it\/?s={search_term_string}"},"query-input":{"@type":"PropertyValueSpecification","valueRequired":true,"valueName":"search_term_string"}}],"inLanguage":"it-IT"},{"@type":"Organization","@id":"https:\/\/www.melita.io\/it\/#organization","name":"Melita.io","url":"https:\/\/www.melita.io\/it\/","logo":{"@type":"ImageObject","inLanguage":"it-IT","@id":"https:\/\/www.melita.io\/it\/#\/schema\/logo\/image\/","url":"https:\/\/www.melita.io\/wp-content\/uploads\/2020\/11\/melita-io-logo.png","contentUrl":"https:\/\/www.melita.io\/wp-content\/uploads\/2020\/11\/melita-io-logo.png","width":130,"height":50,"caption":"Melita.io"},"image":{"@id":"https:\/\/www.melita.io\/it\/#\/schema\/logo\/image\/"}}]}},"_links":{"self":[{"href":"https:\/\/www.melita.io\/it\/wp-json\/wp\/v2\/pages\/194","targetHints":{"allow":["GET"]}}],"collection":[{"href":"https:\/\/www.melita.io\/it\/wp-json\/wp\/v2\/pages"}],"about":[{"href":"https:\/\/www.melita.io\/it\/wp-json\/wp\/v2\/types\/page"}],"author":[{"embeddable":true,"href":"https:\/\/www.melita.io\/it\/wp-json\/wp\/v2\/users\/1"}],"replies":[{"embeddable":true,"href":"https:\/\/www.melita.io\/it\/wp-json\/wp\/v2\/comments?post=194"}],"version-history":[{"count":0,"href":"https:\/\/www.melita.io\/it\/wp-json\/wp\/v2\/pages\/194\/revisions"}],"wp:attachment":[{"href":"https:\/\/www.melita.io\/it\/wp-json\/wp\/v2\/media?parent=194"}],"curies":[{"name":"wp","href":"https:\/\/api.w.org\/{rel}","templated":true}]}}