{"id":5442,"date":"2023-04-20T16:06:25","date_gmt":"2023-04-20T14:06:25","guid":{"rendered":"https:\/\/www.melita.io\/?page_id=5442"},"modified":"2023-07-19T14:09:06","modified_gmt":"2023-07-19T12:09:06","slug":"chi-siamo","status":"publish","type":"page","link":"https:\/\/www.melita.io\/it\/chi-siamo\/","title":{"rendered":"Chi siamo"},"content":{"rendered":"<div class=\"about-template lang-en\">\r\n\r\n <section class=\"fold-default fold-hero bg-black bg-black-ellipse-gradient\">\r\n\r\n <div class=\"wrapper\">\r\n\r\n <div class=\"fold-details col-xs-12 col-md-7\">\r\n\r\n <h1 class=\"fold-title fg-green\">melita.io \u00e8 IoT<\/h1>\r\n <h2 class=\"fold-title\">melita.io \u00e8 una realt\u00e0 europea, e anche molto di pi\u00f9<\/h2>\r\n\r\n <div class=\"button-wrap\">\r\n <button class=\"button-default blue button-lg\" scroll-from=\"about\">\r\n <span>Scropri di pi\u00f9<\/span>\r\n <\/button>\r\n <\/div>\r\n\r\n <\/div>\r\n\r\n <div class=\"fold-img-wrap col-xs-12 col-md-5 image-container\">\r\n <img decoding=\"async\" class=\"fold-img\" src=\"https:\/\/www.melita.io\/wp-content\/plugins\/melita-iot-custom-pages\/img\/about\/about-page-hero-img.png\">\r\n <\/div>\r\n\r\n <\/div>\r\n\r\n <\/section>\r\n\r\n <section class=\"fold-default bg-black fold-about wrapped-bg\" scroll-to=\"about\">\r\n <div class=\"wrapper center-xs no-padding-bottom no-padding-top\">\r\n <div class=\"fold-bg border-blue\">\r\n <div class=\"fold-details\">\r\n <h2 class=\"fold-title\">Chi siamo<\/h2>\r\n <div class=\"fold-description\">\r\n <p class=\"font-weight-bold\"><b>melita.io<\/b> \u00e8 il brand specializzato in soluzioni IoT di <b>Melita\r\n Limited<\/b>,\r\n supportato\r\n dalla divisione <b>Infrastructure di Goldman Sachs Alternatives<\/b>.\r\n Con oltre 30 anni di esperienza nelle telecomunicazioni, Melita \u00e8 un Operatore\r\n di Rete Mobile (MNO) con licenza, che garantisce connettivit\u00e0 IoT sicura,\r\n affidabile e globale in oltre 185 paesi, grazie a pi\u00f9 di 300 accordi di roaming\r\n attivi.<\/p>\r\n <br><br>\r\n <p>Le nostre SIM M2M intelligenti offrono accesso multi-rete con failover\r\n automatico, assicurando una connessione continua e stabile,\r\n indipendentemente dalla posizione del dispositivo. Adottiamo un approccio\r\n tecnologicamente neutrale, progettando soluzioni su misura per le esigenze\r\n specifiche di ogni settore.<\/p><br>\r\n <p>In Germania e a Malta, costruiamo e gestiamo infrastrutture LoRaWAN\u00ae\r\n proprietarie per progetti IoT a lungo raggio e basso consumo, a supporto di\r\n iniziative in ambito smart city e industriale.<\/p><br>\r\n <p>Attraverso una rete in continua crescita di partner IoT selezionati, forniamo\r\n soluzioni end-to-end complete: dalla connettivit\u00e0 su SIM all\u2019infrastruttura\r\n LoRaWAN, fino alla sua implementazione.<\/p><br>\r\n <p>La nostra infrastruttura centrale, con sede a Malta, garantisce velocit\u00e0 multi-\r\n gigabit ed \u00e8 certificata secondo gli standard ISO\/IEC 27001, ISO 14001 e ISO\r\n 45001, a conferma del nostro impegno per la sicurezza delle informazioni, la\r\n sostenibilit\u00e0 ambientale e la salute e sicurezza sul lavoro.<\/p> <br>\r\n <p>Con sede centrale a Malta e uffici in Germania e Svezia, operiamo a livello internazionale con una\r\n presenza locale anche nei Paesi Bassi e in Spagna.\r\n Siamo membri attivi della GSMA e della LoRa Alliance\u00ae, con un impegno costante verso l\u2019innovazione, la\r\n qualit\u00e0 e l\u2019affidabilit\u00e0 nel mondo IoT.\r\n <\/p>\r\n <\/div>\r\n <\/div>\r\n <\/div>\r\n <\/div>\r\n <\/section>\r\n\r\n <section class=\"fold-sustainability fold-default bg-black wrapped-bg\">\r\n <div class=\"wrapper\">\r\n <div class=\"fold-bg\">\r\n <div class=\"fold-details col-xs-12 text-center\">\r\n <h2 class=\"fold-title text-center\">La sostenibilit\u00e0 al centro delle nostre attivit\u00e0<\/h2>\r\n <div class=\"fold-desc text-center\">\r\n <p>Da Melita ci proponiamo di guidare la nostra societ\u00e0 diversificata verso un futuro digitale, riducendo al\r\n minimo il nostro impatto ambientale. Attraverso melita.io, il nostro marchio IoT, promuoviamo la\r\n sostenibilit\u00e0 ambientale migliorando l'efficienza energetica, ottimizzando l'uso delle risorse e\r\n consentendo il monitoraggio ecologico grazie alle tecnologie IoT, il tutto in linea con il nostro\r\n obiettivo di creare un pianeta pi\u00f9 pulito e pi\u00f9 sano.<\/p>\r\n <\/div>\r\n <h5 class=\"fold-cards-title text-center fg-black\">Valutiamo noi stessi e i nostri progressi tracciando azioni\r\n specifiche in quattro settori<\/h5>\r\n\r\n <\/div>\r\n <div class=\"cards row stretch-xs\">\r\n <div class=\"card-wrap col-xs-12 col-sm-6 col-lg-3\">\r\n <div class=\"card bg-black border-green\">\r\n <div class=\"card-title-wrap row middle-xs\">\r\n <h6 class=\"card-title col-xs padding-0\">Diamo un contributo alla societ\u00e0<\/h6>\r\n <i class=\"card-icon fa-duotone fa-solid fa-leaf green grey fa-xl\"><\/i>\r\n <\/div>\r\n <div class=\"card-desc\">\r\n <p>quindi essere un leader tecnologico per sostenere e consentire il progresso nella nostra societ\u00e0\r\n diversificata<\/p>\r\n <\/div>\r\n <\/div>\r\n <\/div>\r\n <div class=\"card-wrap col-xs-12 col-sm-6 col-lg-3\">\r\n <div class=\"card bg-black border-green\">\r\n <div class=\"card-title-wrap row middle-xs\">\r\n <h6 class=\"card-title col-xs padding-0\">Ci prendiamo cura dei nostri clienti<\/h6>\r\n <i class=\"card-icon fa-duotone fa-solid fa-headset green grey fa-xl\"><\/i>\r\n <\/div>\r\n <div class=\"card-desc\">\r\n <p>quindi avere i clienti pi\u00f9 felici tra i provider di telecomunicazioni a Malta<\/p>\r\n <\/div>\r\n <\/div>\r\n <\/div>\r\n <div class=\"card-wrap col-xs-12 col-sm-6 col-lg-3\">\r\n <div class=\"card bg-black border-green\">\r\n <div class=\"card-title-wrap row middle-xs\">\r\n <h6 class=\"card-title col-xs padding-0\">Ci prendiamo cura dei nostri dipendenti<\/h6>\r\n <i class=\"card-icon fa-duotone fa-solid fa-face-smiling-hands green grey fa-xl\"><\/i>\r\n <\/div>\r\n <div class=\"card-desc\">\r\n <p>quindi migliorare continuamente lo standard di attenzione per i dipendenti, ispirandoci a perseguire\r\n il nostro scopo e i nostri valori<\/p>\r\n <\/div>\r\n <\/div>\r\n <\/div>\r\n <div class=\"card-wrap col-xs-12 col-sm-6 col-lg-3\">\r\n <div class=\"card bg-black border-green\">\r\n <div class=\"card-title-wrap row middle-xs\">\r\n <h6 class=\"card-title col-xs padding-0\">Ci prendiamo cura del nostro pianeta<\/h6>\r\n <i class=\"card-icon fa-duotone fa-solid fa-earth-europe green grey fa-xl\"><\/i>\r\n <\/div>\r\n <div class=\"card-desc\">\r\n <p>quindi ridurre costantemente la nostra impronta ambientale verso il Net Zero per assicurarci che ci\r\n sia un mondo a cui valga la pena di connettersi.<\/p>\r\n <\/div>\r\n <\/div>\r\n <\/div>\r\n <\/div>\r\n <\/div>\r\n <\/div>\r\n <\/section>\r\n\r\n <section class=\"fold-report fold-default bg-black wrapped-bg\">\r\n <div class=\"wrapper\">\r\n <div class=\"fold-bg row middle-xs bg-black border-green\">\r\n <div class=\"fold-details col-xs-12 col-md-6\">\r\n <h4 class=\"fold-title\">Promuovere la sostenibilit\u00e0 e la responsabilit\u00e0 sociale<\/h4>\r\n <div class=\"fold-desc\">\r\n <p>Melita si impegna ad arricchire il futuro digitale investendo in tecnologia e abilitando l'IoT attraverso\r\n melita.io. Grazie a questi interventi, l'azienda migliora l'esperienza digitale dei propri clienti\r\n promuovendo al contempo la sostenibilit\u00e0 e la responsabilit\u00e0 sociale.<\/p>\r\n <\/div>\r\n <div class=\"button-wrap\">\r\n <a class=\"button-default blue\"\r\n href=\"https:\/\/www.melita.com\/wp-content\/plugins\/melita-custom-landing-pages\/img\/esg\/melita-esg-report-2023.pdf\"\r\n target=\"_blank\">\r\n <span>Scarica<\/span>\r\n <\/a>\r\n <\/div>\r\n <\/div>\r\n\r\n <div class=\"current-esg-report col-xs-7 col-sm-8 col-md-4\">\r\n <a class=\"no-styles\"\r\n href=\"https:\/\/www.melita.com\/wp-content\/plugins\/melita-custom-landing-pages\/img\/esg\/melita-esg-report-2023.pdf\"\r\n target=\"_blank\">\r\n <img decoding=\"async\" src=\"https:\/\/www.melita.io\/wp-content\/plugins\/melita-iot-custom-pages\/img\/about\/esg-report-2023.png\" alt=\"\" class=\"fold-img\">\r\n <\/a>\r\n <\/div>\r\n\r\n <div class=\"previous-esg-report col-xs-5 col-sm-4 col-md\">\r\n <a class=\"no-styles\"\r\n href=\"https:\/\/www.melita.com\/wp-content\/plugins\/melita-custom-landing-pages\/img\/esg\/melita-esg-report-2022.pdf\"\r\n target=\"_blank\">\r\n <img decoding=\"async\" src=\"https:\/\/www.melita.io\/wp-content\/plugins\/melita-iot-custom-pages\/img\/about\/esg-report-2022.png\" alt=\"\" class=\"fold-img\">\r\n <\/a>\r\n \r\n <\/div>\r\n\r\n \r\n <\/div>\r\n <\/div>\r\n <\/section>\r\n\r\n <section class=\"fold-shareholders fold-default wrapped-bg\">\r\n <div class=\"wrapper\">\r\n <div class=\"fold-bg bg-white border-black row middle-xs\">\r\n <div class=\"col-xs-12 col-sm-8 col-md-7 fold-details\">\r\n <h3 class=\"about-title\">Melita \u00e8 una societ\u00e0 di Goldman Sachs Alternatives<\/h3>\r\n <div class=\"fold-description\">\r\n <p>Melita \u00e8 sostenuta dalla divisione Infrastructure di Goldman Sachs Alternatives. Fondata nel 2006, la\r\n divisione Infrastructure ha investito 16 miliardi di dollari in oltre 40 societ\u00e0 in portafoglio sin dalla\r\n sua nascita.<\/p>\r\n <br>\r\n <p>Con una solida esperienza nel settore, la divisione vanta un track record consolidato di investimenti in\r\n ambiti infrastrutturali strategici, tra cui transizione energetica, infrastrutture digitali, trasporti e\r\n logistica, ed economia circolare.<\/p>\r\n <br>\r\n <\/div>\r\n <div class=\"button-wrap\">\r\n <a class=\"button-default green\" href=\"https:\/\/www.goldmansachs.com\/homepage\" target=\"_blank\">Per Saperne Di\r\n Pi\u00f9<\/a>\r\n <\/div>\r\n <\/div>\r\n <div class=\"img-wrap col-xs-12 col-sm row center-xs \">\r\n <img decoding=\"async\" class=\"img-border black-scheme\" src=\"https:\/\/www.melita.io\/wp-content\/plugins\/melita-iot-custom-pages\/img\/about\/goldman-sachs.png\"\r\n alt=\"goldman sachs logo\" \/>\r\n <\/div>\r\n <\/div>\r\n <\/div>\r\n <\/section>\r\n\r\n<\/div>\n","protected":false},"excerpt":{"rendered":"","protected":false},"author":1,"featured_media":0,"parent":0,"menu_order":0,"comment_status":"closed","ping_status":"closed","template":"page-full-width.php","meta":{"_acf_changed":false,"footnotes":""},"class_list":["post-5442","page","type-page","status-publish","hentry"],"acf":[],"yoast_head":"\n<title>Chi siamo - melita.io<\/title>\n<meta name=\"description\" content=\"melita.io \u00e8 parte del Gruppo Melita, dedicato esclusivamente alla fornitura di soluzioni di connettivit\u00e0 IoT basate su dispositivi mobili o LoRaWAN\" \/>\n<meta name=\"robots\" content=\"index, follow, max-snippet:-1, max-image-preview:large, max-video-preview:-1\" \/>\n<link rel=\"canonical\" href=\"https:\/\/www.melita.io\/it\/chi-siamo\/\" \/>\n<meta property=\"og:locale\" content=\"it_IT\" \/>\n<meta property=\"og:type\" content=\"article\" \/>\n<meta property=\"og:title\" content=\"Chi siamo - melita.io\" \/>\n<meta property=\"og:description\" content=\"melita.io \u00e8 parte del Gruppo Melita, dedicato esclusivamente alla fornitura di soluzioni di connettivit\u00e0 IoT basate su dispositivi mobili o LoRaWAN\" \/>\n<meta property=\"og:url\" content=\"https:\/\/www.melita.io\/it\/chi-siamo\/\" \/>\n<meta property=\"og:site_name\" content=\"melita.io\" \/>\n<meta property=\"article:modified_time\" content=\"2023-07-19T12:09:06+00:00\" \/>\n<meta property=\"og:image\" content=\"https:\/\/www.melita.io\/wp-content\/uploads\/2025\/07\/melitaio-og-image.png\" \/>\n\t<meta property=\"og:image:width\" content=\"1200\" \/>\n\t<meta property=\"og:image:height\" content=\"630\" \/>\n\t<meta property=\"og:image:type\" content=\"image\/png\" \/>\n<meta name=\"twitter:card\" content=\"summary_large_image\" \/>\n<meta name=\"twitter:label1\" content=\"Tempo di lettura stimato\" \/>\n\t<meta name=\"twitter:data1\" content=\"1 minuto\" \/>\n<script type=\"application\/ld+json\" class=\"yoast-schema-graph\">{\"@context\":\"https:\/\/schema.org\",\"@graph\":[{\"@type\":\"WebPage\",\"@id\":\"https:\/\/www.melita.io\/it\/chi-siamo\/\",\"url\":\"https:\/\/www.melita.io\/it\/chi-siamo\/\",\"name\":\"Chi siamo - melita.io\",\"isPartOf\":{\"@id\":\"https:\/\/www.melita.io\/it\/#website\"},\"datePublished\":\"2023-04-20T14:06:25+00:00\",\"dateModified\":\"2023-07-19T12:09:06+00:00\",\"description\":\"melita.io \u00e8 parte del Gruppo Melita, dedicato esclusivamente alla fornitura di soluzioni di connettivit\u00e0 IoT basate su dispositivi mobili o LoRaWAN\",\"breadcrumb\":{\"@id\":\"https:\/\/www.melita.io\/it\/chi-siamo\/#breadcrumb\"},\"inLanguage\":\"it-IT\",\"potentialAction\":[{\"@type\":\"ReadAction\",\"target\":[\"https:\/\/www.melita.io\/it\/chi-siamo\/\"]}]},{\"@type\":\"BreadcrumbList\",\"@id\":\"https:\/\/www.melita.io\/it\/chi-siamo\/#breadcrumb\",\"itemListElement\":[{\"@type\":\"ListItem\",\"position\":1,\"name\":\"home\",\"item\":\"https:\/\/www.melita.io\/it\/\"},{\"@type\":\"ListItem\",\"position\":2,\"name\":\"Chi siamo\"}]},{\"@type\":\"WebSite\",\"@id\":\"https:\/\/www.melita.io\/it\/#website\",\"url\":\"https:\/\/www.melita.io\/it\/\",\"name\":\"melita.io\",\"description\":\"La rete di connettivit\u00e0 M2M europea\",\"publisher\":{\"@id\":\"https:\/\/www.melita.io\/it\/#organization\"},\"potentialAction\":[{\"@type\":\"SearchAction\",\"target\":{\"@type\":\"EntryPoint\",\"urlTemplate\":\"https:\/\/www.melita.io\/it\/?s={search_term_string}\"},\"query-input\":{\"@type\":\"PropertyValueSpecification\",\"valueRequired\":true,\"valueName\":\"search_term_string\"}}],\"inLanguage\":\"it-IT\"},{\"@type\":\"Organization\",\"@id\":\"https:\/\/www.melita.io\/it\/#organization\",\"name\":\"Melita.io\",\"url\":\"https:\/\/www.melita.io\/it\/\",\"logo\":{\"@type\":\"ImageObject\",\"inLanguage\":\"it-IT\",\"@id\":\"https:\/\/www.melita.io\/it\/#\/schema\/logo\/image\/\",\"url\":\"https:\/\/www.melita.io\/wp-content\/uploads\/2020\/11\/melita-io-logo.png\",\"contentUrl\":\"https:\/\/www.melita.io\/wp-content\/uploads\/2020\/11\/melita-io-logo.png\",\"width\":130,\"height\":50,\"caption\":\"Melita.io\"},\"image\":{\"@id\":\"https:\/\/www.melita.io\/it\/#\/schema\/logo\/image\/\"}}]}<\/script>\n","yoast_head_json":{"title":"Chi siamo - melita.io","description":"melita.io \u00e8 parte del Gruppo Melita, dedicato esclusivamente alla fornitura di soluzioni di connettivit\u00e0 IoT basate su dispositivi mobili o LoRaWAN","robots":{"index":"index","follow":"follow","max-snippet":"max-snippet:-1","max-image-preview":"max-image-preview:large","max-video-preview":"max-video-preview:-1"},"canonical":"https:\/\/www.melita.io\/it\/chi-siamo\/","og_locale":"it_IT","og_type":"article","og_title":"Chi siamo - melita.io","og_description":"melita.io \u00e8 parte del Gruppo Melita, dedicato esclusivamente alla fornitura di soluzioni di connettivit\u00e0 IoT basate su dispositivi mobili o LoRaWAN","og_url":"https:\/\/www.melita.io\/it\/chi-siamo\/","og_site_name":"melita.io","article_modified_time":"2023-07-19T12:09:06+00:00","og_image":[{"width":1200,"height":630,"url":"https:\/\/www.melita.io\/wp-content\/uploads\/2025\/07\/melitaio-og-image.png","type":"image\/png"}],"twitter_card":"summary_large_image","twitter_misc":{"Tempo di lettura stimato":"1 minuto"},"schema":{"@context":"https:\/\/schema.org","@graph":[{"@type":"WebPage","@id":"https:\/\/www.melita.io\/it\/chi-siamo\/","url":"https:\/\/www.melita.io\/it\/chi-siamo\/","name":"Chi siamo - melita.io","isPartOf":{"@id":"https:\/\/www.melita.io\/it\/#website"},"datePublished":"2023-04-20T14:06:25+00:00","dateModified":"2023-07-19T12:09:06+00:00","description":"melita.io \u00e8 parte del Gruppo Melita, dedicato esclusivamente alla fornitura di soluzioni di connettivit\u00e0 IoT basate su dispositivi mobili o LoRaWAN","breadcrumb":{"@id":"https:\/\/www.melita.io\/it\/chi-siamo\/#breadcrumb"},"inLanguage":"it-IT","potentialAction":[{"@type":"ReadAction","target":["https:\/\/www.melita.io\/it\/chi-siamo\/"]}]},{"@type":"BreadcrumbList","@id":"https:\/\/www.melita.io\/it\/chi-siamo\/#breadcrumb","itemListElement":[{"@type":"ListItem","position":1,"name":"home","item":"https:\/\/www.melita.io\/it\/"},{"@type":"ListItem","position":2,"name":"Chi siamo"}]},{"@type":"WebSite","@id":"https:\/\/www.melita.io\/it\/#website","url":"https:\/\/www.melita.io\/it\/","name":"melita.io","description":"La rete di connettivit\u00e0 M2M europea","publisher":{"@id":"https:\/\/www.melita.io\/it\/#organization"},"potentialAction":[{"@type":"SearchAction","target":{"@type":"EntryPoint","urlTemplate":"https:\/\/www.melita.io\/it\/?s={search_term_string}"},"query-input":{"@type":"PropertyValueSpecification","valueRequired":true,"valueName":"search_term_string"}}],"inLanguage":"it-IT"},{"@type":"Organization","@id":"https:\/\/www.melita.io\/it\/#organization","name":"Melita.io","url":"https:\/\/www.melita.io\/it\/","logo":{"@type":"ImageObject","inLanguage":"it-IT","@id":"https:\/\/www.melita.io\/it\/#\/schema\/logo\/image\/","url":"https:\/\/www.melita.io\/wp-content\/uploads\/2020\/11\/melita-io-logo.png","contentUrl":"https:\/\/www.melita.io\/wp-content\/uploads\/2020\/11\/melita-io-logo.png","width":130,"height":50,"caption":"Melita.io"},"image":{"@id":"https:\/\/www.melita.io\/it\/#\/schema\/logo\/image\/"}}]}},"_links":{"self":[{"href":"https:\/\/www.melita.io\/it\/wp-json\/wp\/v2\/pages\/5442","targetHints":{"allow":["GET"]}}],"collection":[{"href":"https:\/\/www.melita.io\/it\/wp-json\/wp\/v2\/pages"}],"about":[{"href":"https:\/\/www.melita.io\/it\/wp-json\/wp\/v2\/types\/page"}],"author":[{"embeddable":true,"href":"https:\/\/www.melita.io\/it\/wp-json\/wp\/v2\/users\/1"}],"replies":[{"embeddable":true,"href":"https:\/\/www.melita.io\/it\/wp-json\/wp\/v2\/comments?post=5442"}],"version-history":[{"count":2,"href":"https:\/\/www.melita.io\/it\/wp-json\/wp\/v2\/pages\/5442\/revisions"}],"predecessor-version":[{"id":5445,"href":"https:\/\/www.melita.io\/it\/wp-json\/wp\/v2\/pages\/5442\/revisions\/5445"}],"wp:attachment":[{"href":"https:\/\/www.melita.io\/it\/wp-json\/wp\/v2\/media?parent=5442"}],"curies":[{"name":"wp","href":"https:\/\/api.w.org\/{rel}","templated":true}]}}